{"id":294,"date":"2014-01-24T11:46:08","date_gmt":"2014-01-24T10:46:08","guid":{"rendered":"http:\/\/localhost\/ALSOLU-WP\/?page_id=294"},"modified":"2018-10-02T08:35:23","modified_gmt":"2018-10-02T07:35:23","slug":"protezione-individuale","status":"publish","type":"page","link":"http:\/\/www.alsolu.com\/it\/prodotti\/protezione-individuale\/","title":{"rendered":"VECTALINE\u00ae Protezione individuale &#8211; Linea vita"},"content":{"rendered":"<div class=\"one-half\">\n<h4><a href=\"http:\/\/www.alsolu.com\/it\/prodotti\/protezione-individuale\/linea-vita-vectaline\/kit-linea-vita-orizzontale\/\"><img loading=\"lazy\" class=\"cadre wp-image-2375 alignnone\" title=\"Kit linea vita orizzontale\" src=\"http:\/\/www.alsolu.com\/it\/wp-content\/uploads\/sites\/4\/2018\/10\/Kit-l\u00ednea-de-vida-horizontal.jpg\" alt=\"\" width=\"500\" height=\"375\" srcset=\"http:\/\/www.alsolu.com\/it\/wp-content\/uploads\/sites\/4\/2018\/10\/Kit-l\u00ednea-de-vida-horizontal.jpg 800w, http:\/\/www.alsolu.com\/it\/wp-content\/uploads\/sites\/4\/2018\/10\/Kit-l\u00ednea-de-vida-horizontal-300x225.jpg 300w, http:\/\/www.alsolu.com\/it\/wp-content\/uploads\/sites\/4\/2018\/10\/Kit-l\u00ednea-de-vida-horizontal-768x576.jpg 768w, http:\/\/www.alsolu.com\/it\/wp-content\/uploads\/sites\/4\/2018\/10\/Kit-l\u00ednea-de-vida-horizontal-760x570.jpg 760w\" sizes=\"(max-width: 500px) 100vw, 500px\" \/><\/a><\/h4>\n<h4 style=\"text-align: center;\"><a href=\"http:\/\/www.alsolu.com\/it\/prodotti\/protezione-individuale\/linea-vita-vectaline\/kit-linea-vita-orizzontale\/\">Kit linea vita orizzontale<\/a><\/h4>\n<\/div>\n<div class=\"one-half column-last\">\n<h4><a href=\"http:\/\/www.alsolu.com\/it\/prodotti\/protezione-individuale\/linea-vita-vectaline\/kit-linea-vita-orizzontale\/\"><img loading=\"lazy\" class=\"cadre wp-image-2378 alignnone\" title=\"Linea vita su lastra di calcestruzzo \/ su struttura metallica\" src=\"http:\/\/www.alsolu.com\/it\/wp-content\/uploads\/sites\/4\/2018\/10\/L\u00ednea-de-vida-con-poste-losa-de-hormig\u00f3nen-estructura-met\u00e1lica-1.jpg\" alt=\"\" width=\"500\" height=\"375\" srcset=\"http:\/\/www.alsolu.com\/it\/wp-content\/uploads\/sites\/4\/2018\/10\/L\u00ednea-de-vida-con-poste-losa-de-hormig\u00f3nen-estructura-met\u00e1lica-1.jpg 800w, http:\/\/www.alsolu.com\/it\/wp-content\/uploads\/sites\/4\/2018\/10\/L\u00ednea-de-vida-con-poste-losa-de-hormig\u00f3nen-estructura-met\u00e1lica-1-300x225.jpg 300w, http:\/\/www.alsolu.com\/it\/wp-content\/uploads\/sites\/4\/2018\/10\/L\u00ednea-de-vida-con-poste-losa-de-hormig\u00f3nen-estructura-met\u00e1lica-1-768x576.jpg 768w, http:\/\/www.alsolu.com\/it\/wp-content\/uploads\/sites\/4\/2018\/10\/L\u00ednea-de-vida-con-poste-losa-de-hormig\u00f3nen-estructura-met\u00e1lica-1-760x570.jpg 760w\" sizes=\"(max-width: 500px) 100vw, 500px\" \/><\/a><\/h4>\n<h4 style=\"text-align: center;\"><a href=\"http:\/\/www.alsolu.com\/it\/prodotti\/protezione-individuale\/linea-vita-vectaline\/linea-vita-su-lastra-di-calcestruzzo-e-su-struttura-metallica\">Linea vita su lastra di calcestruzzo \/ su struttura metallica<\/a><\/h4>\n<\/div><div class=\"clear\"><\/div>\n<div class=\"one-half\">\n<h4><a href=\"http:\/\/www.alsolu.com\/it\/prodotti\/protezione-individuale\/linea-vita-vectaline\/linea-vita-su-lamiera-grecata\/\"><img loading=\"lazy\" class=\"cadre wp-image-2381 alignnone\" title=\"Linea vita su lamiera grecata\" src=\"http:\/\/www.alsolu.com\/it\/wp-content\/uploads\/sites\/4\/2018\/10\/L\u00ednea-de-vida-sobre-chapa-de-acero.jpg\" alt=\"\" width=\"500\" height=\"375\" srcset=\"http:\/\/www.alsolu.com\/it\/wp-content\/uploads\/sites\/4\/2018\/10\/L\u00ednea-de-vida-sobre-chapa-de-acero.jpg 800w, http:\/\/www.alsolu.com\/it\/wp-content\/uploads\/sites\/4\/2018\/10\/L\u00ednea-de-vida-sobre-chapa-de-acero-300x225.jpg 300w, http:\/\/www.alsolu.com\/it\/wp-content\/uploads\/sites\/4\/2018\/10\/L\u00ednea-de-vida-sobre-chapa-de-acero-768x576.jpg 768w, http:\/\/www.alsolu.com\/it\/wp-content\/uploads\/sites\/4\/2018\/10\/L\u00ednea-de-vida-sobre-chapa-de-acero-760x570.jpg 760w\" sizes=\"(max-width: 500px) 100vw, 500px\" \/><\/a><\/h4>\n<h4 style=\"text-align: center;\"><a href=\"http:\/\/www.alsolu.com\/it\/prodotti\/protezione-individuale\/linea-vita-vectaline\/linea-vita-su-lamiera-grecata\/\">Linea vita su lamiera grecata<\/a><\/h4>\n<\/div>\n<div class=\"one-half column-last\">\n<h4><a href=\"http:\/\/www.alsolu.com\/it\/prodotti\/protezione-individuale\/linea-vita-vectaline\/linea-vita-su-lamiera-grecata-da-impermeabilizzare\/\"><img loading=\"lazy\" class=\"cadre wp-image-2380 alignnone\" title=\"Linea vita su lamiera grecata da impermeabilizzare\" src=\"http:\/\/www.alsolu.com\/it\/wp-content\/uploads\/sites\/4\/2018\/10\/L\u00ednea-de-vida-sobre-chapa-a-impermeabilizar.jpg\" alt=\"\" width=\"500\" height=\"375\" srcset=\"http:\/\/www.alsolu.com\/it\/wp-content\/uploads\/sites\/4\/2018\/10\/L\u00ednea-de-vida-sobre-chapa-a-impermeabilizar.jpg 800w, http:\/\/www.alsolu.com\/it\/wp-content\/uploads\/sites\/4\/2018\/10\/L\u00ednea-de-vida-sobre-chapa-a-impermeabilizar-300x225.jpg 300w, http:\/\/www.alsolu.com\/it\/wp-content\/uploads\/sites\/4\/2018\/10\/L\u00ednea-de-vida-sobre-chapa-a-impermeabilizar-768x576.jpg 768w, http:\/\/www.alsolu.com\/it\/wp-content\/uploads\/sites\/4\/2018\/10\/L\u00ednea-de-vida-sobre-chapa-a-impermeabilizar-760x570.jpg 760w\" sizes=\"(max-width: 500px) 100vw, 500px\" \/><\/a><\/h4>\n<h4 style=\"text-align: center;\"><a href=\"http:\/\/www.alsolu.com\/it\/prodotti\/protezione-individuale\/linea-vita-vectaline\/linea-vita-su-lamiera-grecata-da-impermeabilizzare\/\">Linea vita su lamiera grecata da impermeabilizzare<\/a><\/h4>\n<\/div><div class=\"clear\"><\/div>\n<div class=\"one-half\">\n<h4><a href=\"http:\/\/www.alsolu.com\/it\/prodotti\/protezione-individuale\/linea-vita-vectaline\/linea-vita-a-parete\/\"><img loading=\"lazy\" class=\"cadre wp-image-2377 alignnone\" title=\"Linea vita a parete\" src=\"http:\/\/www.alsolu.com\/it\/wp-content\/uploads\/sites\/4\/2018\/10\/L\u00ednea-de-vida-con-fijaci\u00f3n-mural.jpg\" alt=\"\" width=\"500\" height=\"375\" srcset=\"http:\/\/www.alsolu.com\/it\/wp-content\/uploads\/sites\/4\/2018\/10\/L\u00ednea-de-vida-con-fijaci\u00f3n-mural.jpg 800w, http:\/\/www.alsolu.com\/it\/wp-content\/uploads\/sites\/4\/2018\/10\/L\u00ednea-de-vida-con-fijaci\u00f3n-mural-300x225.jpg 300w, http:\/\/www.alsolu.com\/it\/wp-content\/uploads\/sites\/4\/2018\/10\/L\u00ednea-de-vida-con-fijaci\u00f3n-mural-768x576.jpg 768w, http:\/\/www.alsolu.com\/it\/wp-content\/uploads\/sites\/4\/2018\/10\/L\u00ednea-de-vida-con-fijaci\u00f3n-mural-760x570.jpg 760w\" sizes=\"(max-width: 500px) 100vw, 500px\" \/><\/a><\/h4>\n<h4 style=\"text-align: center;\"><a href=\"http:\/\/www.alsolu.com\/it\/prodotti\/protezione-individuale\/linea-vita-vectaline\/linea-vita-a-parete\/\">Linea vita a parete<\/a><\/h4>\n<\/div>\n<div class=\"one-half column-last\">\n<h4><a href=\"http:\/\/www.alsolu.com\/it\/prodotti\/protezione-individuale\/linea-vita-vectaline\/linea-vita-verticale\/:\/\/\"><img loading=\"lazy\" class=\"cadre wp-image-2383 alignnone\" title=\"Linea vita verticale\" src=\"http:\/\/www.alsolu.com\/it\/wp-content\/uploads\/sites\/4\/2018\/10\/L\u00ednea-de-vida-vertical-1.jpg\" alt=\"\" width=\"500\" height=\"375\" srcset=\"http:\/\/www.alsolu.com\/it\/wp-content\/uploads\/sites\/4\/2018\/10\/L\u00ednea-de-vida-vertical-1.jpg 800w, http:\/\/www.alsolu.com\/it\/wp-content\/uploads\/sites\/4\/2018\/10\/L\u00ednea-de-vida-vertical-1-300x225.jpg 300w, http:\/\/www.alsolu.com\/it\/wp-content\/uploads\/sites\/4\/2018\/10\/L\u00ednea-de-vida-vertical-1-768x576.jpg 768w, http:\/\/www.alsolu.com\/it\/wp-content\/uploads\/sites\/4\/2018\/10\/L\u00ednea-de-vida-vertical-1-760x570.jpg 760w\" sizes=\"(max-width: 500px) 100vw, 500px\" \/><\/a><\/h4>\n<h4 style=\"text-align: center;\"><a href=\"http:\/\/www.alsolu.com\/it\/prodotti\/protezione-individuale\/linea-vita-vectaline\/linea-vita-verticale\/\">Linea vita verticale<\/a><\/h4>\n<\/div><div class=\"clear\"><\/div>\n<p>&nbsp;<\/p>\n","protected":false},"excerpt":{"rendered":"<p>&nbsp;<\/p>\n","protected":false},"author":1,"featured_media":0,"parent":6,"menu_order":0,"comment_status":"closed","ping_status":"open","template":"template-full-width.php","meta":[],"_links":{"self":[{"href":"http:\/\/www.alsolu.com\/it\/wp-json\/wp\/v2\/pages\/294"}],"collection":[{"href":"http:\/\/www.alsolu.com\/it\/wp-json\/wp\/v2\/pages"}],"about":[{"href":"http:\/\/www.alsolu.com\/it\/wp-json\/wp\/v2\/types\/page"}],"author":[{"embeddable":true,"href":"http:\/\/www.alsolu.com\/it\/wp-json\/wp\/v2\/users\/1"}],"replies":[{"embeddable":true,"href":"http:\/\/www.alsolu.com\/it\/wp-json\/wp\/v2\/comments?post=294"}],"version-history":[{"count":13,"href":"http:\/\/www.alsolu.com\/it\/wp-json\/wp\/v2\/pages\/294\/revisions"}],"predecessor-version":[{"id":2390,"href":"http:\/\/www.alsolu.com\/it\/wp-json\/wp\/v2\/pages\/294\/revisions\/2390"}],"up":[{"embeddable":true,"href":"http:\/\/www.alsolu.com\/it\/wp-json\/wp\/v2\/pages\/6"}],"wp:attachment":[{"href":"http:\/\/www.alsolu.com\/it\/wp-json\/wp\/v2\/media?parent=294"}],"curies":[{"name":"wp","href":"https:\/\/api.w.org\/{rel}","templated":true}]}}