{"id":2206,"date":"2014-03-14T11:08:19","date_gmt":"2014-03-14T10:08:19","guid":{"rendered":"http:\/\/www.alsolu.com\/it\/?page_id=2206"},"modified":"2014-03-14T11:14:13","modified_gmt":"2014-03-14T10:14:13","slug":"regolamenti","status":"publish","type":"page","link":"http:\/\/www.alsolu.com\/it\/regolamenti\/","title":{"rendered":"Regolamenti"},"content":{"rendered":"<div class=\"filter-portfolio clearfix\">\n<ul class=\"clearfix\" id=\"filters\">\n<li><a href=\"#chi\"><span>Chi \u00e8 interessato ?<\/span><\/a><\/li>\n<li><a href=\"#regole\"><span>Regole<\/span><\/a><\/li>\n<li><a href=\"#responsabile\"><span>Responsabile <\/span><\/a><\/li>\n<li><a href=\"#sanzioni\"><span>Sanzioni<\/span><\/a><\/li>\n<li><a href=\"#equipment\"><span>Equipment<\/span><\/a><\/li>\n<\/ul>\n<\/div>\n<p>\u00ab In Francia, cadute dall&#8217;alto sono la seconda causa di morte nei luoghi di lavoro e la terza principale causa di invalidit\u00e0 permanente e interruzioni del lavoro.<br \/>\nAl solo settore edile, lavori in altezza \u00e8 la principale causa di incidenti. Nel 2009, cadute da altezze sono stati la causa diretta della morte di 49 dipendenti (il 35% degli incidenti mortali in costruzione o 1 decesso ogni settimana) \u00bb<\/p>\n<p><span style=\"text-decoration: underline;\"><strong>L&#8217;origine delle cadute dall&#8217;alto in edilizia :<\/strong><\/span><\/p>\n<ul class=\"gray-link\">\n<li>lavorare su un ponteggio su una piattaforma, senza guardrail o senza cintura di sicurezza collegato correttamente,<\/li>\n<li>lavorare su tetti fragili, scale tenute male, mal collocato e \/ o sciolti,<\/li>\n<li>cadute da scale quando viene utilizzato come postazione di lavoro 2.<\/li>\n<\/ul>\n<p><a name=\"chi\"><\/a><\/p>\n<h1>Chi \u00e8 interessato ?<\/h1>\n<p>Cadute dall&#8217;alto pu\u00f2 verificarsi da tetti, terrazze di edifici, mezzi di accesso alle zone alte (scala, porte, ecc) o tralicci.<\/p>\n<div dir=\"ltr\"><span style=\"text-decoration: underline;\"><strong> Tutte le 3 scuole sono preoccupati :<\/strong><\/span><\/div>\n<ul class=\"gray-link\">\n<li>industriale commerciale o agricola e le loro dipendenze,<\/li>\n<li>uffici pubblici o ministeriali,<\/li>\n<li>professioni,<\/li>\n<li>societ\u00e0 civili,<\/li>\n<li>sindacati,<\/li>\n<li>associazioni e gruppi di qualsiasi natura,<\/li>\n<li>pubblico industriale e commerciale,<\/li>\n<li>enti pubblici determinati con decreto, allo stesso tempo forniscono un servizio pubblico amministrativo, industriale e commerciale,<\/li>\n<li>workshop istituzioni pubbliche di istruzione tecnica e professionale.<\/li>\n<\/ul>\n<p><a name=\"regole\"><\/a><\/p>\n<h1>Quali sono le regole ?<\/h1>\n<p>Prevenzione dei rischi derivanti dal lavoro in quota \u00e8 originariamente trattati nel Codice del lavoro e decreto n 65-48 dell&#8217;8 gennaio 1965.<\/p>\n<ul class=\"gray-link\">\n<li>Compreso il Codice del Lavoro definisce i dispositivi che richiedono il preside presso la struttura dei luoghi , ma anche le disposizioni applicabili al cliente compresi quelli di cui all&#8217;articolo R.235 -3 -20 e in particolare dell&#8217;articolo R.235 -5 crea l&#8217;obbligo di fornire una manutenzione record di posti di lavoro .<\/li>\n<li>Decreto n \u00b0 65-48 dell&#8217;8 gennaio 1965, misure speciali per la protezione e la sicurezza applicabile alle istituzioni il cui personale svolge lavori di costruzione , opere pubbliche e altri lavori sugli edifici , offre nel frattempo una serie di raccomandazioni per lottare contro il rischio di cadute dall&#8217;alto .<\/li>\n<li>Decreto n \u00b0 2004-924 del 1 \u00b0 settembre 2004, che modifica il codice del lavoro , induce un nuovo quadro normativo . Esso recepisce la direttiva 2001\/45\/CE del 27 giugno 2011 ed \u00e8 l&#8217;occasione per rivedere e modernizzare il decreto n \u00b0 65-48 del 8 gennaio 1965 . Cos\u00ec i due principali cambiamenti cui al presente decreto sono :<\/li>\n<li>l&#8217;istituzione di protezione contro le cadute dall&#8217;alto qualunque sia l&#8217;altezza e non da 3 m , come riportato nel decreto n \u00b0 65-48 dell&#8217;8 gennaio 1965.<\/li>\n<li>implementazione dei dispositivi contro le cadute dall&#8217;alto a tutti i settori di attivit\u00e0 contemplati dal Codice del lavoro e non solo per l&#8217;edilizia .<\/li>\n<\/ul>\n<p>In sintesi, esso modifica e aggiorna il 1965 decreto ricordando gli obblighi dei principali appaltatori e committenti personale di sicurezza e persone intervenienti.<br \/>\nAi sensi dell&#8217;articolo L 230.2 del Codice del lavoro, l&#8217;imprenditore o il proprietario dovrebbe concentrarsi su misure di protezione collettiva dando loro la priorit\u00e0 rispetto alle misure di protezione individuale. Questo requisito \u00e8 specificato nel decreto del 1 settembre 2004: &#8220;Prevenzione delle cadute da altezza \u00e8 garantita principalmente da guard-rail o integrati in modo sicuro fisso, rigido e di resistenza adeguata.&#8221;<\/p>\n<p><a name=\"responsabile\"><\/a><\/p>\n<h1>Chi \u00e8 responsabile ?<\/h1>\n<p>Dalla progettazione di un libro per un obbligo generale di organizzazione e coordinamento della prevenzione si applica a client e tutte le parti interessate: project manager, coordinatori, imprese, compresi lavoratori autonomi e sotto i fornitori.<\/p>\n<p><span style=\"text-decoration: underline;\"><strong>Obblighi del dirigente scolastico :<br \/>\n<\/strong><\/span><br \/>\nIl preside \u00e8 responsabile per la sicurezza e la salute dei lavoratori ha molti obblighi di protezione contro le cadute dall&#8217;alto. Questi obblighi sono definiti all&#8217;articolo L.4121-2 del codice del lavoro, che sono elencati di seguito<\/p>\n<ul class=\"gray-link\">\n<li>evitare i rischi,<\/li>\n<li><span class=\"short_text\" id=\"result_box\" lang=\"en\"><span class=\"hps\">valutare i rischi che non possono essere evitati, <\/span><\/span><\/li>\n<li>combattere i rischi alla fonte<\/li>\n<li>adeguare il lavoro all&#8217;uomo, in particolare per quanto riguarda la progettazione di posti di lavoro e la scelta delle attrezzature e metodi di lavoro e produzione, lavoro particolare per limitare il lavoro monotono e ritmo di lavoro e ridurre i loro effetti sulla salute,<\/li>\n<li>indipendentemente dallo stato di avanzamento della tecnica,<\/li>\n<li>sostituire ci\u00f2 che \u00e8 pericoloso con ci\u00f2 che non \u00e8 pericoloso o \u00e8 meno pericoloso,<\/li>\n<li>pianificazione della prevenzione integrando, in un insieme coerente, tecnologia,<\/li>\n<li>organizzazione del lavoro, le condizioni di lavoro, le relazioni sociali e l&#8217;influenza dei fattori ambientali, compresi i rischi legati al bullismo e le molestie sessuali, come definiti dagli articoli L. 1152-1 e L. 1.153 -1,<\/li>\n<li>adottare misure di protezione collettiva dando loro la priorit\u00e0 rispetto alle misure di protezione individuale,<\/li>\n<li>Impartire adeguate istruzioni ai lavoratori.<\/li>\n<\/ul>\n<p><span style=\"text-decoration: underline;\"><strong>Obblighi del titolare<\/strong><\/span><\/p>\n<p>Il cliente \u00e8 responsabile della sicurezza di edifici, prima, durante e dopo la sua costruzione.<\/p>\n<p>Legge 93-1418 del 31 dicembre 1993 definisce ulteriormente gli obblighi del cliente, tra cui l&#8217;obbligo di rispettare i principi generali di prevenzione fin dalla progettazione dell&#8217;edificio.<br \/>\nIl client deve essere &#8220;l'(DIUO) successivo file di risposta sul libro&#8221;, quest&#8217;ultima \u00e8 definita all&#8217;articolo R.238 -37 del codice del lavoro. Questa cartella consente di raccogliere tutti i dati per facilitare la prevenzione dei rischi di caduta da un&#8217;altezza durante le operazioni e la manutenzione. Per gli edifici destinati a ospitare file di manutenzione sul luogo di lavoro ai sensi dell&#8217;articolo R.235 -5 \u00e8 integrato DIUO quando \u00e8 necessario.<br \/>\nDeve inoltre nominare un coordinatore per la sicurezza e la tutela della salute (SPS) quando il sito coinvolge pi\u00f9 di una societ\u00e0 ancor prima della fase di sviluppo del progetto.<\/p>\n<p><a name=\"sanzioni\"><\/a><\/p>\n<h1>Quali sanzioni?<\/h1>\n<p><strong>La responsabilit\u00e0 penale per tutti<br \/>\n<\/strong><br \/>\nIl diritto penale prevede sanzioni globali in caso di:<\/p>\n<ul class=\"gray-link\">\n<li>deliberatamente mettendo in pericolo la persona di un&#8217;altra,<\/li>\n<li>mancanza di imprudenza, negligenza o violazione del dovere di diligenza o di sicurezza previsti dalla legge o regolamento.<\/li>\n<\/ul>\n<p>Alcuni esempi di sanzioni: o di sicurezza previsti dalla legge o regolamento:<\/p>\n<ul class=\"gray-link\">\n<li>causare ad altri inabile al lavoro per pi\u00f9 di tre mesi pu\u00f2 essere punito con due anni di reclusione e una multa 30.000 \u20ac (articolo 222-19) causare la morte di un altro (omicidio colposo) pu\u00f2 essere punito con tre anni di carcere e una multa 45.000 \u20ac. 4<\/li>\n<\/ul>\n<p><span style=\"text-decoration: underline;\"><strong>Il diritto di recesso e di allarme dipendente<\/strong><\/span><\/p>\n<p>Avviso destro e recesso esiste per il beneficio del dipendente che ha ragionevole motivo di ritenere che la situazione in cui \u00e8 presente un grave e imminente pericolo per la vita o la salute (legge n \u00b0 82-1097 del 23\/12\/82 inserito nel Codice del Lavoro in articoli L.4131-1 e segg.)<br \/>\nIl datore di lavoro o il cliente pu\u00f2 chiedere al lavoratore di tornare a lavorare all&#8217;interno di una situazione di lavoro che rimane un pericolo grave e imminente (articolo L 4131-1 secondo al. Codice del lavoro) e non pu\u00f2 punire. 5<\/p>\n<p><span style=\"text-decoration: underline;\"><strong>L&#8217;ingiunzione<br \/>\n<\/strong><\/span>According to case law, a business is not complying with the hygiene measures and security provided by the Labour Code may be forced to take the necessary measures to restore normal health and safety<\/p>\n<p><span style=\"text-decoration: underline;\"><strong>Fermare la costruzione<\/strong><\/span><br \/>\nIn case of absence or failure to implement safeguards against falls from a height, a site may be partially or completely stopped by the labor inspector (Article L.4731-1). 6<\/p>\n<p><span style=\"text-decoration: underline;\"><strong>Colpa imperdonabile<\/strong><\/span><br \/>\nIl concetto di colpa grave \u00e8 stata definita dai giudici in una sentenza del 16 luglio 1941: &#8220;Errore imperdonabile, un difetto di eccezionale gravit\u00e0 derivante da un atto o dolo di coscienza del pericolo era di avere il suo autore, l&#8217;assenza di significative provocare ma avendo nessun elemento di intenti. 7 &#8220;Cos\u00ec il cliente o datore di lavoro possono essere sanzionati se il concetto di colpa grave viene mantenuto (ad esempio, se l&#8217;attuazione di protezione collettiva non \u00e8 stato fatto mentre era tecnicamente possibile fare).<\/p>\n<p><a name=\"equipment\"><\/a><\/p>\n<h1>Che attrezzatura installata<\/h1>\n<p>Come indicato nel codice del lavoro e il decreto del 1 \u00b0 settembre 2004, la protezione collettiva dovrebbe essere preferito alla protezione personale.<br \/>\nE &#8216;obbligatorio per implementare funzionalit\u00e0 di sicurezza di tali ringhiere sicure e durevoli, essi devono soddisfare la norma francese NF E85-015 o EN ISO 14122-3 europea.<br \/>\nRicorda la norma:<\/p>\n<ul class=\"gray-link\">\n<li>ringhiera deve essere installato il pi\u00f9 presto possibile \u00e8 altezza di caduta superiore a 500 mm,<\/li>\n<li>l&#8217; altezza della barra della ringhiera deve essere compresa tra 1000 e 1100 mm dalla superficie di rotolamento ,<\/li>\n<li>lo spazio libero tra il braccio e la guida inferiore , e tra la guida inferiore e la base deve essere minore o uguale a 500 mm..<\/li>\n<li>un&#8217;altezza zoccolo di almeno 100 mm \u00e8 installata max 10 mm livello di deambulazione e il bordo della piattaforma ,<\/li>\n<li>dovrebbe essere la distanza tra gli assi dei valori \u00e8 limitata a 1500 mm max ,<\/li>\n<li>se il raggio viene interrotto , lo spazio libero tra due segmenti di binari deve essere compresa tra 75 mm e 120 mm. Se vi \u00e8 una maggiore apertura , una porta per garantire la continuit\u00e0 del movimento anti \u00ac caduta sicurezza guardrail deve essere stabilito<\/li>\n<li>se lo stabilimento di protezione permanente non pu\u00f2 essere fatto per ragioni tecniche , protezione temporanea pu\u00f2 essere utilizzato , se non possono essere implementati per le stesse ragioni , \u00e8 allora necessario prevedere dispositivi di protezione individuale . Di seguito \u00e8 riportato uno schema riassuntivo della scelta del tipo di protezione .<\/li>\n<\/ul>\n<p style=\"text-align: center;\"><a title=\"Parapetto dimension\" href=\"http:\/\/www.alsolu.com\/it\/wp-content\/uploads\/2014\/01\/dimensions-garde-corps-vectaco.png\" rel=\"prettyPhoto\"><img loading=\"lazy\" class=\"size-full wp-image-1038 aligncenter\" title=\"Parapetto dimension\" alt=\"Parapetto dimension\" src=\"http:\/\/www.alsolu.com\/it\/wp-content\/uploads\/2014\/01\/dimensions-garde-corps-vectaco.png\" width=\"482\" height=\"123\" \/><\/a><\/p>\n<h1>Or set up equipment ?<\/h1>\n<p>Dispositivi di protezione contro le cadute dall&#8217;alto ovviamente deve essere installato quando un rischio di caduta \u00e8 possibile.<br \/>\nDecreto del settembre 2004 si concentra sulle terrazze intorno agli edifici. Tuttavia, non dimenticare le volte esistenti o aperture come lucernari. Infatti, queste aperture sono un rischio reale di cadere e sono soggetti agli stessi principi generali di prevenzione.<\/p>\n","protected":false},"excerpt":{"rendered":"<p>Chi \u00e8 interessato ? Regole Responsabile Sanzioni Equipment \u00ab In Francia, cadute dall&#8217;alto sono la seconda causa di morte nei luoghi di lavoro e la terza principale causa di invalidit\u00e0 [&hellip;]<\/p>\n","protected":false},"author":1,"featured_media":0,"parent":0,"menu_order":0,"comment_status":"closed","ping_status":"open","template":"template-full-width.php","meta":[],"_links":{"self":[{"href":"http:\/\/www.alsolu.com\/it\/wp-json\/wp\/v2\/pages\/2206"}],"collection":[{"href":"http:\/\/www.alsolu.com\/it\/wp-json\/wp\/v2\/pages"}],"about":[{"href":"http:\/\/www.alsolu.com\/it\/wp-json\/wp\/v2\/types\/page"}],"author":[{"embeddable":true,"href":"http:\/\/www.alsolu.com\/it\/wp-json\/wp\/v2\/users\/1"}],"replies":[{"embeddable":true,"href":"http:\/\/www.alsolu.com\/it\/wp-json\/wp\/v2\/comments?post=2206"}],"version-history":[{"count":4,"href":"http:\/\/www.alsolu.com\/it\/wp-json\/wp\/v2\/pages\/2206\/revisions"}],"predecessor-version":[{"id":2210,"href":"http:\/\/www.alsolu.com\/it\/wp-json\/wp\/v2\/pages\/2206\/revisions\/2210"}],"wp:attachment":[{"href":"http:\/\/www.alsolu.com\/it\/wp-json\/wp\/v2\/media?parent=2206"}],"curies":[{"name":"wp","href":"https:\/\/api.w.org\/{rel}","templated":true}]}}