{"id":2,"date":"2014-01-23T08:13:54","date_gmt":"2014-01-23T08:13:54","guid":{"rendered":"http:\/\/localhost\/ALSOLU-WP\/?page_id=2"},"modified":"2014-02-13T14:20:03","modified_gmt":"2014-02-13T13:20:03","slug":"presentazione","status":"publish","type":"page","link":"http:\/\/www.alsolu.com\/it\/presentazione\/","title":{"rendered":"Presentazione"},"content":{"rendered":"<h1>ALSOLU<\/h1>\n<p>L&#8217;azienda ALSOLU \u00e8 stata fondata nel 2010 a Saint-Etienne in Rh\u00f4ne Alpes. Il cuore della sua attivit\u00e0 \u00e8 centrata sul suo dipartimento di ricerca con la ricerca e lo sviluppo di prodotti (ancoraggi, parapetti, scale, passerelle, linee di vita e altri prodotti per l&#8217;edilizia). Il sito di Saint-Etienne raccoglie il dipartimento di ricerca, il servizio amministrativo, commerciale, logistico e di produzione (saldatura dell&#8217;alluminio e particolari).<\/p>\n<h1>Sito logistico lavoro di alluminio<\/h1>\n<p><strong><\/strong>AGUERRI creata nel 1966, \u00e8 il nostro partner responsabile di una parte delle produzioni di ALSOLU. E&#8217; una fabbrica di pi\u00f9 di 4000 m \u00b2 dedicati al lavoro di alluminio e di una macchinaria a controllo digitale.<br \/>\nOgni anno, si trasforma molto di pi\u00f9 di 500 tonnellate di alluminio.<\/p>\n<p><strong>ALSOLU &amp; AGUERRI si impegnano nella qualit\u00e0 dei loro prodotti.<\/strong><\/p>\n<p style=\"text-align: left;\"><img loading=\"lazy\" class=\"alignright size-full wp-image-72\" title=\"Desk Veritas Alsolu Aguerri\" alt=\"Desk Veritas Alsolu Aguerri\" src=\"http:\/\/www.alsolu.com\/it\/wp-content\/uploads\/2014\/01\/bureau-veritas-alsolu-aguerri.jpg\" width=\"144\" height=\"78\" \/>AGUERRI \u00e8 certificato ISO 9001: 2008 (numero di certificazione: ES026718). Questa certificazione permette di essere performante in la tracciabilit\u00e0 e la qualit\u00e0 dei nostri prodotti, seguire le prescrizioni legali applicabili e di migliorare la soddisfazione dei nostri clienti.<\/p>\n<h3 class=\"section-title\" style=\"margin:30px 0 21px 0;\"><span>Uffici<\/span><\/h3>\n<div class=\"one-third\">\n<p><a title=\"Sito di aguerri produzione\" href=\"http:\/\/www.alsolu.com\/it\/wp-content\/uploads\/sites\/2\/2014\/01\/site-f-production-aguerri.jpg\" rel=\"prettyPhoto\"><img loading=\"lazy\" class=\"alignnone size-3-cols wp-image-1475 cadre\" title=\"Sito di aguerri produzione\" alt=\"Sito di aguerri produzione\" src=\"http:\/\/www.alsolu.com\/it\/wp-content\/uploads\/sites\/2\/2014\/01\/site-f-production-aguerri-295x219.jpg\" width=\"295\" height=\"219\" srcset=\"http:\/\/www.alsolu.com\/it\/wp-content\/uploads\/sites\/4\/2014\/01\/site-f-production-aguerri-295x219.jpg 295w, http:\/\/www.alsolu.com\/it\/wp-content\/uploads\/sites\/4\/2014\/01\/site-f-production-aguerri-420x312.jpg 420w\" sizes=\"(max-width: 295px) 100vw, 295px\" \/><\/a><\/p>\n<\/div>\n<div class=\"one-third\">\n<p><a title=\"Uffici\" href=\"http:\/\/www.alsolu.com\/it\/wp-content\/uploads\/sites\/2\/2014\/01\/office.jpg\" rel=\"prettyPhoto\"><img loading=\"lazy\" class=\"alignnone size-3-cols wp-image-1471 cadre\" title=\"Uffici\" alt=\"Uffici\" src=\"http:\/\/www.alsolu.com\/it\/wp-content\/uploads\/sites\/2\/2014\/01\/office-295x219.jpg\" width=\"295\" height=\"219\" srcset=\"http:\/\/www.alsolu.com\/it\/wp-content\/uploads\/sites\/4\/2014\/01\/office-295x219.jpg 295w, http:\/\/www.alsolu.com\/it\/wp-content\/uploads\/sites\/4\/2014\/01\/office-420x312.jpg 420w\" sizes=\"(max-width: 295px) 100vw, 295px\" \/><\/a><\/p>\n<\/div>\n<div class=\"one-third column-last\">\n<p><a title=\"Produzione ufficio\" href=\"http:\/\/www.alsolu.com\/it\/wp-content\/uploads\/sites\/2\/2014\/01\/office-production.jpg\" rel=\"prettyPhoto\"><img loading=\"lazy\" class=\"alignnone  wp-image-1472 cadre\" title=\"Produzione ufficio\" alt=\"Produzione ufficio\" src=\"http:\/\/www.alsolu.com\/it\/wp-content\/uploads\/sites\/2\/2014\/01\/office-production-295x219.jpg\" width=\"295\" height=\"219\" srcset=\"http:\/\/www.alsolu.com\/it\/wp-content\/uploads\/sites\/4\/2014\/01\/office-production-295x219.jpg 295w, http:\/\/www.alsolu.com\/it\/wp-content\/uploads\/sites\/4\/2014\/01\/office-production-420x312.jpg 420w\" sizes=\"(max-width: 295px) 100vw, 295px\" \/><\/a><\/p>\n<\/div><div class=\"clear\"><\/div>\n<h3 class=\"section-title\" style=\"margin:30px 0 21px 0;\"><span>Lavorare con l&#8217;alluminio<\/span><\/h3>\n<div class=\"one-third\">\n<p><a title=\" Alluminio scala di produzione\" href=\"http:\/\/www.alsolu.com\/it\/wp-content\/uploads\/sites\/2\/2014\/01\/production-ladder-aluminium.jpg\" rel=\"prettyPhoto\"><img loading=\"lazy\" class=\"alignnone size-3-cols wp-image-1473 cadre\" title=\" Alluminio scala di produzione\" alt=\" Alluminio scala di produzione\" src=\"http:\/\/www.alsolu.com\/it\/wp-content\/uploads\/sites\/2\/2014\/01\/production-ladder-aluminium-295x219.jpg\" width=\"295\" height=\"219\" srcset=\"http:\/\/www.alsolu.com\/it\/wp-content\/uploads\/sites\/4\/2014\/01\/production-ladder-aluminium-295x219.jpg 295w, http:\/\/www.alsolu.com\/it\/wp-content\/uploads\/sites\/4\/2014\/01\/production-ladder-aluminium-420x312.jpg 420w\" sizes=\"(max-width: 295px) 100vw, 295px\" \/><\/a><\/p>\n<\/div>\n<div class=\"one-third\">\n<p><a title=\"Produzione Scaletta\" href=\"http:\/\/www.alsolu.com\/it\/wp-content\/uploads\/sites\/2\/2014\/01\/ladder-production.jpg\" rel=\"prettyPhoto\"><img loading=\"lazy\" class=\"alignnone  wp-image-1470 cadre\" title=\"Produzione Scaletta\" alt=\"Produzione Scaletta\" src=\"http:\/\/www.alsolu.com\/it\/wp-content\/uploads\/sites\/2\/2014\/01\/ladder-production-295x219.jpg\" width=\"295\" height=\"219\" srcset=\"http:\/\/www.alsolu.com\/it\/wp-content\/uploads\/sites\/4\/2014\/01\/ladder-production-295x219.jpg 295w, http:\/\/www.alsolu.com\/it\/wp-content\/uploads\/sites\/4\/2014\/01\/ladder-production-420x312.jpg 420w\" sizes=\"(max-width: 295px) 100vw, 295px\" \/><\/a><\/p>\n<\/div>\n<div class=\"one-third column-last\">\n<p><a title=\"Scaletta ascensore\" href=\"http:\/\/www.alsolu.com\/it\/wp-content\/uploads\/sites\/2\/2014\/01\/ladder-elevator.jpg\" rel=\"prettyPhoto\"><img loading=\"lazy\" class=\"alignnone size-3-cols wp-image-1468 cadre\" title=\"Scaletta ascensore\" alt=\"Scaletta ascensore\" src=\"http:\/\/www.alsolu.com\/it\/wp-content\/uploads\/sites\/2\/2014\/01\/ladder-elevator-295x219.jpg\" width=\"295\" height=\"219\" srcset=\"http:\/\/www.alsolu.com\/it\/wp-content\/uploads\/sites\/4\/2014\/01\/ladder-elevator-295x219.jpg 295w, http:\/\/www.alsolu.com\/it\/wp-content\/uploads\/sites\/4\/2014\/01\/ladder-elevator-420x312.jpg 420w\" sizes=\"(max-width: 295px) 100vw, 295px\" \/><\/a><\/p>\n<\/div><div class=\"clear\"><\/div>\n<h3 class=\"section-title\" style=\"margin:30px 0 21px 0;\"><span>Logistica e packaging<\/span><\/h3>\n<div class=\"one-third\">\n<p><a title=\"Alluminio scaletta Stoccaggio\" href=\"http:\/\/www.alsolu.com\/it\/wp-content\/uploads\/sites\/2\/2014\/01\/stockage-ladder-aluminium.jpg\" rel=\"prettyPhoto\"><img loading=\"lazy\" class=\"alignnone size-3-cols wp-image-1476 cadre\" title=\"Alluminio scaletta Stoccaggio\" alt=\"Alluminio scaletta Stoccaggio\" src=\"http:\/\/www.alsolu.com\/it\/wp-content\/uploads\/sites\/2\/2014\/01\/stockage-ladder-aluminium-295x219.jpg\" width=\"295\" height=\"219\" srcset=\"http:\/\/www.alsolu.com\/it\/wp-content\/uploads\/sites\/4\/2014\/01\/stockage-ladder-aluminium-295x219.jpg 295w, http:\/\/www.alsolu.com\/it\/wp-content\/uploads\/sites\/4\/2014\/01\/stockage-ladder-aluminium-420x312.jpg 420w\" sizes=\"(max-width: 295px) 100vw, 295px\" \/><\/a><\/p>\n<\/div>\n<div class=\"one-third\">\n<p><a title=\"Profilo in alluminio Scala\" href=\"http:\/\/www.alsolu.com\/it\/wp-content\/uploads\/sites\/2\/2014\/01\/ladder-aluminium-profile.jpg\" rel=\"prettyPhoto\"><img loading=\"lazy\" class=\"alignnone  wp-image-1467 cadre\" title=\"Profilo in alluminio Scala\" alt=\"Profilo in alluminio Scala\" src=\"http:\/\/www.alsolu.com\/it\/wp-content\/uploads\/sites\/2\/2014\/01\/ladder-aluminium-profile-295x219.jpg\" width=\"295\" height=\"219\" srcset=\"http:\/\/www.alsolu.com\/it\/wp-content\/uploads\/sites\/4\/2014\/01\/ladder-aluminium-profile-295x219.jpg 295w, http:\/\/www.alsolu.com\/it\/wp-content\/uploads\/sites\/4\/2014\/01\/ladder-aluminium-profile-420x312.jpg 420w\" sizes=\"(max-width: 295px) 100vw, 295px\" \/><\/a><\/p>\n<\/div>\n<div class=\"one-third column-last\">\n<p><a title=\"Ladder packaging\" href=\"http:\/\/www.alsolu.com\/it\/wp-content\/uploads\/sites\/2\/2014\/01\/ladder-packaging.jpg\" rel=\"prettyPhoto\"><img loading=\"lazy\" class=\"alignnone size-3-cols wp-image-1469 cadre\" title=\"Imballaggi Scaletta\" alt=\"Imballaggi Scaletta\" src=\"http:\/\/www.alsolu.com\/it\/wp-content\/uploads\/sites\/2\/2014\/01\/ladder-packaging-295x219.jpg\" width=\"295\" height=\"219\" srcset=\"http:\/\/www.alsolu.com\/it\/wp-content\/uploads\/sites\/4\/2014\/01\/ladder-packaging-295x219.jpg 295w, http:\/\/www.alsolu.com\/it\/wp-content\/uploads\/sites\/4\/2014\/01\/ladder-packaging-420x312.jpg 420w\" sizes=\"(max-width: 295px) 100vw, 295px\" \/><\/a><\/p>\n<\/div><div class=\"clear\"><\/div>\n<h1>I nostri partner<\/h1>\n<p><strong><\/strong>Abbiamo selezionato una rete di partner produttivi specializzati nella caldaia, estrusione, fonderia, verniciatura a polvere e vetro di lavoro. Tutti i prodotti sono fabbricati in conformit\u00e0 con standard di qualit\u00e0 ISO 9001.<\/p>\n<div class=\"one-third\">\n<p><a title=\"Saldatura\" href=\"http:\/\/www.alsolu.com\/it\/wp-content\/uploads\/sites\/2\/2014\/01\/welding.jpg\" rel=\"prettyPhoto\"><img loading=\"lazy\" class=\"alignnone size-3-cols wp-image-1478 cadre\" title=\"Saldatura\" alt=\"Saldatura\" src=\"http:\/\/www.alsolu.com\/it\/wp-content\/uploads\/sites\/2\/2014\/01\/welding-295x219.jpg\" width=\"295\" height=\"219\" srcset=\"http:\/\/www.alsolu.com\/it\/wp-content\/uploads\/sites\/4\/2014\/01\/welding-295x219.jpg 295w, http:\/\/www.alsolu.com\/it\/wp-content\/uploads\/sites\/4\/2014\/01\/welding-420x312.jpg 420w\" sizes=\"(max-width: 295px) 100vw, 295px\" \/><\/a><\/p>\n<p><a title=\"Colata\" href=\"http:\/\/www.alsolu.com\/it\/wp-content\/uploads\/sites\/2\/2014\/01\/casting.jpg\" rel=\"prettyPhoto\"><img loading=\"lazy\" class=\"alignnone size-3-cols wp-image-1464 cadre\" title=\"Colata\" alt=\"Colata\" src=\"http:\/\/www.alsolu.com\/it\/wp-content\/uploads\/sites\/2\/2014\/01\/casting-295x219.jpg\" width=\"295\" height=\"219\" srcset=\"http:\/\/www.alsolu.com\/it\/wp-content\/uploads\/sites\/4\/2014\/01\/casting-295x219.jpg 295w, http:\/\/www.alsolu.com\/it\/wp-content\/uploads\/sites\/4\/2014\/01\/casting-420x312.jpg 420w\" sizes=\"(max-width: 295px) 100vw, 295px\" \/><\/a><\/p>\n<\/div>\n<div class=\"one-third\">\n<p><a title=\"Saldatura robot\" href=\"http:\/\/www.alsolu.com\/it\/wp-content\/uploads\/sites\/2\/2014\/01\/robot-welding.jpg\" rel=\"prettyPhoto\"><img loading=\"lazy\" class=\"alignnone  wp-image-1474 cadre\" title=\"Saldatura robot\" alt=\"Saldatura robot\" src=\"http:\/\/www.alsolu.com\/it\/wp-content\/uploads\/sites\/2\/2014\/01\/robot-welding-295x219.jpg\" width=\"295\" height=\"219\" srcset=\"http:\/\/www.alsolu.com\/it\/wp-content\/uploads\/sites\/4\/2014\/01\/robot-welding-295x219.jpg 295w, http:\/\/www.alsolu.com\/it\/wp-content\/uploads\/sites\/4\/2014\/01\/robot-welding-420x312.jpg 420w\" sizes=\"(max-width: 295px) 100vw, 295px\" \/><\/a><\/p>\n<p><a title=\"Thermolaquage\" href=\"http:\/\/www.alsolu.com\/it\/wp-content\/uploads\/sites\/2\/2014\/01\/thermolaquage.jpg\" rel=\"prettyPhoto\"><img loading=\"lazy\" class=\"alignnone size-3-cols wp-image-1477 cadre\" title=\"Thermolaquage\" alt=\"Thermolaquage\" src=\"http:\/\/www.alsolu.com\/it\/wp-content\/uploads\/sites\/2\/2014\/01\/thermolaquage-295x219.jpg\" width=\"295\" height=\"219\" srcset=\"http:\/\/www.alsolu.com\/it\/wp-content\/uploads\/sites\/4\/2014\/01\/thermolaquage-295x219.jpg 295w, http:\/\/www.alsolu.com\/it\/wp-content\/uploads\/sites\/4\/2014\/01\/thermolaquage-420x312.jpg 420w\" sizes=\"(max-width: 295px) 100vw, 295px\" \/><\/a><\/p>\n<\/div>\n<div class=\"one-third column-last\">\n<p><a title=\"Vetro\" href=\"http:\/\/www.alsolu.com\/it\/wp-content\/uploads\/sites\/2\/2014\/01\/glass.jpg\" rel=\"prettyPhoto\"><img loading=\"lazy\" class=\"alignnone size-3-cols wp-image-1466 cadre\" title=\"Vetro\" alt=\"Vetro\" src=\"http:\/\/www.alsolu.com\/it\/wp-content\/uploads\/sites\/2\/2014\/01\/glass-295x219.jpg\" width=\"295\" height=\"219\" \/><\/a><\/p>\n<p><a title=\"Cutting plasma\" href=\"http:\/\/www.alsolu.com\/it\/wp-content\/uploads\/sites\/2\/2014\/01\/cutting-plasma.jpg\" rel=\"prettyPhoto\"><img loading=\"lazy\" class=\"alignnone  wp-image-1465 cadre\" title=\"Taglio al plasma\" alt=\"Taglio al plasma\" src=\"http:\/\/www.alsolu.com\/it\/wp-content\/uploads\/sites\/2\/2014\/01\/cutting-plasma-295x219.jpg\" width=\"295\" height=\"219\" srcset=\"http:\/\/www.alsolu.com\/it\/wp-content\/uploads\/sites\/4\/2014\/01\/cutting-plasma-295x219.jpg 295w, http:\/\/www.alsolu.com\/it\/wp-content\/uploads\/sites\/4\/2014\/01\/cutting-plasma-420x312.jpg 420w\" sizes=\"(max-width: 295px) 100vw, 295px\" \/><\/a><\/p>\n<\/div><div class=\"clear\"><\/div>\n","protected":false},"excerpt":{"rendered":"<p>ALSOLU L&#8217;azienda ALSOLU \u00e8 stata fondata nel 2010 a Saint-Etienne in Rh\u00f4ne Alpes. Il cuore della sua attivit\u00e0 \u00e8 centrata sul suo dipartimento di ricerca con la ricerca e lo [&hellip;]<\/p>\n","protected":false},"author":1,"featured_media":0,"parent":0,"menu_order":0,"comment_status":"closed","ping_status":"open","template":"template-full-width.php","meta":[],"_links":{"self":[{"href":"http:\/\/www.alsolu.com\/it\/wp-json\/wp\/v2\/pages\/2"}],"collection":[{"href":"http:\/\/www.alsolu.com\/it\/wp-json\/wp\/v2\/pages"}],"about":[{"href":"http:\/\/www.alsolu.com\/it\/wp-json\/wp\/v2\/types\/page"}],"author":[{"embeddable":true,"href":"http:\/\/www.alsolu.com\/it\/wp-json\/wp\/v2\/users\/1"}],"replies":[{"embeddable":true,"href":"http:\/\/www.alsolu.com\/it\/wp-json\/wp\/v2\/comments?post=2"}],"version-history":[{"count":33,"href":"http:\/\/www.alsolu.com\/it\/wp-json\/wp\/v2\/pages\/2\/revisions"}],"predecessor-version":[{"id":1963,"href":"http:\/\/www.alsolu.com\/it\/wp-json\/wp\/v2\/pages\/2\/revisions\/1963"}],"wp:attachment":[{"href":"http:\/\/www.alsolu.com\/it\/wp-json\/wp\/v2\/media?parent=2"}],"curies":[{"name":"wp","href":"https:\/\/api.w.org\/{rel}","templated":true}]}}