{"id":13,"date":"2014-01-23T10:41:29","date_gmt":"2014-01-23T09:41:29","guid":{"rendered":"http:\/\/localhost\/ALSOLU-WP\/?page_id=13"},"modified":"2018-10-08T14:25:02","modified_gmt":"2018-10-08T13:25:02","slug":"accueil","status":"publish","type":"page","link":"http:\/\/www.alsolu.com\/it\/","title":{"rendered":"Home"},"content":{"rendered":"<div class=\"one-third\">\n<h4 style=\"text-align: center;\">Prodotti<\/h4>\n<p><a href=\"http:\/\/www.alsolu.com\/it\/prodotti\/\"><img loading=\"lazy\" class=\"cadre aligncenter wp-image-2822 size-full\" src=\"http:\/\/www.alsolu.com\/it\/wp-content\/uploads\/sites\/4\/2018\/10\/gamme-alsolu-1-1.jpg\" alt=\"\" width=\"295\" height=\"188\" \/><\/a><\/p>\n<p id=\"tw-target-text\" class=\"tw-data-text tw-ta tw-text-medium\" dir=\"ltr\" style=\"text-align: center;\" data-placeholder=\"Traduction\"><strong><a href=\"http:\/\/www.alsolu.com\/it\/prodotti\/\"><span lang=\"it\">La nostra gamma di prodotti<\/span><\/a><\/strong><\/p>\n<\/div>\n<div class=\"one-third\">\n<h4 style=\"text-align: center;\">Catalogo<\/h4>\n<p style=\"text-align: center;\"><a href=\"https:\/\/ita.calameo.com\/read\/0044519008322f8c2d967\"><img loading=\"lazy\" class=\"cadre aligncenter wp-image-2731 size-full\" title=\"T\u00e9l\u00e9chargez le catalogue de nos \u00e9quipements\" src=\"http:\/\/www.alsolu.com\/it\/wp-content\/uploads\/sites\/4\/2018\/10\/catalogue2018.jpg\" alt=\"\" width=\"295\" height=\"188\" \/><\/a><\/p>\n<div id=\"tw-target-text-container\" class=\"gsrt tw-ta-container tw-nfl\" style=\"text-align: center;\">\n<p id=\"tw-target-text\" class=\"tw-data-text tw-ta tw-text-medium\" dir=\"ltr\" data-placeholder=\"Traduction\"><strong><a href=\"https:\/\/ita.calameo.com\/read\/0044519008322f8c2d967\"><span lang=\"it\">Scarica il catalogo<\/span><\/a><\/strong><\/p>\n<\/div>\n<\/div>\n<div class=\"one-third column-last\">\n<h4 style=\"text-align: center;\">Realizzazioni<\/h4>\n<p style=\"text-align: center;\"><a href=\"http:\/\/www.alsolu.com\/it\/realizzazioni\/\"><img loading=\"lazy\" class=\"cadre aligncenter wp-image-2732 size-full\" src=\"http:\/\/www.alsolu.com\/it\/wp-content\/uploads\/sites\/4\/2018\/10\/photo-chantier.jpg\" alt=\"\" width=\"295\" height=\"188\" \/><\/a><\/p>\n<p id=\"tw-target-text\" class=\"tw-data-text tw-ta tw-text-medium\" dir=\"ltr\" style=\"text-align: center;\" data-placeholder=\"Traduction\"><strong><a href=\"http:\/\/www.alsolu.com\/it\/realizzazioni\/\"><span lang=\"it\">Le nostre ultime foto del sito<\/span><\/a><\/strong><\/p>\n<\/div><div class=\"clear\"><\/div>\n<hr \/>\n<p><b><i>Fabbricante e progettista di soluzioni in alluminio per la sicurezza degli edifici e dei tetti, offriamo una gamma completa di prodotti innovativi e design.<span class=\"Apple-converted-space\">\u00a0 <\/span>Facilitiamo l&#8217;uso e l\u2019installazione delle nostre attrezzature con soluzioni ergonomiche e tecniche che garantiscono la finizione, la sicurezza e la qualit\u00e0 dei nostri prodotti.<\/i><\/b><\/p>\n<p><b><i>Grazie all\u2019elevata qualit\u00e0 del disegno industriale (linee contemporanee), la nostra gamma si distingue dalle soluzioni tradizionali.<\/i><\/b><\/p>\n<p><b><i>Infine, si ottiene il pieno appoggio logistico e commerciale per garantire che le vostre esigenze siano soddisfatte con l&#8217;equipaggiamento di sicurezza pi\u00f9 appropriato.<\/i><\/b><\/p>\n","protected":false},"excerpt":{"rendered":"<p>Fabbricante e progettista di soluzioni in alluminio per la sicurezza degli edifici e dei tetti, offriamo una gamma completa di prodotti innovativi e design.\u00a0 Facilitiamo l&#8217;uso e l\u2019installazione delle nostre [&hellip;]<\/p>\n","protected":false},"author":1,"featured_media":0,"parent":0,"menu_order":0,"comment_status":"closed","ping_status":"open","template":"template-home-slider.php","meta":[],"_links":{"self":[{"href":"http:\/\/www.alsolu.com\/it\/wp-json\/wp\/v2\/pages\/13"}],"collection":[{"href":"http:\/\/www.alsolu.com\/it\/wp-json\/wp\/v2\/pages"}],"about":[{"href":"http:\/\/www.alsolu.com\/it\/wp-json\/wp\/v2\/types\/page"}],"author":[{"embeddable":true,"href":"http:\/\/www.alsolu.com\/it\/wp-json\/wp\/v2\/users\/1"}],"replies":[{"embeddable":true,"href":"http:\/\/www.alsolu.com\/it\/wp-json\/wp\/v2\/comments?post=13"}],"version-history":[{"count":70,"href":"http:\/\/www.alsolu.com\/it\/wp-json\/wp\/v2\/pages\/13\/revisions"}],"predecessor-version":[{"id":2823,"href":"http:\/\/www.alsolu.com\/it\/wp-json\/wp\/v2\/pages\/13\/revisions\/2823"}],"wp:attachment":[{"href":"http:\/\/www.alsolu.com\/it\/wp-json\/wp\/v2\/media?parent=13"}],"curies":[{"name":"wp","href":"https:\/\/api.w.org\/{rel}","templated":true}]}}