{"id":992,"date":"2014-01-29T12:05:00","date_gmt":"2014-01-29T11:05:00","guid":{"rendered":"http:\/\/www.alsolu.com\/es\/?page_id=992"},"modified":"2014-02-12T16:26:12","modified_gmt":"2014-02-12T15:26:12","slug":"balizaje-vectaco","status":"publish","type":"page","link":"http:\/\/www.alsolu.com\/es\/memo\/productos\/equipamiento-tecnico-en-techo\/balizaje-vectaco\/","title":{"rendered":"Balizaje VECTACO\u00ae"},"content":{"rendered":"<div class=\"one-half\">\n<p><a title=\"Balizaje VECTACO\u00ae \" href=\"http:\/\/www.alsolu.com\/es\/wp-content\/uploads\/sites\/2\/2014\/01\/vectaco-demarcation.jpg\" rel=\"prettyPhoto\"><img loading=\"lazy\" class=\"alignnone size-capture-produit wp-image-1896 cadre\" title=\"Balizaje VECTACO\u00ae \" alt=\"Balizaje VECTACO\u00ae \" src=\"http:\/\/www.alsolu.com\/es\/wp-content\/uploads\/sites\/2\/2014\/01\/vectaco-demarcation-440x290.jpg\" width=\"440\" height=\"290\" \/><\/a><\/p>\n<\/div>\n<div class=\"one-half column-last\">\n<h1>Uso<\/h1>\n<p>Los postes y cadenas VECTACO\u00ae han sido dise\u00f1ados para delimitar zonas de paso sobre tejados. Tambi\u00e9n permiten delimitar zonas de trabajo y de seguridad. Los postes son de pl\u00e1stico y las bases de hormig\u00f3n.<br \/>\nRecomendamos la instalaci\u00f3n de los postes cada dos metros.<\/p>\n<h1>Caracter\u00edsticas t\u00e9cnicas<\/h1>\n<h4><span style=\"text-decoration: underline;\">Postes<\/span><\/h4>\n<ul class=\"gray-link\">\n<li>Pl\u00e1stico<\/li>\n<li>Rojo \/ blanco<\/li>\n<li>\u00d840 mm<\/li>\n<li>Altura 1m<\/li>\n<\/ul>\n<h4><span style=\"text-decoration: underline;\">Cadeneta<\/span><\/h4>\n<ul class=\"gray-link\">\n<li>Pl\u00e1stico<\/li>\n<li>Rojo \/ blanco.<\/li>\n<li>Vendida en rollos de 25m<\/li>\n<li>Anillos de uni\u00f3n<\/li>\n<\/ul>\n<h4><span style=\"text-decoration: underline;\">Contrapeso<\/span><\/h4>\n<ul class=\"gray-link\">\n<li>Hormig\u00f3n con pl\u00e1stico de protecci\u00f3n<\/li>\n<li>4 kg<\/li>\n<\/ul>\n<\/div><div class=\"clear\"><\/div>\n<div class=\"toggle clearfix\"><div class=\"toggle-title\"><div class=\"plus\" id=\"doc\"><\/div><h5>Documentation<\/h5><\/div><div class=\"inner-content\"><a href=\"http:\/\/www.alsolu.com\/es\/wp-content\/uploads\/2014\/01\/pdf.png\"><img loading=\"lazy\" alt=\"Fichier PDF\" src=\"http:\/\/www.alsolu.com\/es\/wp-content\/uploads\/2014\/01\/pdf.png\" width=\"24\" height=\"25\" \/><\/a><a href=\"http:\/\/www.alsolu.com\/fichas-tecnicas\/balizaje\/ficha-tecnica-kit-contrapeso-cadeneta-vectaco-balizaje-ft011.pdf\" target=\"_blank\">Ficha tecnica 011 &#8211; balizaje VECTACO\u00ae<\/a><\/div><\/div>\n","protected":false},"excerpt":{"rendered":"","protected":false},"author":1,"featured_media":0,"parent":981,"menu_order":0,"comment_status":"closed","ping_status":"open","template":"template-full-width.php","meta":[],"_links":{"self":[{"href":"http:\/\/www.alsolu.com\/es\/wp-json\/wp\/v2\/pages\/992"}],"collection":[{"href":"http:\/\/www.alsolu.com\/es\/wp-json\/wp\/v2\/pages"}],"about":[{"href":"http:\/\/www.alsolu.com\/es\/wp-json\/wp\/v2\/types\/page"}],"author":[{"embeddable":true,"href":"http:\/\/www.alsolu.com\/es\/wp-json\/wp\/v2\/users\/1"}],"replies":[{"embeddable":true,"href":"http:\/\/www.alsolu.com\/es\/wp-json\/wp\/v2\/comments?post=992"}],"version-history":[{"count":8,"href":"http:\/\/www.alsolu.com\/es\/wp-json\/wp\/v2\/pages\/992\/revisions"}],"predecessor-version":[{"id":2157,"href":"http:\/\/www.alsolu.com\/es\/wp-json\/wp\/v2\/pages\/992\/revisions\/2157"}],"up":[{"embeddable":true,"href":"http:\/\/www.alsolu.com\/es\/wp-json\/wp\/v2\/pages\/981"}],"wp:attachment":[{"href":"http:\/\/www.alsolu.com\/es\/wp-json\/wp\/v2\/media?parent=992"}],"curies":[{"name":"wp","href":"https:\/\/api.w.org\/{rel}","templated":true}]}}