{"id":989,"date":"2014-01-29T11:59:18","date_gmt":"2014-01-29T10:59:18","guid":{"rendered":"http:\/\/www.alsolu.com\/es\/?page_id=989"},"modified":"2014-06-19T16:30:45","modified_gmt":"2014-06-19T15:30:45","slug":"estructura-portante-para-material-tecnico","status":"publish","type":"page","link":"http:\/\/www.alsolu.com\/es\/memo\/productos\/equipamiento-tecnico-en-techo\/estructura-portante-para-material-tecnico\/","title":{"rendered":"Estructura portante para material t\u00e9cnico"},"content":{"rendered":"<div class=\"one-half\">\n<p><a title=\"Climatisation\" href=\"http:\/\/www.alsolu.com\/es\/wp-content\/uploads\/sites\/3\/2014\/01\/bloc_clim.jpg\" rel=\"prettyPhoto\"><img loading=\"lazy\" class=\"alignnone  wp-image-2235\" alt=\"Climatisation\" src=\"http:\/\/www.alsolu.com\/es\/wp-content\/uploads\/sites\/3\/2014\/01\/bloc_clim.jpg\" width=\"436\" height=\"326\" srcset=\"http:\/\/www.alsolu.com\/es\/wp-content\/uploads\/sites\/3\/2014\/01\/bloc_clim.jpg 500w, http:\/\/www.alsolu.com\/es\/wp-content\/uploads\/sites\/3\/2014\/01\/bloc_clim-300x224.jpg 300w\" sizes=\"(max-width: 436px) 100vw, 436px\" \/><\/a><\/p>\n<p><a title=\"Estructura portante para material t\u00e9cnico\" href=\"http:\/\/www.alsolu.com\/es\/wp-content\/uploads\/2014\/01\/structure-porteuse-materiel-technique.jpg\" rel=\"prettyPhoto\"><img loading=\"lazy\" class=\"alignnone size-capture-produit wp-image-990 cadre\" title=\"Estructura portante para material t\u00e9cnico\" alt=\"Estructura portante para material t\u00e9cnico\" src=\"http:\/\/www.alsolu.com\/es\/wp-content\/uploads\/2014\/01\/structure-porteuse-materiel-technique-440x290.jpg\" width=\"440\" height=\"290\" \/><\/a><\/p>\n<\/div>\n<div class=\"one-half column-last\">\n<h1>Uso<\/h1>\n<p>Le proponemos en kit un sistema modular de aluminio para instalar cualquier tipo de equipo t\u00e9cnico (ej. bloque de climatizaci\u00f3n).<br \/>\nLa estructura utiliza el sistema de base D a trav\u00e9s del complejo de estanqueidad.<br \/>\nSe puede tambi\u00e9n fijar la estructura en una cubierta chapa con postes adecuados.<\/p>\n<p>Cumple con el CTE (C\u00f3digo T\u00e9cnico de la Edificaci\u00f3n) 20.12 y 43.1.<\/p>\n<p>Le proporcionamos un plan de instalaci\u00f3n y una nota de c\u00e1lculo de resistencia para cualquier tipo de estructura.<\/p>\n<p>&nbsp;<\/p>\n<\/div><div class=\"clear\"><\/div>\n","protected":false},"excerpt":{"rendered":"","protected":false},"author":1,"featured_media":0,"parent":981,"menu_order":0,"comment_status":"closed","ping_status":"open","template":"template-full-width.php","meta":[],"_links":{"self":[{"href":"http:\/\/www.alsolu.com\/es\/wp-json\/wp\/v2\/pages\/989"}],"collection":[{"href":"http:\/\/www.alsolu.com\/es\/wp-json\/wp\/v2\/pages"}],"about":[{"href":"http:\/\/www.alsolu.com\/es\/wp-json\/wp\/v2\/types\/page"}],"author":[{"embeddable":true,"href":"http:\/\/www.alsolu.com\/es\/wp-json\/wp\/v2\/users\/1"}],"replies":[{"embeddable":true,"href":"http:\/\/www.alsolu.com\/es\/wp-json\/wp\/v2\/comments?post=989"}],"version-history":[{"count":8,"href":"http:\/\/www.alsolu.com\/es\/wp-json\/wp\/v2\/pages\/989\/revisions"}],"predecessor-version":[{"id":2237,"href":"http:\/\/www.alsolu.com\/es\/wp-json\/wp\/v2\/pages\/989\/revisions\/2237"}],"up":[{"embeddable":true,"href":"http:\/\/www.alsolu.com\/es\/wp-json\/wp\/v2\/pages\/981"}],"wp:attachment":[{"href":"http:\/\/www.alsolu.com\/es\/wp-json\/wp\/v2\/media?parent=989"}],"curies":[{"name":"wp","href":"https:\/\/api.w.org\/{rel}","templated":true}]}}