{"id":934,"date":"2014-01-29T10:39:55","date_gmt":"2014-01-29T09:39:55","guid":{"rendered":"http:\/\/www.alsolu.com\/es\/?page_id=934"},"modified":"2014-03-10T15:09:32","modified_gmt":"2014-03-10T14:09:32","slug":"pasarela-vectaway","status":"publish","type":"page","link":"http:\/\/www.alsolu.com\/es\/memo\/productos\/equipos-para-circulacion-en-altura-escaleras\/pasarela-vectaway\/","title":{"rendered":"VECTAWAY\u00ae Pasarela"},"content":{"rendered":"<div class=\"one-half\">\n<p><a title=\"Pasarela\" href=\"http:\/\/www.alsolu.com\/es\/wp-content\/uploads\/sites\/2\/2014\/01\/Gangway.jpg\" rel=\"prettyPhoto\"><img loading=\"lazy\" class=\"alignnone  wp-image-1875\" title=\"Pasarela\" alt=\"Pasarela\" src=\"http:\/\/www.alsolu.com\/es\/wp-content\/uploads\/sites\/2\/2014\/01\/Gangway-440x290.jpg\" width=\"440\" height=\"290\" \/><\/a><\/p>\n<ul class=\"pricing-table clearfix\"><li class=\"pricing-column four no left\"><div class=\"pricing-header\"><span class=\"title\">Referencia<\/span><\/div><div class=\"pricing-features\">\n<ul>\n<li><strong>03099<br \/>\n<\/strong><\/li>\n<li><strong><strong>03100<\/strong><\/strong><\/li>\n<\/ul>\n<\/div><\/li><li class=\"pricing-column four no left\"><div class=\"pricing-header\"><span class=\"title\">Anchura*<\/span><\/div><div class=\"pricing-features\">\n<ul>\n<li>600 mm<\/li>\n<li>800 mm<\/li>\n<\/ul>\n<\/div><\/li><li class=\"pricing-column four no left\"><div class=\"pricing-header\"><span class=\"title\">Largura*<\/span><\/div><div class=\"pricing-features\">\n<ul>\n<li>3000 mm<\/li>\n<li>3000 m<\/li>\n<\/ul>\n<\/div><\/li><li class=\"pricing-column four no left\"><div class=\"pricing-header\"><span class=\"title\">Peso<\/span><\/div><div class=\"pricing-features\">\n<ul>\n<li>14 kg\/ml<\/li>\n<li>16 kg\/ml<\/li>\n<\/ul>\n<\/div><\/li><\/ul>\n<p>*Otras medidas bajo pedido<\/p>\n<\/div>\n<div class=\"one-half column-last\">\n<p style=\"text-align: right;\"><a class=\"devis-yellow\" title=\"Solicitud de presupuesto - Pasarela\" href=\"http:\/\/www.alsolu.com\/es\/contact-934\">Solicitud de presupuesto<\/a><\/p>\n<h1>Uso<\/h1>\n<p>La pasarela completa VECTAWAY\u00ae le permite desplazarse sobre techos fr\u00e1giles y resbalosos en total seguridad.<\/p>\n<h1>Caracter\u00edsticas t\u00e9cnicas<\/h1>\n<ul class=\"gray-link\">\n<li><strong>Material <\/strong>: aluminio 6063 T5<\/li>\n<li><strong>Distancia de fijaci\u00f3n est\u00e1ndar<\/strong> : 2 \u00e0 3 m seg\u00fan configuraci\u00f3n<\/li>\n<li><strong>Distancia espec\u00edfica<\/strong> : consultarnos<\/li>\n<li><strong><\/strong>Fabricaci\u00f3n conforme a la norma europea NF EN ISO 14122-2 &amp; NF E85-014<\/li>\n<li><strong><\/strong>\u00a0Modelos disponibles en 600 \u00f3 800 mm de largo (otras dimensiones bajo pedido)<\/li>\n<li><strong><\/strong>La <strong>pasarela VECTAWAY\u00ae<\/strong> puede equiparse con barandillas VECTACO\u00ae aluminio de fijaci\u00f3n lateral (pasamano+tubo intermedio+rodapi\u00e9) en uno o ambos lados<\/li>\n<li><strong><\/strong>La puerta de acceso con cierre autom\u00e1tico (Ref. : 01128) se adapta a la barandilla<\/li>\n<li><strong><\/strong> Fijaci\u00f3n en cubierta chapa, fibro, tejados con juntas alzadas o todo tipo de soporte bajo pedido<\/li>\n<li>El montaje de la barandilla y los soportes de fijaci\u00f3n se simplifica con el uso de tornillos cabeza de martillo en las ranuras laterales de la zanca<\/li>\n<\/ul>\n<div class=\"toggle clearfix\"><div class=\"toggle-title\"><div class=\"plus\" id=\"doc\"><\/div><h5>Documentation<\/h5><\/div><div class=\"inner-content\"><a href=\"http:\/\/www.alsolu.com\/es\/wp-content\/uploads\/2014\/01\/pdf.png\"><img loading=\"lazy\" alt=\"Fichier PDF\" src=\"http:\/\/www.alsolu.com\/es\/wp-content\/uploads\/2014\/01\/pdf.png\" width=\"24\" height=\"25\" \/><\/a><a href=\"http:\/\/www.alsolu.com\/fichas-tecnicas\/passarela\/ficha-tecnica-pasarela-ft025.pdf\" target=\"_blank\">Ficha tecnica 025 &#8211; pasarela VECTAWAY\u00ae<\/a><\/div><\/div>\n<\/div><div class=\"clear\"><\/div>\n<a name=\"componentes-de-la-pasarela\"><\/a><\/p>\n<h1>Componentes de la pasarele VECTAWAY\u00ae:<\/h1>\n<div class=\"one-fourth\">\n<p><img loading=\"lazy\" class=\"alignnone size-full wp-image-1873\" alt=\"Fixation plate on metal deck\" src=\"http:\/\/www.alsolu.com\/es\/wp-content\/uploads\/sites\/2\/2014\/01\/Fixation-plate-on-metal-deck1.jpg\" width=\"240\" height=\"196\" \/><\/p>\n<p>Fijaci\u00f3n en cubierta chapa, tornillos auto-taladrantes de acero inoxidable estancos + arandelas cheminea<br \/>\nRef : 03231<\/p>\n<\/div>\n<div class=\"one-fourth\">\n<p><img loading=\"lazy\" class=\"alignnone size-full wp-image-1870\" alt=\"Asbestos cement fastening\" src=\"http:\/\/www.alsolu.com\/es\/wp-content\/uploads\/sites\/2\/2014\/01\/Asbestos-cement-fastening.jpg\" width=\"240\" height=\"196\" \/><\/p>\n<p>Fijaci\u00f3n fibro cemento<br \/>\n(con torniller\u00eda)<br \/>\nRef : 0733502<\/p>\n<\/div>\n<div class=\"one-fourth\">\n<p><img loading=\"lazy\" class=\"alignnone size-full wp-image-1883\" alt=\"Traverse joint fastening\" src=\"http:\/\/www.alsolu.com\/es\/wp-content\/uploads\/sites\/2\/2014\/01\/Traverse-joint-fastening.jpg\" width=\"240\" height=\"196\" \/><\/p>\n<p>Fixation junta alzada<br \/>\n(con torniller\u00eda)<br \/>\nRef : 01834<\/p>\n<\/div>\n<div class=\"one-fourth column-last\">\n<p><img loading=\"lazy\" class=\"alignnone size-full wp-image-1877\" alt=\"Junction plate\" src=\"http:\/\/www.alsolu.com\/es\/wp-content\/uploads\/sites\/2\/2014\/01\/Junction-plate.jpg\" width=\"240\" height=\"196\" \/><\/p>\n<p>Platina de uni\u00f3n<br \/>\n(con torniler\u00eda)<br \/>\nRef : 0733504<\/p>\n<\/div><div class=\"clear\"><\/div>\n<div class=\"one-fourth\">\n<p><img loading=\"lazy\" class=\"alignnone size-full wp-image-1878\" alt=\"kit angle\" src=\"http:\/\/www.alsolu.com\/es\/wp-content\/uploads\/sites\/2\/2014\/01\/kit-angle.jpg\" width=\"240\" height=\"196\" \/><\/p>\n<p>Kit esquina anchura 600 mm<br \/>\nRef : 03136<\/p>\n<p>Kit esquina anchura 800 mm<br \/>\nRef : 03140<\/p>\n<\/div>\n<div class=\"one-fourth\">\n<p><img loading=\"lazy\" class=\"alignnone size-full wp-image-1876\" alt=\"Guardrails on two sides\" src=\"http:\/\/www.alsolu.com\/es\/wp-content\/uploads\/sites\/2\/2014\/01\/Guardrails-on-two-sides.jpg\" width=\"240\" height=\"196\" \/><\/p>\n<p>Barandilla en ambos lados<br \/>\nlg 3000 mm (para pasarela recta)<br \/>\nRef : 0733506<\/p>\n<\/div>\n<div class=\"one-fourth\">\n<p><img loading=\"lazy\" class=\"alignnone size-full wp-image-1879\" alt=\"Profile limon gangway\" src=\"http:\/\/www.alsolu.com\/es\/wp-content\/uploads\/sites\/2\/2014\/01\/profile-limon-gangway.jpg\" width=\"240\" height=\"196\" \/><\/p>\n<p>Perfil zanca pasarela<\/p>\n<\/div>\n<div class=\"one-fourth column-last\">\n<p><img loading=\"lazy\" class=\"alignnone  wp-image-1882\" alt=\"Toeboard\" src=\"http:\/\/www.alsolu.com\/es\/wp-content\/uploads\/sites\/2\/2014\/01\/Toeboard.jpg\" width=\"240\" height=\"196\" \/><\/p>\n<p>Rodapi\u00e9<\/p>\n<\/div><div class=\"clear\"><\/div>\n<div class=\"one-fourth\">\n<p><img loading=\"lazy\" class=\"alignnone size-full wp-image-1881\" alt=\"Striated base\" src=\"http:\/\/www.alsolu.com\/es\/wp-content\/uploads\/sites\/2\/2014\/01\/Striated-base.jpg\" width=\"240\" height=\"196\" \/><\/p>\n<p>Perfil antideslizante<\/p>\n<\/div>\n<div class=\"one-half\">\n<p><img loading=\"lazy\" class=\"alignnone  wp-image-1872\" alt=\"Cut view\" src=\"http:\/\/www.alsolu.com\/es\/wp-content\/uploads\/sites\/2\/2014\/01\/cut-view.jpg\" width=\"514\" height=\"137\" srcset=\"http:\/\/www.alsolu.com\/es\/wp-content\/uploads\/sites\/3\/2014\/01\/cut-view.jpg 734w, http:\/\/www.alsolu.com\/es\/wp-content\/uploads\/sites\/3\/2014\/01\/cut-view-300x80.jpg 300w, http:\/\/www.alsolu.com\/es\/wp-content\/uploads\/sites\/3\/2014\/01\/cut-view-440x117.jpg 440w\" sizes=\"(max-width: 514px) 100vw, 514px\" \/><\/p>\n<p>L = 600 ou 800 mm<\/p>\n<\/div>\n","protected":false},"excerpt":{"rendered":"<p>Componentes de la pasarele VECTAWAY\u00ae:<\/p>\n","protected":false},"author":1,"featured_media":0,"parent":962,"menu_order":0,"comment_status":"closed","ping_status":"open","template":"template-full-width.php","meta":[],"_links":{"self":[{"href":"http:\/\/www.alsolu.com\/es\/wp-json\/wp\/v2\/pages\/934"}],"collection":[{"href":"http:\/\/www.alsolu.com\/es\/wp-json\/wp\/v2\/pages"}],"about":[{"href":"http:\/\/www.alsolu.com\/es\/wp-json\/wp\/v2\/types\/page"}],"author":[{"embeddable":true,"href":"http:\/\/www.alsolu.com\/es\/wp-json\/wp\/v2\/users\/1"}],"replies":[{"embeddable":true,"href":"http:\/\/www.alsolu.com\/es\/wp-json\/wp\/v2\/comments?post=934"}],"version-history":[{"count":20,"href":"http:\/\/www.alsolu.com\/es\/wp-json\/wp\/v2\/pages\/934\/revisions"}],"predecessor-version":[{"id":2197,"href":"http:\/\/www.alsolu.com\/es\/wp-json\/wp\/v2\/pages\/934\/revisions\/2197"}],"up":[{"embeddable":true,"href":"http:\/\/www.alsolu.com\/es\/wp-json\/wp\/v2\/pages\/962"}],"wp:attachment":[{"href":"http:\/\/www.alsolu.com\/es\/wp-json\/wp\/v2\/media?parent=934"}],"curies":[{"name":"wp","href":"https:\/\/api.w.org\/{rel}","templated":true}]}}