{"id":8,"date":"2014-01-23T09:53:24","date_gmt":"2014-01-23T08:53:24","guid":{"rendered":"http:\/\/localhost\/ALSOLU-WP\/?page_id=8"},"modified":"2014-03-10T14:58:45","modified_gmt":"2014-03-10T13:58:45","slug":"platina-de-anclaje-aluminio-vectasafe","status":"publish","type":"page","link":"http:\/\/www.alsolu.com\/es\/memo\/productos\/proteccion-individual\/anclajes\/platina-de-anclaje-aluminio-vectasafe\/","title":{"rendered":"VECTASAFE\u00ae Platina de anclaje aluminio"},"content":{"rendered":"<div class=\"one-half\">\n<p><a title=\"VECTASAFE\u00ae Platina de anclaje aluminio\" href=\"http:\/\/www.alsolu.com\/es\/wp-content\/uploads\/sites\/2\/2014\/01\/alu-anchor-point.png\" rel=\"prettyPhoto\"><img loading=\"lazy\" class=\"alignnone  wp-image-1484\" title=\"VECTASAFE\u00ae Platina de anclaje aluminio\" alt=\"VECTASAFE\u00ae Platina de anclaje aluminio\" src=\"http:\/\/www.alsolu.com\/es\/wp-content\/uploads\/sites\/2\/2014\/01\/alu-anchor-point-440x290.png\" width=\"440\" height=\"290\" \/><\/a><\/p>\n<div class=\"toggle clearfix\"><div class=\"toggle-title\"><div class=\"plus\" id=\"doc\"><\/div><h5>Documentation<\/h5><\/div><div class=\"inner-content\"><a href=\"http:\/\/www.alsolu.com\/es\/wp-content\/uploads\/2014\/01\/pdf.png\"><img loading=\"lazy\" alt=\"Fichier PDF\" src=\"http:\/\/www.alsolu.com\/es\/wp-content\/uploads\/2014\/01\/pdf.png\" width=\"24\" height=\"25\" \/><\/a> <a href=\"http:\/\/www.alsolu.com\/fichas-tecnicas\/anclaje\/ficha-tecnica-platina-de-anclaje-aluminio-ft001.pdf\" target=\"_blank\">Ficha tecnica 001 &#8211; Platina de anclaje aluminio VECTASAFE\u00ae<\/a><\/div><\/div>\n<\/div>\n<div class=\"one-half column-last\">\n<p style=\"text-align: right;\"><a class=\"devis-pink\" title=\"Solicitud de presupuesto - Platina de anclaje aluminio\" href=\"http:\/\/www.alsolu.com\/es\/contact-8\">Solicitud de presupuesto<\/a><\/p>\n<h1>Uso<\/h1>\n<p>La platina de anclaje VECTASAFE\u00ae asegura la protecci\u00f3n contra las ca\u00eddas de altura para 1 \u00f3 2 personas m\u00e1ximo. Permite poner en seguridad a los usuarios cuando realizan trabajos de mantenimiento y limpieza.<\/p>\n<h1>Caracter\u00edsticass t\u00e9cnicas<\/h1>\n<ul class=\"gray-link\">\n<li><strong>Material <\/strong>: aleaci\u00f3n aluminio moldado.<\/li>\n<li><strong>Acabado<\/strong> : bruto, arenado o termolacado (pinturas RAL) bajo pedido.<\/li>\n<li><strong>Peso<\/strong> : 0,28 kg<\/li>\n<li><strong>Resistencia\u00a0<\/strong>: 1200 daN<\/li>\n<li><strong>Indeformable<\/strong><\/li>\n<li><strong>Campo de uso\u00a0<\/strong>: interior o exterior.<\/li>\n<li><strong>Conforme a la norma EN 795 Clase A1<\/strong> (Certificado de conformidad Apave N\u00b0AT5773804-1).<\/li>\n<\/ul>\n<\/div><div class=\"clear\"><\/div>\n","protected":false},"excerpt":{"rendered":"","protected":false},"author":1,"featured_media":0,"parent":291,"menu_order":0,"comment_status":"closed","ping_status":"open","template":"template-full-width.php","meta":[],"_links":{"self":[{"href":"http:\/\/www.alsolu.com\/es\/wp-json\/wp\/v2\/pages\/8"}],"collection":[{"href":"http:\/\/www.alsolu.com\/es\/wp-json\/wp\/v2\/pages"}],"about":[{"href":"http:\/\/www.alsolu.com\/es\/wp-json\/wp\/v2\/types\/page"}],"author":[{"embeddable":true,"href":"http:\/\/www.alsolu.com\/es\/wp-json\/wp\/v2\/users\/1"}],"replies":[{"embeddable":true,"href":"http:\/\/www.alsolu.com\/es\/wp-json\/wp\/v2\/comments?post=8"}],"version-history":[{"count":25,"href":"http:\/\/www.alsolu.com\/es\/wp-json\/wp\/v2\/pages\/8\/revisions"}],"predecessor-version":[{"id":2178,"href":"http:\/\/www.alsolu.com\/es\/wp-json\/wp\/v2\/pages\/8\/revisions\/2178"}],"up":[{"embeddable":true,"href":"http:\/\/www.alsolu.com\/es\/wp-json\/wp\/v2\/pages\/291"}],"wp:attachment":[{"href":"http:\/\/www.alsolu.com\/es\/wp-json\/wp\/v2\/media?parent=8"}],"curies":[{"name":"wp","href":"https:\/\/api.w.org\/{rel}","templated":true}]}}