{"id":731,"date":"2014-01-28T16:52:24","date_gmt":"2014-01-28T15:52:24","guid":{"rendered":"http:\/\/www.alsolu.com\/es\/?page_id=731"},"modified":"2014-03-10T15:03:13","modified_gmt":"2014-03-10T14:03:13","slug":"barandilla-fijacion-lateral-desplazada","status":"publish","type":"page","link":"http:\/\/www.alsolu.com\/es\/memo\/productos\/proteccion-colectiva\/barandilla\/barandilla-fijacion-lateral-desplazada\/","title":{"rendered":"VECTACO\u00ae Barandilla fijaci\u00f3n lateral desplazada"},"content":{"rendered":"<div class=\"one-half\">\n<p><a title=\"VECTACO\u00ae Barandilla fijaci\u00f3n lateral desplazada\" href=\"http:\/\/www.alsolu.com\/es\/wp-content\/uploads\/sites\/2\/2014\/01\/Vectaco-offest-parapet-guardrail.jpg\" rel=\"prettyPhoto\"><img loading=\"lazy\" class=\"alignnone size-capture-produit wp-image-1661 cadre\" title=\"VECTACO\u00ae Barandilla fijaci\u00f3n lateral desplazada\" alt=\"VECTACO\u00ae Barandilla fijaci\u00f3n lateral desplazada\" src=\"http:\/\/www.alsolu.com\/es\/wp-content\/uploads\/sites\/2\/2014\/01\/Vectaco-offest-parapet-guardrail-440x290.jpg\" width=\"440\" height=\"290\" \/><\/a><\/p>\n<ul class=\"pricing-table clearfix\"><li class=\"pricing-column five no left\"><div class=\"pricing-header\"><span class=\"title\">Models<\/span><\/div><div class=\"pricing-features\">\n<ul>\n<li><strong>Handrail<br \/>\n<\/strong><\/li>\n<li><strong><strong>Handrail <\/strong>+ Middle rail<br \/>\n<\/strong><\/li>\n<li><strong><strong><strong><strong>Handrail <\/strong>+ Middle rail<\/strong><br \/>\n<\/strong>+ Toeboard<\/strong><\/li>\n<\/ul>\n<\/div><\/li><li class=\"pricing-column five no left\"><div class=\"pricing-header\"><span class=\"title\">Straight<\/span><\/div><div class=\"pricing-features\">\n<ul>\n<li>VAD-D1<\/li>\n<li>VAD-D2<\/li>\n<li>VAD-D3<br \/>\n<span style=\"color: #f0f0f0;\">.<\/span><\/li>\n<\/ul>\n<\/div><\/li><li class=\"pricing-column five no left\"><div class=\"pricing-header\"><span class=\"title\">Inclined<\/span><\/div><div class=\"pricing-features\">\n<ul>\n<li>VAD-I1<\/li>\n<li>VAD-I2<\/li>\n<li>VAD-I3<br \/>\n<span style=\"color: #f0f0f0;\">.<\/span><\/li>\n<\/ul>\n<\/div><\/li><li class=\"pricing-column five no left\"><div class=\"pricing-header\"><span class=\"title\">Curved<\/span><\/div><div class=\"pricing-features\">\n<ul>\n<li>VAD-C1<\/li>\n<li>VAD-C2<\/li>\n<li>VAD-C3<br \/>\n<span style=\"color: #f0f0f0;\">.<\/span><\/li>\n<\/ul>\n<\/div><\/li><li class=\"pricing-column five no left\"><div class=\"pricing-header\"><span class=\"title\">Foldable<\/span><\/div><div class=\"pricing-features\">\n<ul>\n<li>VAD-R1<\/li>\n<li>VAD-R2<\/li>\n<li>VAD-R3<br \/>\n<span style=\"color: #f0f0f0;\">.<\/span><\/li>\n<\/ul>\n<\/div><\/li><\/ul>\n<div class=\"toggle clearfix\"><div class=\"toggle-title\"><div class=\"plus\" id=\"doc\"><\/div><h5>Documentation<\/h5><\/div><div class=\"inner-content\"><a href=\"http:\/\/www.alsolu.com\/es\/wp-content\/uploads\/2014\/01\/pdf.png\"><img loading=\"lazy\" alt=\"Fichier PDF\" src=\"http:\/\/www.alsolu.com\/es\/wp-content\/uploads\/2014\/01\/pdf.png\" width=\"24\" height=\"25\" \/><\/a><a href=\"http:\/\/www.alsolu.com\/fichas-tecnicas\/barandilla\/ficha-tecnica-barandilla-fijacion-lateral-ft009.pdf\" target=\"_blank\">Ficha tecnica 009 &#8211; Barandilla fijaci\u00f3n lateral desplazada VECTACO\u00ae<\/a><\/div><\/div>\n<\/div>\n<div class=\"one-half column-last\">\n<p style=\"text-align: right;\"><a class=\"devis-blue\" title=\"Solicitud de presupuesto - Barandilla fijaci\u00f3n lateral desplazada\" href=\"http:\/\/www.alsolu.com\/es\/contact-731\">Solicitud de presupuesto<\/a><\/p>\n<h1>Uso<\/h1>\n<p>La barandilla de fijaci\u00f3n lateral desplazada VECTACO\u00ae es un sistema de protecci\u00f3n colectiva antica\u00eddas destinado a proteger los tejados-terrazas no accesibles al p\u00fablico.<br \/>\nSu dise\u00f1o permite una instalaci\u00f3n sencilla y r\u00e1pida gracias al sistema de reducci\u00f3n machihembrado en los extremos de los pasamanos y tubos intermedios.<br \/>\nLa barandilla de fijaci\u00f3n lateral desplazada VECTACO\u00ae puede ser instalada en el interior o en el exterior de la acr\u00f3tera. Usada cuando existe un desplazamiento (cubiertas, alba\u00f1iler\u00eda, etc), es la soluci\u00f3n ideal cuando no hay albardilla sobre la acr\u00f3tera.<\/p>\n<h1>Caracter\u00edsticas t\u00e9cnicas<\/h1>\n<ul class=\"gray-link\">\n<li><strong>Material barandilla<\/strong> : aluminio<\/li>\n<li><strong>Acabado<\/strong> : bruto, anodizado o termolacado (pinturas RAL) bajo pedido<\/li>\n<li><strong>Angulos ajustables de pasamano y tubo intermedio<\/strong><\/li>\n<li><strong>Tubos con sistema de reducci\u00f3n machihembrado en los extremos<\/strong><br \/>\n<strong>Cumple con las normas<\/strong> : Europea EN 14 122-3 y Francesa NF E 85-015<\/li>\n<\/ul>\n<\/div><div class=\"clear\"><\/div>\n","protected":false},"excerpt":{"rendered":"","protected":false},"author":1,"featured_media":0,"parent":669,"menu_order":0,"comment_status":"closed","ping_status":"open","template":"template-full-width.php","meta":[],"_links":{"self":[{"href":"http:\/\/www.alsolu.com\/es\/wp-json\/wp\/v2\/pages\/731"}],"collection":[{"href":"http:\/\/www.alsolu.com\/es\/wp-json\/wp\/v2\/pages"}],"about":[{"href":"http:\/\/www.alsolu.com\/es\/wp-json\/wp\/v2\/types\/page"}],"author":[{"embeddable":true,"href":"http:\/\/www.alsolu.com\/es\/wp-json\/wp\/v2\/users\/1"}],"replies":[{"embeddable":true,"href":"http:\/\/www.alsolu.com\/es\/wp-json\/wp\/v2\/comments?post=731"}],"version-history":[{"count":7,"href":"http:\/\/www.alsolu.com\/es\/wp-json\/wp\/v2\/pages\/731\/revisions"}],"predecessor-version":[{"id":1691,"href":"http:\/\/www.alsolu.com\/es\/wp-json\/wp\/v2\/pages\/731\/revisions\/1691"}],"up":[{"embeddable":true,"href":"http:\/\/www.alsolu.com\/es\/wp-json\/wp\/v2\/pages\/669"}],"wp:attachment":[{"href":"http:\/\/www.alsolu.com\/es\/wp-json\/wp\/v2\/media?parent=731"}],"curies":[{"name":"wp","href":"https:\/\/api.w.org\/{rel}","templated":true}]}}