{"id":702,"date":"2014-01-28T15:26:24","date_gmt":"2014-01-28T14:26:24","guid":{"rendered":"http:\/\/www.alsolu.com\/es\/?page_id=702"},"modified":"2014-03-10T15:04:11","modified_gmt":"2014-03-10T14:04:11","slug":"barandilla-inclinada-o-curvada-autoportante","status":"publish","type":"page","link":"http:\/\/www.alsolu.com\/es\/memo\/productos\/proteccion-colectiva\/barandilla\/barandilla-inclinada-o-curvada-autoportante\/","title":{"rendered":"VECTACO\u00ae Barandilla inclinada o curvada autoportante"},"content":{"rendered":"<div class=\"one-half\">\n<p><a title=\"VECTACO\u00ae Barandilla inclinada o curvada autoportante\" href=\"http:\/\/www.alsolu.com\/es\/wp-content\/uploads\/sites\/2\/2014\/01\/Vectaco-inclice-or-curved-free-standing-guardrail.jpg\" rel=\"prettyPhoto\"><img loading=\"lazy\" class=\"alignnone  wp-image-1659 cadre\" title=\"VECTACO\u00ae Barandilla inclinada o curvada autoportante\" alt=\"VECTACO\u00ae Barandilla inclinada o curvada autoportante\" src=\"http:\/\/www.alsolu.com\/es\/wp-content\/uploads\/sites\/2\/2014\/01\/Vectaco-inclice-or-curved-free-standing-guardrail-440x290.jpg\" width=\"440\" height=\"290\" \/><\/a><\/p>\n<ul class=\"pricing-table clearfix\"><li class=\"pricing-column five no left\"><div class=\"pricing-header\"><span class=\"title\">Modelos<\/span><\/div><div class=\"pricing-features\">\n<ul>\n<li><strong>Pasamano + Tubo intermedio<br \/>\n<\/strong><\/li>\n<li><strong><strong><strong>Pasamano + Tubo intermedio<\/strong><br \/>\n<\/strong>+ Rodapi\u00e9<br \/>\n<\/strong><\/li>\n<\/ul>\n<\/div><\/li><li class=\"pricing-column five no left\"><div class=\"pricing-header\"><span class=\"title\">Recto<\/span><\/div><div class=\"pricing-features\">\n<ul>\n<li>VAP-D2<\/li>\n<li>VAP-D3<br \/>\n<span style=\"color: #f0f0f0;\">.<\/span><\/li>\n<\/ul>\n<\/div><\/li><li class=\"pricing-column five no left\"><div class=\"pricing-header\"><span class=\"title\">Inclinado<\/span><\/div><div class=\"pricing-features\">\n<ul>\n<li>VAP-I2<\/li>\n<li>VAP-I3<br \/>\n<span style=\"color: #f0f0f0;\">.<\/span><\/li>\n<\/ul>\n<\/div><\/li><li class=\"pricing-column five no left\"><div class=\"pricing-header\"><span class=\"title\">Curvado<\/span><\/div><div class=\"pricing-features\">\n<ul>\n<li>VAP-C2<\/li>\n<li>VAP-C3<br \/>\n<span style=\"color: #f0f0f0;\">.<\/span><\/li>\n<\/ul>\n<\/div><\/li><li class=\"pricing-column five no left\"><div class=\"pricing-header\"><span class=\"title\">Abatible<\/span><\/div><div class=\"pricing-features\">\n<ul>\n<li>VAP-R2<\/li>\n<li>VAP-R3<br \/>\n<span style=\"color: #f0f0f0;\">.<\/span><\/li>\n<\/ul>\n<\/div><\/li><\/ul>\n<div class=\"toggle clearfix\"><div class=\"toggle-title\"><div class=\"plus\" id=\"doc\"><\/div><h5>Documentation<\/h5><\/div><div class=\"inner-content\"><a href=\"http:\/\/www.alsolu.com\/es\/wp-content\/uploads\/2014\/01\/pdf.png\"><img loading=\"lazy\" alt=\"Fichier PDF\" src=\"http:\/\/www.alsolu.com\/es\/wp-content\/uploads\/2014\/01\/pdf.png\" width=\"24\" height=\"25\" \/><\/a><a href=\"http:\/\/www.alsolu.com\/fichas-tecnicas\/barandilla\/ficha-tecnica-barandilla-inclinada-o-curva-autoportante-ft007.pdf\" target=\"_blank\">Ficha tecnica 007 &#8211; barandilla inclinada o curva autoportante VECTACO\u00ae<\/a><\/div><\/div>\n<\/div>\n<div class=\"one-half column-last\">\n<p style=\"text-align: right;\"><a class=\"devis-blue\" title=\"Solicitud de presupuesto - Barandilla inclinada o curvada autoportante\" href=\"http:\/\/www.alsolu.com\/es\/contact-702\">Solicitud de presupuesto<\/a><\/p>\n<h1>Uso<\/h1>\n<p>La barandilla VECTACO\u00ae inclinada o curvada autoportante es un sistema de protecci\u00f3n colectiva antica\u00eddas destinado a proteger los tejados-terrazas no accesibles al p\u00fablico.<br \/>\nEs una soluci\u00f3n ideal cuando es t\u00e9cnicamente imposible una fijaci\u00f3n mec\u00e1nica en el soporte existente. Este sistema evita cualquier trabajo de perforaci\u00f3n en tejado.<br \/>\nLos montantes de la barandilla VECTACO\u00ae, inclinados o curvados son menos visibles desde el exterior del edificio. De esta manera responden a ciertas obligaciones arquitect\u00f3nicas y al mismo tiempo aseguran la protecci\u00f3n colectiva de los usuarios.<br \/>\nLos contrapesos pl\u00e1sticos y plantillas clipsadas preservan la impermeabilidad del tejado.<br \/>\nCada montante est\u00e1 compuesto por dos contrapesos pl\u00e1sticos.<br \/>\nLas asas de los contrapesos pl\u00e1sticos permiten un buen agarre y simplif\u00edcan la manutenci\u00f3n.<\/p>\n<h1>Caracter\u00edsticas t\u00e9cnicas<\/h1>\n<ul class=\"gray-link\">\n<li><strong>Matierial barandilla<\/strong> : aluminio.<\/li>\n<li><strong>Acabado<\/strong> : bruto, anodizado o termolacado (pinturas RAL) bajo pedido:<\/li>\n<li><strong>Peso en m\u00b2<\/strong> : 21 kg.<\/li>\n<li><strong>Peso en ml<\/strong> : 28 kg.<\/li>\n<li><strong>Peso de un contrapeso pl\u00e1stico (x2)<\/strong> : 12,5 kg.<\/li>\n<li><strong>Inclinaci\u00f3n est\u00e1ndar de los montantes<\/strong> : 30\u00b0 o 15\u00b0 bajo pedido.<\/li>\n<li><strong>Cumple con las normas<\/strong> : Europea EN 14 122-3 y Francesa NF E 85-015.<\/li>\n<\/ul>\n<\/div><div class=\"clear\"><\/div>\n","protected":false},"excerpt":{"rendered":"","protected":false},"author":1,"featured_media":0,"parent":669,"menu_order":0,"comment_status":"closed","ping_status":"open","template":"template-full-width.php","meta":[],"_links":{"self":[{"href":"http:\/\/www.alsolu.com\/es\/wp-json\/wp\/v2\/pages\/702"}],"collection":[{"href":"http:\/\/www.alsolu.com\/es\/wp-json\/wp\/v2\/pages"}],"about":[{"href":"http:\/\/www.alsolu.com\/es\/wp-json\/wp\/v2\/types\/page"}],"author":[{"embeddable":true,"href":"http:\/\/www.alsolu.com\/es\/wp-json\/wp\/v2\/users\/1"}],"replies":[{"embeddable":true,"href":"http:\/\/www.alsolu.com\/es\/wp-json\/wp\/v2\/comments?post=702"}],"version-history":[{"count":9,"href":"http:\/\/www.alsolu.com\/es\/wp-json\/wp\/v2\/pages\/702\/revisions"}],"predecessor-version":[{"id":705,"href":"http:\/\/www.alsolu.com\/es\/wp-json\/wp\/v2\/pages\/702\/revisions\/705"}],"up":[{"embeddable":true,"href":"http:\/\/www.alsolu.com\/es\/wp-json\/wp\/v2\/pages\/669"}],"wp:attachment":[{"href":"http:\/\/www.alsolu.com\/es\/wp-json\/wp\/v2\/media?parent=702"}],"curies":[{"name":"wp","href":"https:\/\/api.w.org\/{rel}","templated":true}]}}