{"id":659,"date":"2014-01-28T13:59:56","date_gmt":"2014-01-28T12:59:56","guid":{"rendered":"http:\/\/www.alsolu.com\/es\/?page_id=659"},"modified":"2014-02-11T17:44:07","modified_gmt":"2014-02-11T16:44:07","slug":"sacos","status":"publish","type":"page","link":"http:\/\/www.alsolu.com\/es\/memo\/productos\/proteccion-individual\/epi\/sacos\/","title":{"rendered":"Saco robusto de capacidad media &#8211; Portage 30 L"},"content":{"rendered":"<div class=\"one-half\">\n<p><a title=\"Saco robusto de capacidad media - Portage 30 L\" href=\"http:\/\/www.alsolu.com\/es\/wp-content\/uploads\/sites\/2\/2014\/01\/pack.png\" rel=\"prettyPhoto\"><img loading=\"lazy\" class=\"alignnone size-capture-produit wp-image-1548\" title=\"Saco robusto de capacidad media - Portage 30 L\" alt=\"Saco robusto de capacidad media - Portage 30 L\" src=\"http:\/\/www.alsolu.com\/es\/wp-content\/uploads\/sites\/2\/2014\/01\/pack-440x290.png\" width=\"440\" height=\"290\" \/><\/a><\/p>\n<\/div>\n<div class=\"one-half column-last\">\n<h1>Uso<\/h1>\n<p>El saco PORTAGE es un saco robusto de capacidad media. Sus tirantes acolchados proporcionan una gran comodidad al llevarlo. A partir de ahora, la lona utilizada se fabrica sin PVC.<\/p>\n<ul class=\"gray-link\">\n<li>Tirantes acolchados para llevarlo c\u00f3modamente<\/li>\n<li>Tapa superior con bolsillo de identificaci\u00f3n interior<\/li>\n<li>Cuerpo y fondo de lona reforzada y con costuras soldadas para una mayor resistencia (sin PVC)<\/li>\n<li>Cierre tipo Tanka f\u00e1cil de manipular, dise\u00f1ado para los entornos dif\u00edciles<\/li>\n<li>Asa lateral y superior para el transporte en mano<\/li>\n<li>Anillo superior para izarlo<\/li>\n<li>Anillo interior para colgar el saco en posici\u00f3n abierta<\/li>\n<\/ul>\n<h1>Caracter\u00edsticas t\u00e9cnicas<\/h1>\n<p><strong>Peso <\/strong>: 850 g<br \/>\n<strong>Capacidad <\/strong>: 30 L<br \/>\n<strong>Materiales :\u00a0<\/strong>Poli\u00e9ster, poliuretano, poliamida, polietileno, EVA, aluminio y lat\u00f3n<br \/>\n<strong>Made in : FR<\/strong><br \/>\n<strong>Garant\u00eda<\/strong> : 3 a\u00f1os<\/p>\n<\/div><div class=\"clear\"><\/div>\n","protected":false},"excerpt":{"rendered":"","protected":false},"author":1,"featured_media":0,"parent":428,"menu_order":0,"comment_status":"closed","ping_status":"open","template":"template-full-width.php","meta":[],"_links":{"self":[{"href":"http:\/\/www.alsolu.com\/es\/wp-json\/wp\/v2\/pages\/659"}],"collection":[{"href":"http:\/\/www.alsolu.com\/es\/wp-json\/wp\/v2\/pages"}],"about":[{"href":"http:\/\/www.alsolu.com\/es\/wp-json\/wp\/v2\/types\/page"}],"author":[{"embeddable":true,"href":"http:\/\/www.alsolu.com\/es\/wp-json\/wp\/v2\/users\/1"}],"replies":[{"embeddable":true,"href":"http:\/\/www.alsolu.com\/es\/wp-json\/wp\/v2\/comments?post=659"}],"version-history":[{"count":7,"href":"http:\/\/www.alsolu.com\/es\/wp-json\/wp\/v2\/pages\/659\/revisions"}],"predecessor-version":[{"id":2079,"href":"http:\/\/www.alsolu.com\/es\/wp-json\/wp\/v2\/pages\/659\/revisions\/2079"}],"up":[{"embeddable":true,"href":"http:\/\/www.alsolu.com\/es\/wp-json\/wp\/v2\/pages\/428"}],"wp:attachment":[{"href":"http:\/\/www.alsolu.com\/es\/wp-json\/wp\/v2\/media?parent=659"}],"curies":[{"name":"wp","href":"https:\/\/api.w.org\/{rel}","templated":true}]}}