{"id":640,"date":"2014-01-28T11:48:30","date_gmt":"2014-01-28T10:48:30","guid":{"rendered":"http:\/\/www.alsolu.com\/es\/?page_id=640"},"modified":"2014-02-11T16:58:43","modified_gmt":"2014-02-11T15:58:43","slug":"progress","status":"publish","type":"page","link":"http:\/\/www.alsolu.com\/es\/memo\/productos\/proteccion-individual\/epi\/elementos-de-amarre-y-absorbedores\/progress\/","title":{"rendered":"Elemento de amarre de progresi\u00f3n &#8211; PROGRESS"},"content":{"rendered":"<div class=\"one-half\"><a title=\"Progress\" href=\"http:\/\/www.alsolu.com\/es\/wp-content\/uploads\/sites\/2\/2014\/01\/mini-progress.png\" rel=\"prettyPhoto\"><img loading=\"lazy\" class=\"alignnone size-full wp-image-1542\" title=\"Progress\" alt=\"Progress\" src=\"http:\/\/www.alsolu.com\/es\/wp-content\/uploads\/sites\/2\/2014\/01\/mini-progress.png\" width=\"295\" height=\"219\" \/><\/a><\/p>\n<\/div>\n<div class=\"one-half column-last\">\n<h1>Uso<\/h1>\n<p>El cord\u00f3n PROGRESS est\u00e1 dise\u00f1ado para la progresi\u00f3n de la cuerda. La estructura de cuerda din\u00e1mica limita la energ\u00eda transmitida al usuario que cae en una ca\u00edda limitada. Las se\u00f1ales indicadoras de ca\u00edda que se retir\u00f3 a los deberes de productos.<\/p>\n<ul class=\"gray-link\">\n<li>L\u00edmites cuerda cuerda din\u00e1mica de la energ\u00eda transmitida al usuario que cae en una ca\u00edda limitada (no ir por encima de los puntos de anclaje)<\/li>\n<li>Oto\u00f1o indicador: la costura verde desaparece cuando el cord\u00f3n se somete a una ca\u00edda importante (uso indebido): Requiere que el cord\u00f3n de jubilaci\u00f3n anticipada<\/li>\n<li>Brazo largo se utiliza con una abrazadera de cuerda ASCENSI\u00d3N manejado para la progresi\u00f3n en una cuerda<\/li>\n<li>Brazo corto para el recorte, de paso, anclajes intermedios Cuando<\/li>\n<li>Y forma Permite la conexi\u00f3n al progresar a lo largo de una l\u00ednea fija<\/li>\n<li>Finaliza equipados con una funda de pl\u00e1stico que sujeta el conector en su lugar y la cinta de la abrasi\u00f3n Protege<\/li>\n<\/ul>\n<h1>Caracter\u00edsticas t\u00e9cnicas<\/h1>\n<ul class=\"gray-link\">\n<li><strong>Referenzia : L44<\/strong><br \/>\n&#8211; Peso: 150 g<br \/>\n&#8211; Materia (s): nylon, poli\u00e9ster<br \/>\n&#8211; Otras especificaciones: Longitud: 30 cm de brazo corto<br \/>\nCertificaci\u00f3n (s): CE EN 355<\/li>\n<\/ul>\n<ul class=\"gray-link\">\n<li><strong>Made in : FR<br \/>\n<\/strong><\/li>\n<\/ul>\n<ul class=\"gray-link\">\n<li><strong>Garantia <\/strong>: 3 anni<\/li>\n<\/ul>\n<\/div><div class=\"clear\"><\/div>\n","protected":false},"excerpt":{"rendered":"","protected":false},"author":1,"featured_media":0,"parent":604,"menu_order":0,"comment_status":"closed","ping_status":"open","template":"template-full-width.php","meta":[],"_links":{"self":[{"href":"http:\/\/www.alsolu.com\/es\/wp-json\/wp\/v2\/pages\/640"}],"collection":[{"href":"http:\/\/www.alsolu.com\/es\/wp-json\/wp\/v2\/pages"}],"about":[{"href":"http:\/\/www.alsolu.com\/es\/wp-json\/wp\/v2\/types\/page"}],"author":[{"embeddable":true,"href":"http:\/\/www.alsolu.com\/es\/wp-json\/wp\/v2\/users\/1"}],"replies":[{"embeddable":true,"href":"http:\/\/www.alsolu.com\/es\/wp-json\/wp\/v2\/comments?post=640"}],"version-history":[{"count":6,"href":"http:\/\/www.alsolu.com\/es\/wp-json\/wp\/v2\/pages\/640\/revisions"}],"predecessor-version":[{"id":2071,"href":"http:\/\/www.alsolu.com\/es\/wp-json\/wp\/v2\/pages\/640\/revisions\/2071"}],"up":[{"embeddable":true,"href":"http:\/\/www.alsolu.com\/es\/wp-json\/wp\/v2\/pages\/604"}],"wp:attachment":[{"href":"http:\/\/www.alsolu.com\/es\/wp-json\/wp\/v2\/media?parent=640"}],"curies":[{"name":"wp","href":"https:\/\/api.w.org\/{rel}","templated":true}]}}