{"id":628,"date":"2014-01-28T11:23:54","date_gmt":"2014-01-28T10:23:54","guid":{"rendered":"http:\/\/www.alsolu.com\/es\/?page_id=628"},"modified":"2014-02-11T16:34:42","modified_gmt":"2014-02-11T15:34:42","slug":"grillon-hook","status":"publish","type":"page","link":"http:\/\/www.alsolu.com\/es\/memo\/productos\/proteccion-individual\/epi\/elementos-de-amarre-y-absorbedores\/grillon-hook\/","title":{"rendered":"Elemento de amarre regulable de sujeci\u00f3n con conector hook &#8211; GRILLON HOOK"},"content":{"rendered":"<div class=\"one-half\">\n<p style=\"text-align: center;\"><a title=\"Grillon hook\" href=\"http:\/\/www.alsolu.com\/es\/wp-content\/uploads\/sites\/2\/2014\/01\/mini-lanyard-hook.png\" rel=\"prettyPhoto\"><img loading=\"lazy\" class=\"size-full wp-image-1541 aligncenter\" title=\"Grillon hook\" alt=\"Grillon hook\" src=\"http:\/\/www.alsolu.com\/es\/wp-content\/uploads\/sites\/2\/2014\/01\/mini-lanyard-hook.png\" width=\"295\" height=\"219\" \/><\/a><\/p>\n<\/div>\n<div class=\"one-half column-last\">\n<h1>Uso<\/h1>\n<ul class=\"gray-link\">\n<li>Elemento de amarre con sistema de regulaci\u00f3n progresiva que permite ajustar con precisi\u00f3n la posici\u00f3n de trabajo.<\/li>\n<li>Se utiliza en doble, conectado a los puntos de enganche laterales del arn\u00e9s para repartir la carga en el cintur\u00f3n (si el usuario est\u00e1 apoyado sobre los pies): la regulaci\u00f3n se realiza accionando la leva pivotante.<\/li>\n<li>Puede utilizarse en simple, conectado al punto de enganche ventral del arn\u00e9s para repartir la carga entre la cintura y los muslos (si el usuario est\u00e1 en suspensi\u00f3n): la regulaci\u00f3n se realiza accionando la empu\u00f1adura y sujetando el cabo libre de la cuerda (es necesario abrir el aparato para retirar la funda de protecci\u00f3n).<\/li>\n<li>Funda de protecci\u00f3n amovible para proteger la cuerda de los puntos de contacto agresivos, para favorecer su deslizamiento.<\/li>\n<li>Disponible en varias longitudes.<\/li>\n<\/ul>\n<h1>Caracter\u00edsticas t\u00e9cnicas<\/h1>\n<ul class=\"gray-link\">\n<li><strong>Referenzia : L52H 002<\/strong><br \/>\n&#8211; Peso : 625 g<br \/>\n&#8211; Longitud : 2 m<\/li>\n<\/ul>\n<ul class=\"gray-link\">\n<li><strong>Referenzia : L52H 003<\/strong><br \/>\n&#8211; Peso : 735 g<br \/>\n&#8211; Longitud : 3 m<\/li>\n<\/ul>\n<ul class=\"gray-link\">\n<li><strong>Referenzia : L52H 004<\/strong><br \/>\n&#8211; Peso : 815 g<br \/>\n&#8211; Longitud : 4 m<\/li>\n<\/ul>\n<ul class=\"gray-link\">\n<li><strong>Referenzia : L52H 005<\/strong><br \/>\n&#8211; Peso : 895 g<br \/>\n&#8211; Longitud : 5 m<\/li>\n<\/ul>\n<ul class=\"gray-link\">\n<li><strong>Certificaciones : CE EN 358<\/strong><\/li>\n<\/ul>\n<ul class=\"gray-link\">\n<li><strong>Made in : FR<br \/>\n<\/strong><\/li>\n<\/ul>\n<ul class=\"gray-link\">\n<li><strong>Garant\u00eda<\/strong> : 3 a\u00f1os<\/li>\n<\/ul>\n<\/div><div class=\"clear\"><\/div>\n","protected":false},"excerpt":{"rendered":"","protected":false},"author":1,"featured_media":0,"parent":604,"menu_order":0,"comment_status":"closed","ping_status":"open","template":"template-full-width.php","meta":[],"_links":{"self":[{"href":"http:\/\/www.alsolu.com\/es\/wp-json\/wp\/v2\/pages\/628"}],"collection":[{"href":"http:\/\/www.alsolu.com\/es\/wp-json\/wp\/v2\/pages"}],"about":[{"href":"http:\/\/www.alsolu.com\/es\/wp-json\/wp\/v2\/types\/page"}],"author":[{"embeddable":true,"href":"http:\/\/www.alsolu.com\/es\/wp-json\/wp\/v2\/users\/1"}],"replies":[{"embeddable":true,"href":"http:\/\/www.alsolu.com\/es\/wp-json\/wp\/v2\/comments?post=628"}],"version-history":[{"count":7,"href":"http:\/\/www.alsolu.com\/es\/wp-json\/wp\/v2\/pages\/628\/revisions"}],"predecessor-version":[{"id":1629,"href":"http:\/\/www.alsolu.com\/es\/wp-json\/wp\/v2\/pages\/628\/revisions\/1629"}],"up":[{"embeddable":true,"href":"http:\/\/www.alsolu.com\/es\/wp-json\/wp\/v2\/pages\/604"}],"wp:attachment":[{"href":"http:\/\/www.alsolu.com\/es\/wp-json\/wp\/v2\/media?parent=628"}],"curies":[{"name":"wp","href":"https:\/\/api.w.org\/{rel}","templated":true}]}}