{"id":622,"date":"2014-01-28T11:15:58","date_gmt":"2014-01-28T10:15:58","guid":{"rendered":"http:\/\/www.alsolu.com\/es\/?page_id=622"},"modified":"2014-02-11T16:26:58","modified_gmt":"2014-02-11T15:26:58","slug":"grillon","status":"publish","type":"page","link":"http:\/\/www.alsolu.com\/es\/memo\/productos\/proteccion-individual\/epi\/elementos-de-amarre-y-absorbedores\/grillon\/","title":{"rendered":"Elemento de amarre regulable de sujeci\u00f3n &#8211; GRILLON"},"content":{"rendered":"<div class=\"one-half\">\n<p><a title=\"Grillon\" href=\"http:\/\/www.alsolu.com\/es\/wp-content\/uploads\/sites\/2\/2014\/01\/mini-grillon.png\" rel=\"prettyPhoto\"><img loading=\"lazy\" class=\"alignnone size-full wp-image-1539\" title=\"Grillon\" alt=\"Grillon\" src=\"http:\/\/www.alsolu.com\/es\/wp-content\/uploads\/sites\/2\/2014\/01\/mini-grillon.png\" width=\"295\" height=\"219\" \/><\/a><\/p>\n<\/div>\n<div class=\"one-half column-last\">\n<h1>Uso<\/h1>\n<ul class=\"gray-link\">\n<li>Elemento de amarre con sistema de regulaci\u00f3n progresiva que permite ajustar con precisi\u00f3n la posici\u00f3n de trabajo<\/li>\n<li>Se puede utilizar de dos modos :<br \/>\n&#8211; en doble, conectado a los puntos de enganche laterales del arn\u00e9s para repartir la carga en el cintur\u00f3n (si el usuario est\u00e1 apoyado sobre los pies): la regulaci\u00f3n se realiza accionando la leva pivotante<br \/>\n&#8211; en simple, conectado al punto de enganche ventral del arn\u00e9s para repartir la carga entre la cintura y los muslos (si el usuario est\u00e1 en suspensi\u00f3n): la regulaci\u00f3n se realiza accionando la empu\u00f1adura y sujetando el cabo libre de la cuerda<\/li>\n<li>Funda de protecci\u00f3n amovible para proteger la cuerda de los puntos de contacto agresivos a la vez que favorece su deslizamiento. La protecci\u00f3n puede retirarse cuando el elemento de amarre se utiliza en simple para ascender lo m\u00e1s cerca posible del anclaje<\/li>\n<li>Disponible en varias longitudes.<\/li>\n<\/ul>\n<h1>Caracter\u00edsticas t\u00e9cnicas<\/h1>\n<p>NOTA: los elementos de amarre GRILLON tambi\u00e9n pueden ser utilizados para realizar anclajes regulables y l\u00edneas de seguridad horizontales, para estas utilizaciones consulte las versiones espec\u00edficas de elementos de amarre GRILLON.<\/p>\n<ul class=\"gray-link\">\n<li><strong>Referenzia : L52A 002<\/strong><br \/>\n&#8211; Peso:\u00a0 435 g<br \/>\n&#8211; Longitud : 2 m<\/li>\n<\/ul>\n<ul class=\"gray-link\">\n<li><strong>Referenzia : L52A 003<\/strong><br \/>\n&#8211; Peso:\u00a0 515 g<br \/>\n&#8211; Longitud : 3 m<\/li>\n<\/ul>\n<ul class=\"gray-link\">\n<li><strong><strong>Referenzia <\/strong>: L52A 004<\/strong><br \/>\n&#8211; Peso:\u00a0 595 g<br \/>\n&#8211; Longitud : 4 m<\/li>\n<\/ul>\n<ul class=\"gray-link\">\n<li><strong>Referenzia : L52A 005<\/strong><br \/>\n&#8211; Peso:\u00a0 675 g<br \/>\n&#8211; Longitud : 5 m<\/li>\n<\/ul>\n<ul class=\"gray-link\">\n<li><strong>Certificaciones : CE EN 358<\/strong><\/li>\n<\/ul>\n<ul class=\"gray-link\">\n<li><strong>Made in : FR<br \/>\n<\/strong><\/li>\n<\/ul>\n<ul class=\"gray-link\">\n<li><strong>Garant\u00eda<\/strong> : 3 a\u00f1os<\/li>\n<\/ul>\n<\/div><div class=\"clear\"><\/div>\n","protected":false},"excerpt":{"rendered":"","protected":false},"author":1,"featured_media":0,"parent":604,"menu_order":0,"comment_status":"closed","ping_status":"open","template":"template-full-width.php","meta":[],"_links":{"self":[{"href":"http:\/\/www.alsolu.com\/es\/wp-json\/wp\/v2\/pages\/622"}],"collection":[{"href":"http:\/\/www.alsolu.com\/es\/wp-json\/wp\/v2\/pages"}],"about":[{"href":"http:\/\/www.alsolu.com\/es\/wp-json\/wp\/v2\/types\/page"}],"author":[{"embeddable":true,"href":"http:\/\/www.alsolu.com\/es\/wp-json\/wp\/v2\/users\/1"}],"replies":[{"embeddable":true,"href":"http:\/\/www.alsolu.com\/es\/wp-json\/wp\/v2\/comments?post=622"}],"version-history":[{"count":9,"href":"http:\/\/www.alsolu.com\/es\/wp-json\/wp\/v2\/pages\/622\/revisions"}],"predecessor-version":[{"id":2066,"href":"http:\/\/www.alsolu.com\/es\/wp-json\/wp\/v2\/pages\/622\/revisions\/2066"}],"up":[{"embeddable":true,"href":"http:\/\/www.alsolu.com\/es\/wp-json\/wp\/v2\/pages\/604"}],"wp:attachment":[{"href":"http:\/\/www.alsolu.com\/es\/wp-json\/wp\/v2\/media?parent=622"}],"curies":[{"name":"wp","href":"https:\/\/api.w.org\/{rel}","templated":true}]}}