{"id":593,"date":"2014-01-28T09:52:31","date_gmt":"2014-01-28T08:52:31","guid":{"rendered":"http:\/\/www.alsolu.com\/es\/?page_id=593"},"modified":"2014-02-11T15:56:58","modified_gmt":"2014-02-11T14:56:58","slug":"top","status":"publish","type":"page","link":"http:\/\/www.alsolu.com\/es\/memo\/productos\/proteccion-individual\/epi\/arnes\/top\/","title":{"rendered":"Torso para arn\u00e9s de asianto &#8211; TOP"},"content":{"rendered":"<div class=\"one-half\">\n<p><a title=\"Top harness\" href=\"http:\/\/www.alsolu.com\/es\/wp-content\/uploads\/sites\/2\/2014\/01\/top-harness.png\" rel=\"prettyPhoto\"><img loading=\"lazy\" class=\"alignnone  wp-image-1551\" title=\"Top harness\" alt=\"Top harness\" src=\"http:\/\/www.alsolu.com\/es\/wp-content\/uploads\/sites\/2\/2014\/01\/top-harness-440x290.png\" width=\"440\" height=\"290\" \/><\/a><\/p>\n<\/div>\n<div class=\"one-half column-last\">\n<h1>Uso<\/h1>\n<ul class=\"gray-link\">\n<li>Transforma los arneses de asiento AVAO SIT, FALCON y SEQUOIA SRT en arneses antica\u00eddas<\/li>\n<li>Se une a la hebilla posterior y se conecta al punto de enganche ventral<\/li>\n<li>Tirantes acolchados separados para limitar el rozamiento en el cuello y facilitar la colocaci\u00f3n. Cuando se lleva carga en el cintur\u00f3n, los tirantes tambi\u00e9n soportan esta carga y la reparten en los hombros<\/li>\n<li>Tirantes equipados con dos hebillas autobloqueantes DoubleBack para un ajuste simple y r\u00e1pido<\/li>\n<li>Un punto de enganche esternal para conectar un sistema antica\u00eddas<\/li>\n<\/ul>\n<h1>Caracter\u00edsticas t\u00e9cnicas<\/h1>\n<ul class=\"gray-link\">\n<li><strong>Disponible en dos versiones :<\/strong><br \/>\n&#8211; TOP (C81AAA)<br \/>\n&#8211; TOP (C81AAN):\u00a0color negro<\/li>\n<\/ul>\n<ul class=\"gray-link\">\n<li><strong>Certificaci\u00f3n<\/strong> : CE EN 361 (con arn\u00e9s de asiento AVAO\u00a0SIT, NAVAHO\u00a0SIT, FALCON, SEQUOIA\u00a0SRT)<\/li>\n<\/ul>\n<ul class=\"gray-link\">\n<li><strong>C\u00f3digo C81AAA &#8211; TOP\u2028 :<\/strong><br \/>\nPeso: 660 g<br \/>\nEstatura: 160 &#8211; 200 cm<\/li>\n<\/ul>\n<ul class=\"gray-link\">\n<li><strong>C\u00f3digo C81AAN &#8211; TOP NOIR\u2028 : <\/strong><br \/>\nPeso: 660 g<br \/>\nEstatura: 160 &#8211; 200 cm<\/li>\n<\/ul>\n<\/div><div class=\"clear\"><\/div>\n","protected":false},"excerpt":{"rendered":"","protected":false},"author":1,"featured_media":0,"parent":577,"menu_order":0,"comment_status":"closed","ping_status":"open","template":"template-full-width.php","meta":[],"_links":{"self":[{"href":"http:\/\/www.alsolu.com\/es\/wp-json\/wp\/v2\/pages\/593"}],"collection":[{"href":"http:\/\/www.alsolu.com\/es\/wp-json\/wp\/v2\/pages"}],"about":[{"href":"http:\/\/www.alsolu.com\/es\/wp-json\/wp\/v2\/types\/page"}],"author":[{"embeddable":true,"href":"http:\/\/www.alsolu.com\/es\/wp-json\/wp\/v2\/users\/1"}],"replies":[{"embeddable":true,"href":"http:\/\/www.alsolu.com\/es\/wp-json\/wp\/v2\/comments?post=593"}],"version-history":[{"count":6,"href":"http:\/\/www.alsolu.com\/es\/wp-json\/wp\/v2\/pages\/593\/revisions"}],"predecessor-version":[{"id":2060,"href":"http:\/\/www.alsolu.com\/es\/wp-json\/wp\/v2\/pages\/593\/revisions\/2060"}],"up":[{"embeddable":true,"href":"http:\/\/www.alsolu.com\/es\/wp-json\/wp\/v2\/pages\/577"}],"wp:attachment":[{"href":"http:\/\/www.alsolu.com\/es\/wp-json\/wp\/v2\/media?parent=593"}],"curies":[{"name":"wp","href":"https:\/\/api.w.org\/{rel}","templated":true}]}}