{"id":590,"date":"2014-01-28T09:47:34","date_gmt":"2014-01-28T08:47:34","guid":{"rendered":"http:\/\/www.alsolu.com\/es\/?page_id=590"},"modified":"2014-02-11T15:52:02","modified_gmt":"2014-02-11T14:52:02","slug":"avao-sit","status":"publish","type":"page","link":"http:\/\/www.alsolu.com\/es\/memo\/productos\/proteccion-individual\/epi\/arnes\/avao-sit\/","title":{"rendered":"Arn\u00e9s de asiento de sujeci\u00f3n &#8211; AVAO\u00ae SIT"},"content":{"rendered":"<div class=\"one-half\">\n<p><a title=\"Avao-sit\" href=\"http:\/\/www.alsolu.com\/es\/wp-content\/uploads\/sites\/2\/2014\/01\/avao-sit.png\" rel=\"prettyPhoto\"><img loading=\"lazy\" class=\"alignnone  wp-image-1522\" title=\"Avao-sit\" alt=\"Avao-sit\" src=\"http:\/\/www.alsolu.com\/es\/wp-content\/uploads\/sites\/2\/2014\/01\/avao-sit-440x290.png\" width=\"440\" height=\"290\" \/><\/a><\/p>\n<\/div>\n<div class=\"one-half column-last\">\n<h1>Uso<\/h1>\n<ul class=\"gray-link\">\n<li>Cintur\u00f3n y perneras semirr\u00edgidos y anchos para una sujeci\u00f3n excelente. Preformados y acolchados con espuma perforada y transpirable para una comodidad m\u00e1xima en suspensi\u00f3n<\/li>\n<li>Cintur\u00f3n y tirantes equipados con dos hebillas autobloqueantes DoubleBack para un ajuste simple y r\u00e1pido<\/li>\n<li>Punto de enganche ventral para repartir la carga entre el cintur\u00f3n y las perneras durante los trabajos en suspensi\u00f3n<\/li>\n<li>Dos puntos de enganche laterales que transmiten la carga al nivel de la cintura para trabajar c\u00f3modamente con los pies en apoyo. Son escamoteables para evitar que se enganchen accidentalmente<\/li>\n<li>Un punto de enganche posterior en el cintur\u00f3n para conectar un elemento de amarre de retenci\u00f3n o el torso TOP CROLL para transformar el arn\u00e9s de asiento en un arn\u00e9s de accesos dif\u00edciles (versiones nueva y anterior)<\/li>\n<li>Cinco anillos portamaterial preformados con funda de protecci\u00f3n<\/li>\n<li>Trabillas para los portaherramientas CARITOOL<\/li>\n<li>Trabillas para la bolsa portaherramientas TOOLBAG<\/li>\n<\/ul>\n<h1>Caracter\u00edsticas t\u00e9cnicas<\/h1>\n<ul class=\"gray-link\">\n<li><strong>Disponible en tres\u00a0versiones : <\/strong><br \/>\n&#8211; <strong>AVAO SIT (C79AAA)<\/strong>\u2009: eg loops equipped with self-locking buckles DoubleBack,<br \/>\n&#8211; <strong>AVAO SIT FAST (C79AFA)<\/strong>\u2009: leg loops equipped with FAST automatic buckles for opening and closing fast and easy , without loss of control , even with gloves<br \/>\n&#8211; <strong>AVAO SIT (C79AAN)<\/strong>\u2009: black and leg loops equipped with self-locking buckles DoubleBack.<\/li>\n<li><strong>Certificaci\u00f3n<\/strong> : CE EN 358, CE EN 813<\/li>\n<\/ul>\n<ul class=\"gray-link\">\n<li><strong>C\u00f3digo C79AAA\u00a01 &#8211; AVAO SIT\u00a0Talla\u00a01 :<\/strong><br \/>\nWeight : 1 125 g<br \/>\nWaist : 70 &#8211; 110 cm<br \/>\nThigh : 45 &#8211; 65 cm<\/li>\n<\/ul>\n<ul class=\"gray-link\">\n<li><strong>C\u00f3digo\u00a0C79AAA\u00a02 &#8211; AVAO SIT Talla\u00a02 :<\/strong><br \/>\nWeight : 1 140 g<br \/>\nWaist : 80- 130 cm<br \/>\nThigh : 60 &#8211; 75 cm<\/li>\n<\/ul>\n<ul class=\"gray-link\">\n<li><strong>C79AFA\u00a00 &#8211; AVAO SIT FAST\u00a0Talla\u00a00 \u2028:<\/strong><br \/>\nWeight : 1 200 g<br \/>\nWaist : 60 &#8211; 90 cm<br \/>\nThigh : 45 &#8211; 65 cm<\/li>\n<\/ul>\n<ul class=\"gray-link\">\n<li><strong>C\u00f3digo\u00a0C79AFA\u00a01 &#8211; AVAO SIT FAST\u00a0Talla\u00a01 \u2028:<\/strong><br \/>\nWeight : 2 215 g<br \/>\nWaist : 70 &#8211; 110 cm<br \/>\nThigh : 60 &#8211; 75 cm<\/li>\n<\/ul>\n<ul class=\"gray-link\">\n<li><strong>C\u00f3digo C79AFA\u00a02 &#8211; AVAO SIT FAST\u00a0Talla\u00a02\u2028 :<\/strong><br \/>\nWeight : 1 230 g<br \/>\nWaist : 80 &#8211; 130 cm<br \/>\nThigh : 60 &#8211; 75 cm<\/li>\n<\/ul>\n<ul class=\"gray-link\">\n<li><strong>C\u00f3digo C79AAN 1 &#8211; AVAO SIT FAST NOIR\u00a0Talla\u00a01\u2028 :<\/strong><br \/>\nWeight : 1 125 g<br \/>\nWaist : 70 &#8211; 110 cm<br \/>\nThigh : 45 &#8211; 65 cm<\/li>\n<\/ul>\n<ul class=\"gray-link\">\n<li><strong>C\u00f3digo\u00a0C79AAN 2 &#8211; AVAO SIT FAST\u00a0NOIR\u00a0Talla2 \u2028:<\/strong><br \/>\nWeight : 1 140 g<br \/>\nWaist : 80 &#8211; 130 cm<br \/>\nThigh : 60 &#8211; 75 cm<\/li>\n<\/ul>\n<\/div><div class=\"clear\"><\/div>\n","protected":false},"excerpt":{"rendered":"","protected":false},"author":1,"featured_media":0,"parent":577,"menu_order":0,"comment_status":"closed","ping_status":"open","template":"template-full-width.php","meta":[],"_links":{"self":[{"href":"http:\/\/www.alsolu.com\/es\/wp-json\/wp\/v2\/pages\/590"}],"collection":[{"href":"http:\/\/www.alsolu.com\/es\/wp-json\/wp\/v2\/pages"}],"about":[{"href":"http:\/\/www.alsolu.com\/es\/wp-json\/wp\/v2\/types\/page"}],"author":[{"embeddable":true,"href":"http:\/\/www.alsolu.com\/es\/wp-json\/wp\/v2\/users\/1"}],"replies":[{"embeddable":true,"href":"http:\/\/www.alsolu.com\/es\/wp-json\/wp\/v2\/comments?post=590"}],"version-history":[{"count":6,"href":"http:\/\/www.alsolu.com\/es\/wp-json\/wp\/v2\/pages\/590\/revisions"}],"predecessor-version":[{"id":2059,"href":"http:\/\/www.alsolu.com\/es\/wp-json\/wp\/v2\/pages\/590\/revisions\/2059"}],"up":[{"embeddable":true,"href":"http:\/\/www.alsolu.com\/es\/wp-json\/wp\/v2\/pages\/577"}],"wp:attachment":[{"href":"http:\/\/www.alsolu.com\/es\/wp-json\/wp\/v2\/media?parent=590"}],"curies":[{"name":"wp","href":"https:\/\/api.w.org\/{rel}","templated":true}]}}