{"id":583,"date":"2014-01-28T09:18:00","date_gmt":"2014-01-28T08:18:00","guid":{"rendered":"http:\/\/www.alsolu.com\/es\/?page_id=583"},"modified":"2014-02-11T15:39:45","modified_gmt":"2014-02-11T14:39:45","slug":"avao-bod","status":"publish","type":"page","link":"http:\/\/www.alsolu.com\/es\/memo\/productos\/proteccion-individual\/epi\/arnes\/avao-bod\/","title":{"rendered":"Arn\u00e9s confortable antica\u00eddas y de sujeci\u00f3n &#8211; AVAO\u00ae BOD"},"content":{"rendered":"<div class=\"one-half\">\n<p><a title=\"Avao-bod\" href=\"http:\/\/www.alsolu.com\/es\/wp-content\/uploads\/sites\/2\/2014\/01\/avao-bod.png\" rel=\"prettyPhoto\"><img loading=\"lazy\" class=\"alignnone  wp-image-1521\" title=\"Avao-bod\" alt=\"Avao-bod\" src=\"http:\/\/www.alsolu.com\/es\/wp-content\/uploads\/sites\/2\/2014\/01\/avao-bod-440x290.png\" width=\"440\" height=\"290\" \/><\/a><\/p>\n<\/div>\n<div class=\"one-half column-last\">\n<h1>Uso<\/h1>\n<ul class=\"gray-link\">\n<li>Construcci\u00f3n dorsal, en forma de X, ultraenvolvente para limitar los puntos de tensi\u00f3n durante las suspensiones prolongadas<\/li>\n<li>Cintur\u00f3n y perneras semirr\u00edgidas para una sujeci\u00f3n excelente. Preformados y acolchados con espuma perforada y transpirable para una comodidad m\u00e1xima en suspensi\u00f3n<\/li>\n<li>Tirantes acolchados separados para limitar el rozamiento en el cuello y facilitar la colocaci\u00f3n. Cuando se lleva carga en el cintur\u00f3n, los tirantes tambi\u00e9n soportan esta carga y la reparten en los hombros<\/li>\n<li>Cintur\u00f3n y tirantes equipados con dos hebillas autobloqueantes DoubleBack, para un ajuste simple y r\u00e1pido<\/li>\n<li>Punto de enganche ventral para repartir la carga entre el cintur\u00f3n y las perneras durante los trabajos en suspensi\u00f3n<\/li>\n<li>Dos puntos de enganche laterales que transmiten la carga al nivel de la cintura para trabajar c\u00f3modamente con los pies en apoyo. Son escamoteables para evitar que se enganchen accidentalmente<\/li>\n<li>Un punto de enganche esternal y un punto de enganche dorsal para conectar un sistema antica\u00eddas.\u2028Cuando se produce una ca\u00edda sobre el punto dorsal, las perneras soportan el peso, lo que permite permanecer m\u00e1s tiempo suspendido en el arn\u00e9s mientras se espera a los servicios de rescate<\/li>\n<li>Un punto de enganche posterior en el cintur\u00f3n para conectar un elemento de amarre de retenci\u00f3n<\/li>\n<li>Cinco anillos portamaterial preformados con funda de protecci\u00f3n<\/li>\n<li>Trabillas para los portaherramientas CARITOOL<\/li>\n<li>Trabillas para la bolsa portaherramientas TOOLBAG<\/li>\n<\/ul>\n<h1>Caracter\u00edsticas t\u00e9cnicas<\/h1>\n<ul class=\"gray-link\">\n<li><strong>Disponible en dos versiones : <\/strong><br \/>\n&#8211; AVAO BOD (C71AAA) leg loops equipped with self-locking buckles DoubleBack<br \/>\n&#8211; AVAO BOD FAST (C71AFA) leg loops equipped with FAST automatic buckles for opening and closing fast and easy, without loss of control, even with gloves.<\/li>\n<li><strong>Certificaci\u00f3n<\/strong> : CE EN 361, CE EN 358, CE EN 813<\/li>\n<\/ul>\n<ul class=\"gray-link\">\n<li><strong>C\u00f3digo C71AAA\u00a01 &#8211; AVAO\u00a0BOD Talla 1\u2028 :<\/strong><br \/>\nPeso: 2100 g<br \/>\nCintura: 70 &#8211; 110 cm<br \/>\nMuslo: 45 &#8211; 65 cm<br \/>\nEstatura: 165 &#8211; 185 cm<\/li>\n<\/ul>\n<ul class=\"gray-link\">\n<li><strong><strong>C\u00f3digo C71AAA\u00a02 &#8211; AVAO\u00a0BOD\u00a0<\/strong>Talla 2\u2028 :<\/strong><br \/>\nPeso: 2180 g<br \/>\nCintura: 80 &#8211; 130 cm<br \/>\nMuslo: 60 &#8211; 75 cm<br \/>\nEstatura: 175 &#8211; 200 cm<\/li>\n<\/ul>\n<ul class=\"gray-link\">\n<li><strong>C\u00f3digo C71AFA\u00a01 &#8211; AVAO\u00a0BOD FAST Talla 1 \u2028:<\/strong><br \/>\nPeso: 2190 g<br \/>\nCintura: 70 &#8211; 110 cm<br \/>\nMuslo: 45 &#8211; 65 cm<br \/>\nEstatura: 165 &#8211; 185 cm<\/li>\n<\/ul>\n<ul class=\"gray-link\">\n<li><strong><strong>C\u00f3digo C71AFA\u00a02 &#8211; AVAO\u00a0BOD\u00a0<\/strong>FAST Talla 2\u2028 :<\/strong><br \/>\nPeso: 2270 g<br \/>\nCintura: 80 &#8211; 130 cm<br \/>\nMuslo: 60 &#8211; 75 cm<br \/>\nEstatura: 175 &#8211; 200 cm<\/li>\n<\/ul>\n<\/div><div class=\"clear\"><\/div>\n","protected":false},"excerpt":{"rendered":"","protected":false},"author":1,"featured_media":0,"parent":577,"menu_order":0,"comment_status":"closed","ping_status":"open","template":"template-full-width.php","meta":[],"_links":{"self":[{"href":"http:\/\/www.alsolu.com\/es\/wp-json\/wp\/v2\/pages\/583"}],"collection":[{"href":"http:\/\/www.alsolu.com\/es\/wp-json\/wp\/v2\/pages"}],"about":[{"href":"http:\/\/www.alsolu.com\/es\/wp-json\/wp\/v2\/types\/page"}],"author":[{"embeddable":true,"href":"http:\/\/www.alsolu.com\/es\/wp-json\/wp\/v2\/users\/1"}],"replies":[{"embeddable":true,"href":"http:\/\/www.alsolu.com\/es\/wp-json\/wp\/v2\/comments?post=583"}],"version-history":[{"count":9,"href":"http:\/\/www.alsolu.com\/es\/wp-json\/wp\/v2\/pages\/583\/revisions"}],"predecessor-version":[{"id":2058,"href":"http:\/\/www.alsolu.com\/es\/wp-json\/wp\/v2\/pages\/583\/revisions\/2058"}],"up":[{"embeddable":true,"href":"http:\/\/www.alsolu.com\/es\/wp-json\/wp\/v2\/pages\/577"}],"wp:attachment":[{"href":"http:\/\/www.alsolu.com\/es\/wp-json\/wp\/v2\/media?parent=583"}],"curies":[{"name":"wp","href":"https:\/\/api.w.org\/{rel}","templated":true}]}}