{"id":569,"date":"2014-01-28T08:14:20","date_gmt":"2014-01-28T07:14:20","guid":{"rendered":"http:\/\/www.alsolu.com\/es\/?page_id=569"},"modified":"2014-02-11T15:18:57","modified_gmt":"2014-02-11T14:18:57","slug":"id-s","status":"publish","type":"page","link":"http:\/\/www.alsolu.com\/es\/memo\/productos\/proteccion-individual\/epi\/descensores\/id-s\/","title":{"rendered":"Descensor autofrenante con funci\u00f3n antip\u00e1nico &#8211; I&#8217;D S"},"content":{"rendered":"<div class=\"one-half\">\n<p><a title=\"Descensor autofrenante con funci\u00f3n antip\u00e1nico - I'D S\" href=\"http:\/\/www.alsolu.com\/es\/wp-content\/uploads\/sites\/2\/2014\/01\/Descenders-ID-S.png\" rel=\"prettyPhoto\"><img loading=\"lazy\" class=\"alignnone size-capture-produit wp-image-1525\" title=\"Descensor autofrenante con funci\u00f3n antip\u00e1nico - I'D S\" alt=\"Descensor autofrenante con funci\u00f3n antip\u00e1nico - I'D S\" src=\"http:\/\/www.alsolu.com\/es\/wp-content\/uploads\/sites\/2\/2014\/01\/Descenders-ID-S-440x290.png\" width=\"440\" height=\"290\" \/><\/a><\/p>\n<\/div>\n<div class=\"one-half column-last\">\n<h1>Uso<\/h1>\n<ul class=\"gray-link\">\n<li>Empu\u00f1adura multifunci\u00f3n que permite, seg\u00fan la situaci\u00f3n :<br \/>\n&#8211; liberar la cuerda y controlar el descenso con la mano que sujeta el cabo libre.<br \/>\n&#8211; desplazarse m\u00e1s f\u00e1cilmente en un plano inclinado u horizontal (gracias al bot\u00f3n de la empu\u00f1adura).<br \/>\n&#8211; inmovilizarse en el puesto de trabajo sin llave de bloqueo.<\/li>\n<li>Funci\u00f3n antip\u00e1nico que se activa si el usuario tira demasiado fuerte de la empu\u00f1adura: frena y detiene autom\u00e1ticamente el descenso.<\/li>\n<li>Leva indicadora de error para limitar el riesgo de accidente debido a una colocaci\u00f3n incorrecta de la cuerda. La forma de la leva est\u00e1 dise\u00f1ada para mejorar el deslizamiento de la cuerda en el ascenso.<\/li>\n<li>Dispone de un gatillo de cierre, en la placa lateral m\u00f3vil, para que el aparato no se pierda a la vez que facilita la instalaci\u00f3n de la cuerda durante el paso de fraccionamientos.<\/li>\n<li>Leva pivotante que permite recuperar cuerda m\u00e1s f\u00e1cilmente. Tambi\u00e9n permite convertir un sistema de izado en reversible o realizar cortos ascensos por cuerda (en combinaci\u00f3n con un pedal FOOTPRO y un pu\u00f1o bloqueador ASCENSION).<\/li>\n<li>Tornillo que permite bloquear la placa lateral m\u00f3vil para integrar el I&#8217;D S en los kits de rescate.<\/li>\n<li>Descenso de cargas pesadas hasta 250 kg (utilizaci\u00f3n reservada a los usuarios expertos, consulte la ficha t\u00e9cnica del aparato).<\/li>\n<li>Disponible en dos colores.<\/li>\n<\/ul>\n<h1>Technical features<\/h1>\n<ul class=\"gray-link\">\n<li><strong>Peso<\/strong> : 530g<\/li>\n<li><strong>Certificacioness<\/strong> :<br \/>\nCE EN 341 classe A<br \/>\nCE EN 12841 tipo C<br \/>\nNFPA 1983 Light Use<\/li>\n<li><strong>D200S0<br \/>\n<\/strong>Colores : amarillo<\/li>\n<li><strong>D200SN<br \/>\n<\/strong>Colores : negro<\/li>\n<\/ul>\n<\/div><div class=\"clear\"><\/div>\n","protected":false},"excerpt":{"rendered":"","protected":false},"author":1,"featured_media":0,"parent":555,"menu_order":0,"comment_status":"closed","ping_status":"open","template":"template-full-width.php","meta":[],"_links":{"self":[{"href":"http:\/\/www.alsolu.com\/es\/wp-json\/wp\/v2\/pages\/569"}],"collection":[{"href":"http:\/\/www.alsolu.com\/es\/wp-json\/wp\/v2\/pages"}],"about":[{"href":"http:\/\/www.alsolu.com\/es\/wp-json\/wp\/v2\/types\/page"}],"author":[{"embeddable":true,"href":"http:\/\/www.alsolu.com\/es\/wp-json\/wp\/v2\/users\/1"}],"replies":[{"embeddable":true,"href":"http:\/\/www.alsolu.com\/es\/wp-json\/wp\/v2\/comments?post=569"}],"version-history":[{"count":5,"href":"http:\/\/www.alsolu.com\/es\/wp-json\/wp\/v2\/pages\/569\/revisions"}],"predecessor-version":[{"id":2054,"href":"http:\/\/www.alsolu.com\/es\/wp-json\/wp\/v2\/pages\/569\/revisions\/2054"}],"up":[{"embeddable":true,"href":"http:\/\/www.alsolu.com\/es\/wp-json\/wp\/v2\/pages\/555"}],"wp:attachment":[{"href":"http:\/\/www.alsolu.com\/es\/wp-json\/wp\/v2\/media?parent=569"}],"curies":[{"name":"wp","href":"https:\/\/api.w.org\/{rel}","templated":true}]}}