{"id":565,"date":"2014-01-28T08:05:08","date_gmt":"2014-01-28T07:05:08","guid":{"rendered":"http:\/\/www.alsolu.com\/es\/?page_id=565"},"modified":"2014-02-11T15:13:17","modified_gmt":"2014-02-11T14:13:17","slug":"rig","status":"publish","type":"page","link":"http:\/\/www.alsolu.com\/es\/memo\/productos\/proteccion-individual\/epi\/descensores\/rig\/","title":{"rendered":"Descensor autofrenante compacto &#8211; RIG"},"content":{"rendered":"<div class=\"one-half\">\n<p><a title=\"Descensor autofrenante compacto - RIG\" href=\"http:\/\/www.alsolu.com\/es\/wp-content\/uploads\/sites\/2\/2014\/01\/Descenders-RIG.png\" rel=\"prettyPhoto\"><img loading=\"lazy\" class=\"alignnone size-capture-produit wp-image-1526\" title=\"Descensor autofrenante compacto - RIG\" alt=\"Descensor autofrenante compacto - RIG\" src=\"http:\/\/www.alsolu.com\/es\/wp-content\/uploads\/sites\/2\/2014\/01\/Descenders-RIG-440x290.png\" width=\"440\" height=\"290\" \/><\/a><\/p>\n<\/div>\n<div class=\"one-half column-last\">\n<h1>Uso<\/h1>\n<ul class=\"gray-link\">\n<li><strong><\/strong>Dise\u00f1ado para los trabajos con cuerda para usuarios con experiencia<\/li>\n<li>Empu\u00f1adura multifunci\u00f3n que permite, seg\u00fan la situaci\u00f3n :<br \/>\n&#8211; liberar la cuerda y controlar el descenso con la mano que sujeta el cabo libre<br \/>\n&#8211; inmovilizarse en el puesto de trabajo sin llave de bloqueo<\/li>\n<li>Sistema de retroceso autom\u00e1tico de la empu\u00f1adura para limitar los riesgos en caso de acci\u00f3n involuntaria.<\/li>\n<li>Posici\u00f3n de &#8220;guardar&#8221; la empu\u00f1adura para reducir los riesgos de enganche de \u00e9sta para cuando no se utiliza el descensor y se lleva colgando del arn\u00e9s<\/li>\n<li>Dispone de un gatillo de cierre, en la placa lateral m\u00f3vil, para que el aparato no se pierda a la vez que facilita la instalaci\u00f3n de la cuerda durante el paso de fraccionamientos<\/li>\n<li>Leva pivotante que permite recuperar cuerda m\u00e1s f\u00e1cilmente. Tambi\u00e9n permite convertir un sistema de izado en reversible o realizar cortos ascensos por cuerda (en combinaci\u00f3n con un pedal FOOTPRO y un pu\u00f1o bloqueador ASCENSION)<\/li>\n<li>Descenso de cargas pesadas hasta 200 kg (utilizaci\u00f3n reservada a los usuarios expertos, consulte la ficha t\u00e9cnica del aparato)<\/li>\n<li>Disponible en dos colores<\/li>\n<\/ul>\n<h1>Caracter\u00edsticas t\u00e9cnicas<\/h1>\n<ul class=\"gray-link\">\n<li><strong>Peso <\/strong>: 380 g<\/li>\n<li><strong>Made in FR<\/strong><\/li>\n<li><strong>Certificaciones<\/strong> :<br \/>\nCE EN 12841 tipo C<br \/>\nCE EN 341 classe A, NFPA 1983 Light Use<\/li>\n<li><strong>D21A<br \/>\n<\/strong><strong>Colores : <\/strong>amarillo<strong><br \/>\n<\/strong><\/li>\n<li><strong>D21AN<br \/>\n<\/strong>Colores : negro<\/li>\n<\/ul>\n<\/div><div class=\"clear\"><\/div>\n","protected":false},"excerpt":{"rendered":"","protected":false},"author":1,"featured_media":0,"parent":555,"menu_order":0,"comment_status":"closed","ping_status":"open","template":"template-full-width.php","meta":[],"_links":{"self":[{"href":"http:\/\/www.alsolu.com\/es\/wp-json\/wp\/v2\/pages\/565"}],"collection":[{"href":"http:\/\/www.alsolu.com\/es\/wp-json\/wp\/v2\/pages"}],"about":[{"href":"http:\/\/www.alsolu.com\/es\/wp-json\/wp\/v2\/types\/page"}],"author":[{"embeddable":true,"href":"http:\/\/www.alsolu.com\/es\/wp-json\/wp\/v2\/users\/1"}],"replies":[{"embeddable":true,"href":"http:\/\/www.alsolu.com\/es\/wp-json\/wp\/v2\/comments?post=565"}],"version-history":[{"count":5,"href":"http:\/\/www.alsolu.com\/es\/wp-json\/wp\/v2\/pages\/565\/revisions"}],"predecessor-version":[{"id":2053,"href":"http:\/\/www.alsolu.com\/es\/wp-json\/wp\/v2\/pages\/565\/revisions\/2053"}],"up":[{"embeddable":true,"href":"http:\/\/www.alsolu.com\/es\/wp-json\/wp\/v2\/pages\/555"}],"wp:attachment":[{"href":"http:\/\/www.alsolu.com\/es\/wp-json\/wp\/v2\/media?parent=565"}],"curies":[{"name":"wp","href":"https:\/\/api.w.org\/{rel}","templated":true}]}}