{"id":552,"date":"2014-01-27T17:41:23","date_gmt":"2014-01-27T16:41:23","guid":{"rendered":"http:\/\/www.alsolu.com\/es\/?page_id=552"},"modified":"2014-02-11T15:00:33","modified_gmt":"2014-02-11T14:00:33","slug":"vulcan","status":"publish","type":"page","link":"http:\/\/www.alsolu.com\/es\/memo\/productos\/proteccion-individual\/epi\/conectores\/vulcan\/","title":{"rendered":"Mosquet\u00f3n de acero de alta resistencia VULCAN"},"content":{"rendered":"<div class=\"one-half\">\n<p><a title=\"Mosquet\u00f3n de acero de alta resistencia VULCAN\" href=\"http:\/\/www.alsolu.com\/es\/wp-content\/uploads\/sites\/2\/2014\/01\/vulcan.png\" rel=\"prettyPhoto\"><img loading=\"lazy\" class=\"alignnone size-capture-produit wp-image-1552\" title=\"Mosquet\u00f3n de acero de alta resistencia VULCAN\" alt=\"Mosquet\u00f3n de acero de alta resistencia VULCAN\" src=\"http:\/\/www.alsolu.com\/es\/wp-content\/uploads\/sites\/2\/2014\/01\/vulcan-440x290.png\" width=\"440\" height=\"290\" \/><\/a><\/p>\n<\/div>\n<div class=\"one-half column-last\">\n<h1>Uso<\/h1>\n<ul class=\"gray-link\">\n<li>Acero para responder a las condiciones de utilizaci\u00f3n dif\u00edciles<\/li>\n<li>Para utilizar con cargas pesadas<\/li>\n<li>Gran capacidad para facilitar la conexi\u00f3n de varios elementos<\/li>\n<li>Gran abertura para mosquetonear anclajes de gran secci\u00f3n<\/li>\n<li>Sistema Keylock para evitar que el mosquet\u00f3n se enganche accidentalmente durante las maniobras<\/li>\n<li>Indicador rojo visible cuando el mosquet\u00f3n no est\u00e1 bloqueado (en la versi\u00f3n SCREW-LOCK)<\/li>\n<\/ul>\n<h1>Caracter\u00edsticas t\u00e9cnicas<\/h1>\n<ul class=\"gray-link\">\n<li><strong>Resistencia eje mayor<\/strong> : 40 kN<\/li>\n<li><strong>Resistencia eje menor<\/strong> : 16 kN<\/li>\n<li><strong>Resistencia gatillo abierto<\/strong> : 11 kN<\/li>\n<li><strong>Made in<\/strong> : TW<\/li>\n<li><strong>Garant\u00eda<\/strong> : 3 anni<\/li>\n<\/ul>\n<p><strong>&#8211; M73 SL<\/strong><br \/>\nPeso : 265 g<br \/>\nSistema de bloqueo : SCREW-LOCK<br \/>\nAbertura : 31 mm<br \/>\nCertificaciones : CE EN 362, NFPA 1983, General Use<\/p>\n<p><strong>&#8211; M73 SLN<\/strong><br \/>\nColores : negro<br \/>\nPeso : 265 g<br \/>\nSistema de bloqueo : SCREW-LOCK<br \/>\nAbertura : 31 mm<br \/>\nCertificaciones : CE EN 362, NFPA 1983, General Use<\/p>\n<p><strong>&#8211; M73 TL<\/strong><br \/>\nPeso : 285 g<br \/>\nSistema de bloqueo : TRIACT-LOCK<br \/>\nAbertura : 30 mm<br \/>\nCertificaciones : CE EN 362, NFPA 1983, General Use<\/p>\n<p><strong>&#8211; M73 TLA<\/strong><br \/>\nPeso : 305 g<br \/>\nSistema de bloqueo : TRIACT-LOCK<br \/>\nAbertura : 29 mm<br \/>\nCertificaciones : CE EN 362, ANSI Z359.1,<br \/>\nNFPA 1983, General Use, CSA Z259.12<\/p>\n<p><strong>\u00a0&#8211; M73 TLN<\/strong><br \/>\nColores : negro<br \/>\nPeso : 305 g<br \/>\nSistema de bloqueo : TRIACT-LOCK<br \/>\nAbertura : 29 mm<br \/>\nCertificaciones : CE EN 362, NFPA 1983, General Use<\/p>\n<\/div><div class=\"clear\"><\/div>\n","protected":false},"excerpt":{"rendered":"","protected":false},"author":1,"featured_media":0,"parent":526,"menu_order":0,"comment_status":"closed","ping_status":"open","template":"template-full-width.php","meta":[],"_links":{"self":[{"href":"http:\/\/www.alsolu.com\/es\/wp-json\/wp\/v2\/pages\/552"}],"collection":[{"href":"http:\/\/www.alsolu.com\/es\/wp-json\/wp\/v2\/pages"}],"about":[{"href":"http:\/\/www.alsolu.com\/es\/wp-json\/wp\/v2\/types\/page"}],"author":[{"embeddable":true,"href":"http:\/\/www.alsolu.com\/es\/wp-json\/wp\/v2\/users\/1"}],"replies":[{"embeddable":true,"href":"http:\/\/www.alsolu.com\/es\/wp-json\/wp\/v2\/comments?post=552"}],"version-history":[{"count":4,"href":"http:\/\/www.alsolu.com\/es\/wp-json\/wp\/v2\/pages\/552\/revisions"}],"predecessor-version":[{"id":2050,"href":"http:\/\/www.alsolu.com\/es\/wp-json\/wp\/v2\/pages\/552\/revisions\/2050"}],"up":[{"embeddable":true,"href":"http:\/\/www.alsolu.com\/es\/wp-json\/wp\/v2\/pages\/526"}],"wp:attachment":[{"href":"http:\/\/www.alsolu.com\/es\/wp-json\/wp\/v2\/media?parent=552"}],"curies":[{"name":"wp","href":"https:\/\/api.w.org\/{rel}","templated":true}]}}