{"id":550,"date":"2014-01-27T17:37:41","date_gmt":"2014-01-27T16:37:41","guid":{"rendered":"http:\/\/www.alsolu.com\/es\/?page_id=550"},"modified":"2014-02-11T14:53:42","modified_gmt":"2014-02-11T13:53:42","slug":"oxan","status":"publish","type":"page","link":"http:\/\/www.alsolu.com\/es\/memo\/productos\/proteccion-individual\/epi\/conectores\/oxan\/","title":{"rendered":"Mosquet\u00f3n de acero ovale OXAN"},"content":{"rendered":"<div class=\"one-half\">\n<p><a title=\"Mosquet\u00f3n de acero ovale OXAN\" href=\"http:\/\/www.alsolu.com\/es\/wp-content\/uploads\/sites\/2\/2014\/01\/ovale.png\" rel=\"prettyPhoto\"><img loading=\"lazy\" class=\"alignnone  wp-image-1546\" title=\"Mosquet\u00f3n de acero ovale OXAN\" alt=\"Mosquet\u00f3n de acero ovale OXAN\" src=\"http:\/\/www.alsolu.com\/es\/wp-content\/uploads\/sites\/2\/2014\/01\/ovale-440x290.png\" width=\"440\" height=\"290\" \/><\/a><\/p>\n<\/div>\n<div class=\"one-half column-last\">\n<h1>Uso<\/h1>\n<ul class=\"gray-link\">\n<li>Acero para responder a las condiciones de utilizaci\u00f3n dif\u00edciles<\/li>\n<li>Sistema Keylock para evitar que el mosquet\u00f3n se enganche accidentalmente durante las maniobras<\/li>\n<li>Indicador rojo visible cuando el mosquet\u00f3n no est\u00e1 bloqueado (en la versi\u00f3n SCREW-LOCK)<\/li>\n<\/ul>\n<h1>Caracter\u00edsticas t\u00e9cnicas<\/h1>\n<ul class=\"gray-link\">\n<li><strong>Resistencia eje mayor<\/strong> : 27 kN<\/li>\n<li><strong>Resistencia eje menor<\/strong> : 16 kN<\/li>\n<li><strong>Resistencia gatillo abierto<\/strong> : 7 kN<\/li>\n<li><strong>Made in<\/strong> : TW<\/li>\n<li><strong>Garant\u00eda<\/strong> : 3 anni<\/li>\n<\/ul>\n<p><strong>&#8211; M72 SL<\/strong><br \/>\nPeso : 195 g<br \/>\nSistema de bloqueo : SCREW-LOCK<br \/>\nAbertura : 21 mm<br \/>\nCertificaciones : CE EN 362, NFPA 1983, Light Use.<\/p>\n<p><strong>&#8211; M72 SLN<\/strong><br \/>\nColore : negro<br \/>\nSistema de bloqueo : SCREW-LOCK<br \/>\nAbertura : 21 mm<br \/>\nCertificaciones : CE EN 362, NFPA 1983, Light Use.<\/p>\n<p><strong>&#8211; M72 TL<\/strong><br \/>\nPeso : 215 g<br \/>\nSistema de bloqueo : TRIACT-LOCK<br \/>\nAbertura : 21 mm<br \/>\nCertificaciones : CE EN 362, NFPA 1983, Light Use.<\/p>\n<p><strong>&#8211; M72 TLA<\/strong><br \/>\nColore : negro<br \/>\nPeso : 235 g<br \/>\nSistema de bloqueo : TRIACT-LOCK<br \/>\nAbertura : 19 mm<br \/>\nCertificaciones : CE EN 362, ANSI Z359.1,<br \/>\nNFPA 1983, Light Use, CSA Z259.12<\/p>\n<p><strong>&#8211; M72 TLN<\/strong><br \/>\nPeso : 235 g<br \/>\nSistema de bloqueo : TRIACT-LOCK<br \/>\nAbertura : 19 mm<br \/>\nCertificaciones : CE EN 362, ANSI Z359.1,<br \/>\nNFPA 1983, Light Use, CSA Z259.12<\/p>\n<\/div><div class=\"clear\"><\/div>\n","protected":false},"excerpt":{"rendered":"","protected":false},"author":1,"featured_media":0,"parent":526,"menu_order":0,"comment_status":"closed","ping_status":"open","template":"template-full-width.php","meta":[],"_links":{"self":[{"href":"http:\/\/www.alsolu.com\/es\/wp-json\/wp\/v2\/pages\/550"}],"collection":[{"href":"http:\/\/www.alsolu.com\/es\/wp-json\/wp\/v2\/pages"}],"about":[{"href":"http:\/\/www.alsolu.com\/es\/wp-json\/wp\/v2\/types\/page"}],"author":[{"embeddable":true,"href":"http:\/\/www.alsolu.com\/es\/wp-json\/wp\/v2\/users\/1"}],"replies":[{"embeddable":true,"href":"http:\/\/www.alsolu.com\/es\/wp-json\/wp\/v2\/comments?post=550"}],"version-history":[{"count":4,"href":"http:\/\/www.alsolu.com\/es\/wp-json\/wp\/v2\/pages\/550\/revisions"}],"predecessor-version":[{"id":2049,"href":"http:\/\/www.alsolu.com\/es\/wp-json\/wp\/v2\/pages\/550\/revisions\/2049"}],"up":[{"embeddable":true,"href":"http:\/\/www.alsolu.com\/es\/wp-json\/wp\/v2\/pages\/526"}],"wp:attachment":[{"href":"http:\/\/www.alsolu.com\/es\/wp-json\/wp\/v2\/media?parent=550"}],"curies":[{"name":"wp","href":"https:\/\/api.w.org\/{rel}","templated":true}]}}