{"id":548,"date":"2014-01-27T17:31:41","date_gmt":"2014-01-27T16:31:41","guid":{"rendered":"http:\/\/www.alsolu.com\/es\/?page_id=548"},"modified":"2014-02-11T14:47:06","modified_gmt":"2014-02-11T13:47:06","slug":"amd","status":"publish","type":"page","link":"http:\/\/www.alsolu.com\/es\/memo\/productos\/proteccion-individual\/epi\/conectores\/amd\/","title":{"rendered":"Mosquet\u00f3n de aluminio asim\u00e9trico AM&#8217;D"},"content":{"rendered":"<div class=\"one-half\">\n<p><a title=\"Mosquet\u00f3n de aluminio asim\u00e9trico AM'D\" href=\"http:\/\/www.alsolu.com\/es\/wp-content\/uploads\/sites\/2\/2014\/01\/amd.png\" rel=\"prettyPhoto\"><img loading=\"lazy\" class=\"alignnone size-capture-produit wp-image-1520\" title=\"Mosquet\u00f3n de aluminio asim\u00e9trico AM'D\" alt=\"Mosquet\u00f3n de aluminio asim\u00e9trico AM'D\" src=\"http:\/\/www.alsolu.com\/es\/wp-content\/uploads\/sites\/2\/2014\/01\/amd-440x290.png\" width=\"440\" height=\"290\" \/><\/a><\/p>\n<\/div>\n<div class=\"one-half column-last\">\n<h1>Uso<\/h1>\n<ul class=\"gray-link\">\n<li>Particularmente adaptado para la conexi\u00f3n de aparatos y la utilizaci\u00f3n en el extremo de los elementos de amarre<\/li>\n<li>Excelente relaci\u00f3n resistencia\/ligereza<\/li>\n<li>Sistema Keylock para evitar que el mosquet\u00f3n se enganche accidentalmente durante las maniobras<\/li>\n<li>Indicador rojo visible cuando el mosquet\u00f3n no est\u00e1 bloqueado (en la versi\u00f3n SCREW-LOCK)<\/li>\n<\/ul>\n<h1>Caracter\u00edsticas t\u00e9cnicas<\/h1>\n<ul class=\"gray-link\">\n<li><strong>Peso <\/strong>: 75 g<\/li>\n<li><strong>Resistencia eje mayor<\/strong>\u00a0: 28 kN<\/li>\n<li><strong>Resistencia eje menor<\/strong>\u00a0: 7 kN<\/li>\n<li><strong>Resistencia gatillo abierto<\/strong>\u00a0: 8 kN<\/li>\n<li><strong>Certificaciones<\/strong> : CE EN 362<\/li>\n<li><strong>Made in<\/strong> : US<\/li>\n<li><strong>Garant\u00eda<\/strong> : 3 a\u00f1os<\/li>\n<\/ul>\n<p><strong>&#8211; M34 TL<\/strong><br \/>\nSistema de bloqueo : TRIACT-LOCK<br \/>\nAbertura : 21 mm<\/p>\n<p><strong>&#8211; M34 BL<\/strong><br \/>\nSistema de bloqueo : BALL-LOCK<br \/>\nAbertura : 22 mm<\/p>\n<p><strong>&#8211; M34 BL<\/strong><br \/>\nSistema de bloqueo : SCREW-LOCK<br \/>\nAbertura : 21 mm<\/p>\n<\/div><div class=\"clear\"><\/div>\n","protected":false},"excerpt":{"rendered":"","protected":false},"author":1,"featured_media":0,"parent":526,"menu_order":0,"comment_status":"closed","ping_status":"open","template":"template-full-width.php","meta":[],"_links":{"self":[{"href":"http:\/\/www.alsolu.com\/es\/wp-json\/wp\/v2\/pages\/548"}],"collection":[{"href":"http:\/\/www.alsolu.com\/es\/wp-json\/wp\/v2\/pages"}],"about":[{"href":"http:\/\/www.alsolu.com\/es\/wp-json\/wp\/v2\/types\/page"}],"author":[{"embeddable":true,"href":"http:\/\/www.alsolu.com\/es\/wp-json\/wp\/v2\/users\/1"}],"replies":[{"embeddable":true,"href":"http:\/\/www.alsolu.com\/es\/wp-json\/wp\/v2\/comments?post=548"}],"version-history":[{"count":4,"href":"http:\/\/www.alsolu.com\/es\/wp-json\/wp\/v2\/pages\/548\/revisions"}],"predecessor-version":[{"id":2048,"href":"http:\/\/www.alsolu.com\/es\/wp-json\/wp\/v2\/pages\/548\/revisions\/2048"}],"up":[{"embeddable":true,"href":"http:\/\/www.alsolu.com\/es\/wp-json\/wp\/v2\/pages\/526"}],"wp:attachment":[{"href":"http:\/\/www.alsolu.com\/es\/wp-json\/wp\/v2\/media?parent=548"}],"curies":[{"name":"wp","href":"https:\/\/api.w.org\/{rel}","templated":true}]}}