{"id":542,"date":"2014-01-27T17:18:06","date_gmt":"2014-01-27T16:18:06","guid":{"rendered":"http:\/\/www.alsolu.com\/es\/?page_id=542"},"modified":"2014-02-11T14:40:47","modified_gmt":"2014-02-11T13:40:47","slug":"ok","status":"publish","type":"page","link":"http:\/\/www.alsolu.com\/es\/memo\/productos\/proteccion-individual\/epi\/conectores\/ok\/","title":{"rendered":"Mosquet\u00f3n de aluminio oval OK"},"content":{"rendered":"<div class=\"one-half\">\n<p><a title=\"Mosquet\u00f3n de aluminio oval OK\" href=\"http:\/\/www.alsolu.com\/es\/wp-content\/uploads\/sites\/2\/2014\/01\/ovale-ok.png\" rel=\"prettyPhoto\"><img loading=\"lazy\" class=\"alignnone  wp-image-1547\" title=\"Mosquet\u00f3n de aluminio oval OK\" alt=\"Mosquet\u00f3n de aluminio oval OK\" src=\"http:\/\/www.alsolu.com\/es\/wp-content\/uploads\/sites\/2\/2014\/01\/ovale-ok-440x290.png\" width=\"440\" height=\"290\" \/><\/a><\/p>\n<\/div>\n<div class=\"one-half column-last\">\n<h1>Uso<\/h1>\n<ul class=\"gray-link\">\n<li>Forma oval y sim\u00e9trica para posicionar los aparatos (poleas, bloqueadores, antica\u00eddas deslizante, etc.) de forma \u00f3ptima<\/li>\n<li>Id\u00f3neo para polipastos<\/li>\n<li>Sistema Keylock para evitar que el mosquet\u00f3n se enganche accidentalmente durante las maniobras<\/li>\n<li>Indicador rojo visible cuando el mosquet\u00f3n no est\u00e1 bloqueado (en la versi\u00f3n SCREW-LOCK)<\/li>\n<\/ul>\n<h1>Caracter\u00edsticas t\u00e9cnicas<\/h1>\n<ul class=\"gray-link\">\n<li><strong>Peso <\/strong>: 75 g<\/li>\n<li><strong>Resistencia eje mayor<\/strong>\u00a0: 24 kN<\/li>\n<li><strong>Resistencia gatillo abierto<\/strong>\u00a0: 7 kN<\/li>\n<li><strong>Abertura<\/strong> : 19 mm<\/li>\n<li><strong>Certificaciones<\/strong> : CE EN 362<\/li>\n<li><strong>Made in<\/strong> : IT<\/li>\n<li><strong>Garant\u00eda<\/strong> : 3 a\u00f1os<\/li>\n<\/ul>\n<p><strong>&#8211; M33 SL<\/strong><br \/>\nSistema de bloqueo : SCREW-LOCK<br \/>\nResistencia eje menor : 10 kN<\/p>\n<p><strong>&#8211; M33 SLN<\/strong><br \/>\nColore : negro<br \/>\nSistema de bloqueo : SCREW-LOCK<br \/>\nResistencia eje menor : 10 kN<\/p>\n<p><strong>&#8211; M33 TL<\/strong><br \/>\nSistema de bloqueo : TRIACT-LOCK<br \/>\nResistencia eje menor : 8 kN<\/p>\n<p><strong>&#8211; M33 TLN<\/strong><br \/>\nColore : negro<br \/>\nSistema de bloqueo : TRIACT-LOCK<br \/>\nResistencia eje menor : 8 kN<\/p>\n<\/div><div class=\"clear\"><\/div>\n","protected":false},"excerpt":{"rendered":"","protected":false},"author":1,"featured_media":0,"parent":526,"menu_order":0,"comment_status":"closed","ping_status":"open","template":"template-full-width.php","meta":[],"_links":{"self":[{"href":"http:\/\/www.alsolu.com\/es\/wp-json\/wp\/v2\/pages\/542"}],"collection":[{"href":"http:\/\/www.alsolu.com\/es\/wp-json\/wp\/v2\/pages"}],"about":[{"href":"http:\/\/www.alsolu.com\/es\/wp-json\/wp\/v2\/types\/page"}],"author":[{"embeddable":true,"href":"http:\/\/www.alsolu.com\/es\/wp-json\/wp\/v2\/users\/1"}],"replies":[{"embeddable":true,"href":"http:\/\/www.alsolu.com\/es\/wp-json\/wp\/v2\/comments?post=542"}],"version-history":[{"count":5,"href":"http:\/\/www.alsolu.com\/es\/wp-json\/wp\/v2\/pages\/542\/revisions"}],"predecessor-version":[{"id":2047,"href":"http:\/\/www.alsolu.com\/es\/wp-json\/wp\/v2\/pages\/542\/revisions\/2047"}],"up":[{"embeddable":true,"href":"http:\/\/www.alsolu.com\/es\/wp-json\/wp\/v2\/pages\/526"}],"wp:attachment":[{"href":"http:\/\/www.alsolu.com\/es\/wp-json\/wp\/v2\/media?parent=542"}],"curies":[{"name":"wp","href":"https:\/\/api.w.org\/{rel}","templated":true}]}}