{"id":538,"date":"2014-01-27T17:09:10","date_gmt":"2014-01-27T16:09:10","guid":{"rendered":"http:\/\/www.alsolu.com\/es\/?page_id=538"},"modified":"2014-02-11T14:34:36","modified_gmt":"2014-02-11T13:34:36","slug":"william","status":"publish","type":"page","link":"http:\/\/www.alsolu.com\/es\/memo\/productos\/proteccion-individual\/epi\/conectores\/william\/","title":{"rendered":"Mosquet\u00f3n de aluminio de gran capacidad &#8211; WILLIAM"},"content":{"rendered":"<div class=\"one-half\">\n<p><a title=\"Mosquet\u00f3n de aluminio de gran capacidad - WILLIAM\" href=\"http:\/\/www.alsolu.com\/es\/wp-content\/uploads\/sites\/2\/2014\/01\/william.png\" rel=\"prettyPhoto\"><img loading=\"lazy\" class=\"alignnone  wp-image-1553\" title=\"Mosquet\u00f3n de aluminio de gran capacidad - WILLIAM\" alt=\"Mosquet\u00f3n de aluminio de gran capacidad - WILLIAM\" src=\"http:\/\/www.alsolu.com\/es\/wp-content\/uploads\/sites\/2\/2014\/01\/william-440x290.png\" width=\"440\" height=\"290\" \/><\/a><\/p>\n<\/div>\n<div class=\"one-half column-last\">\n<h1>Uso<\/h1>\n<ul class=\"gray-link\">\n<li>Capacidad y abertura importante para facilitar la conexi\u00f3n de varios elementos<\/li>\n<li>Forma de pera que permite el aseguramiento con un nudo din\u00e1mico<\/li>\n<li>Sistema Keylock para evitar que el mosquet\u00f3n se enganche accidentalmente durante las maniobras<\/li>\n<li>Indicador rojo visible cuando el mosquet\u00f3n no est\u00e1 bloqueado (en la versi\u00f3n SCREW-LOCK)<\/li>\n<\/ul>\n<h1>Caracter\u00edsticas t\u00e9cnicas<\/h1>\n<ul class=\"gray-link\">\n<li><strong>Peso <\/strong>: 90 g<\/li>\n<li><strong>Resistencia eje mayor<\/strong> \u00a0: 25 kN<\/li>\n<li><strong>Resistencia eje menor<\/strong> : 7 kN<\/li>\n<li><strong>Resistencia gatillo abierto<\/strong>\u00a0: 7 kN<\/li>\n<li><strong>Certificaciones<\/strong> : CE EN 362<\/li>\n<li><strong>Made in<\/strong> : US<\/li>\n<li><strong>Garant\u00eda<\/strong> : 3 a\u00f1os<\/li>\n<\/ul>\n<p><strong>&#8211; M36 BL<\/strong> :<br \/>\nSistema de bloqueo : BALL-LOCK<br \/>\nAbertura : 24 mm<\/p>\n<p><strong>&#8211; M36 SL<\/strong> :<br \/>\nSistema de bloqueo : SCREW-LOCK<br \/>\nAbertura : 25 mm<\/p>\n<p><strong>&#8211; M36 SLN<\/strong> :<br \/>\nColores : negro<br \/>\nSistema de bloqueo : SCREW-LOCK<br \/>\nAbertura : 25 mm<\/p>\n<p><strong>&#8211; M36 TL<\/strong> :<br \/>\nSistema de bloqueo : TRIACT-LOCK<br \/>\nAbertura : 24 mm<\/p>\n<p><strong>&#8211; M36 TLN<\/strong> :<br \/>\nColores : negro<br \/>\nSistema de bloqueo : TRIACT-LOCK<br \/>\nAbertura : 24 mm<\/p>\n<\/div><div class=\"clear\"><\/div>\n","protected":false},"excerpt":{"rendered":"","protected":false},"author":1,"featured_media":0,"parent":526,"menu_order":0,"comment_status":"closed","ping_status":"open","template":"template-full-width.php","meta":[],"_links":{"self":[{"href":"http:\/\/www.alsolu.com\/es\/wp-json\/wp\/v2\/pages\/538"}],"collection":[{"href":"http:\/\/www.alsolu.com\/es\/wp-json\/wp\/v2\/pages"}],"about":[{"href":"http:\/\/www.alsolu.com\/es\/wp-json\/wp\/v2\/types\/page"}],"author":[{"embeddable":true,"href":"http:\/\/www.alsolu.com\/es\/wp-json\/wp\/v2\/users\/1"}],"replies":[{"embeddable":true,"href":"http:\/\/www.alsolu.com\/es\/wp-json\/wp\/v2\/comments?post=538"}],"version-history":[{"count":7,"href":"http:\/\/www.alsolu.com\/es\/wp-json\/wp\/v2\/pages\/538\/revisions"}],"predecessor-version":[{"id":2046,"href":"http:\/\/www.alsolu.com\/es\/wp-json\/wp\/v2\/pages\/538\/revisions\/2046"}],"up":[{"embeddable":true,"href":"http:\/\/www.alsolu.com\/es\/wp-json\/wp\/v2\/pages\/526"}],"wp:attachment":[{"href":"http:\/\/www.alsolu.com\/es\/wp-json\/wp\/v2\/media?parent=538"}],"curies":[{"name":"wp","href":"https:\/\/api.w.org\/{rel}","templated":true}]}}