{"id":518,"date":"2014-01-27T16:30:23","date_gmt":"2014-01-27T15:30:23","guid":{"rendered":"http:\/\/www.alsolu.com\/es\/?page_id=518"},"modified":"2014-02-11T11:41:20","modified_gmt":"2014-02-11T10:41:20","slug":"alveo-best","status":"publish","type":"page","link":"http:\/\/www.alsolu.com\/es\/memo\/productos\/proteccion-individual\/epi\/casco\/alveo-best\/","title":{"rendered":"Casco ALVEO BEST"},"content":{"rendered":"<div class=\"one-half\">\n<p><a title=\"Casco ALVEO BEST\" href=\"http:\/\/www.alsolu.com\/es\/wp-content\/uploads\/sites\/2\/2014\/01\/Helmet-ALVEO-Best.png\" rel=\"prettyPhoto\"><img loading=\"lazy\" class=\"alignnone  wp-image-1532\" title=\"Casco ALVEO BEST\" alt=\"Casco ALVEO BEST\" src=\"http:\/\/www.alsolu.com\/es\/wp-content\/uploads\/sites\/2\/2014\/01\/Helmet-ALVEO-Best-440x290.png\" width=\"440\" height=\"290\" \/><\/a><\/p>\n<h1>Caracter\u00edsticas t\u00e9cnicas<\/h1>\n<p><em><em><em><em>Contiene Alveolen\u00ae de Sekisui Alveo AG<\/em><\/em><\/em><\/em><\/p>\n<ul>\n<li><strong>Peso<\/strong> : 350 g<\/li>\n<li><strong>Contorno de cabeza\u00a0min :<\/strong> 53 cm<\/li>\n<li><strong>Contorno de cabeza\u00a0max:<\/strong> 63cm<\/li>\n<li><strong>Garant\u00eda<\/strong> : 3 a\u00f1os<\/li>\n<li><strong>Made in FR<\/strong><\/li>\n<li><strong>Certificaci\u00f3n(s):<br \/>\n<\/strong>CE<br \/>\nANSI Z89.1-2009 Tipo I Class E<br \/>\n&#8211; Cumple con las exigencias de protecci\u00f3n contra impactos de la norma EN 397 y de la norma EN 12492<br \/>\n&#8211; Cumple con las exigencias de aislamiento el\u00e9ctrico de la norma EN 397 y de la norma EN 50365<br \/>\n&#8211; Cumple con las exigencias facultativas de la norma EN 397 relativa a las salpicaduras de metal fundido, la deformaci\u00f3n lateral y la utilizaci\u00f3n a bajas temperaturas<\/li>\n<\/ul>\n<\/div>\n<div class=\"one-half column-last\">\n<h1>Uso<\/h1>\n<p>El casco ALVEO BEST es un casco ligero para los trabajadores en altura. Su carcasa no ventilada asegura la protecci\u00f3n contra el riesgo el\u00e9ctrico y las salpicaduras de metal fundido. Su sistema de regulaci\u00f3n CenterFit ajusta el contorno de cabeza conservando, al mismo tiempo, el centrado del casco en la cabeza. El ALVEO BEST est\u00e1 dise\u00f1ado para integrar de forma \u00f3ptima orejeras de protecci\u00f3n, una pantalla de protecci\u00f3n espec\u00edfica VIZIR o una linterna frontal PIXA.<\/p>\n<ul class=\"gray-link\">\n<li><strong><\/strong>Casco ligero con acolchado de confort para olvidarse que se lleva el casco puesto. La absorci\u00f3n de los impactos se realiza por deformaci\u00f3n de la almohadilla interna de poliestireno expandido.<\/li>\n<li>Sistema de regulaci\u00f3n CenterFit que asegura el centrado del casco en la cabeza y una sujeci\u00f3n \u00f3ptima.<\/li>\n<li>Ranuras laterales para instalar orejeras de protecci\u00f3n.<\/li>\n<li>Alojamientos para fijar una pantalla de protecci\u00f3n VIZIR.<\/li>\n<li>Ranura de fijaci\u00f3n para la linterna frontal PIXA.<\/li>\n<li>Cuatro ganchos de sujeci\u00f3n para instalar una linterna frontal con cinta el\u00e1stica.<\/li>\n<li>Barboquejo dise\u00f1ado para limitar el riesgo de perder el casco durante la ca\u00edda (resistencia superior a 50 daN).<\/li>\n<li>Casco no ventilado que protege contra el riesgo el\u00e9ctrico y las salpicaduras de metal fundido.<\/li>\n<li>Disponible en tres colores.<\/li>\n<li>Se entregacon dos medidas de acolchado para adaptarse a los diferentes contornos de cabeza.<\/li>\n<\/ul>\n<\/div><div class=\"clear\"><\/div>\n","protected":false},"excerpt":{"rendered":"","protected":false},"author":1,"featured_media":0,"parent":489,"menu_order":0,"comment_status":"closed","ping_status":"open","template":"template-full-width.php","meta":[],"_links":{"self":[{"href":"http:\/\/www.alsolu.com\/es\/wp-json\/wp\/v2\/pages\/518"}],"collection":[{"href":"http:\/\/www.alsolu.com\/es\/wp-json\/wp\/v2\/pages"}],"about":[{"href":"http:\/\/www.alsolu.com\/es\/wp-json\/wp\/v2\/types\/page"}],"author":[{"embeddable":true,"href":"http:\/\/www.alsolu.com\/es\/wp-json\/wp\/v2\/users\/1"}],"replies":[{"embeddable":true,"href":"http:\/\/www.alsolu.com\/es\/wp-json\/wp\/v2\/comments?post=518"}],"version-history":[{"count":6,"href":"http:\/\/www.alsolu.com\/es\/wp-json\/wp\/v2\/pages\/518\/revisions"}],"predecessor-version":[{"id":2040,"href":"http:\/\/www.alsolu.com\/es\/wp-json\/wp\/v2\/pages\/518\/revisions\/2040"}],"up":[{"embeddable":true,"href":"http:\/\/www.alsolu.com\/es\/wp-json\/wp\/v2\/pages\/489"}],"wp:attachment":[{"href":"http:\/\/www.alsolu.com\/es\/wp-json\/wp\/v2\/media?parent=518"}],"curies":[{"name":"wp","href":"https:\/\/api.w.org\/{rel}","templated":true}]}}