{"id":513,"date":"2014-01-27T16:13:01","date_gmt":"2014-01-27T15:13:01","guid":{"rendered":"http:\/\/www.alsolu.com\/es\/?page_id=513"},"modified":"2014-02-11T11:28:53","modified_gmt":"2014-02-11T10:28:53","slug":"vertex-st","status":"publish","type":"page","link":"http:\/\/www.alsolu.com\/es\/memo\/productos\/proteccion-individual\/epi\/casco\/vertex-st\/","title":{"rendered":"Casco VERTEX ST"},"content":{"rendered":"<div class=\"one-half\">\n<p><a title=\"Casco VERTEX ST\" href=\"http:\/\/www.alsolu.com\/es\/wp-content\/uploads\/sites\/2\/2014\/01\/Helmet-Vertex-st.png\" rel=\"prettyPhoto\"><img loading=\"lazy\" class=\"alignnone  wp-image-1530\" title=\"Casco VERTEX ST\" alt=\"Casco VERTEX ST\" src=\"http:\/\/www.alsolu.com\/es\/wp-content\/uploads\/sites\/2\/2014\/01\/Helmet-Vertex-st-440x290.png\" width=\"440\" height=\"290\" \/><\/a><\/p>\n<h1>Caracter\u00edsticas t\u00e9cnicas<\/h1>\n<ul>\n<li><strong>Peso <\/strong>: 455 g<\/li>\n<li><strong>Contorno de cabeza min :<\/strong> 53 cm<\/li>\n<li><strong><strong>Contorno de cabeza<\/strong>\u00a0max:<\/strong> 63cm<\/li>\n<li><strong>Garantia <\/strong>: 3 a\u00f1os<\/li>\n<li><strong>Made in FR<\/strong><\/li>\n<li><strong>Certificaci\u00f3n :<br \/>\n<\/strong>CE EN 397*<br \/>\nCE EN 50365*<br \/>\nANSI Z89.1-2009 Tipo I Clase E*<br \/>\n&#8211; Cumple con las exigencias de protecci\u00f3n contra impactos de la norma EN 397 y de la norma EN 12492. Cumple con las exigencias de aislamiento el\u00e9ctrico de la norma EN 397 y de la norma EN 50365.<br \/>\n&#8211;\u00a0Cumple con las exigencias facultativas de la norma EN 397 relativa a las salpicaduras de metal fundido, la deformaci\u00f3n lateral y la utilizaci\u00f3n a bajas temperaturas.<\/li>\n<\/ul>\n<\/div>\n<div class=\"one-half column-last\">\n<h1>Uso<\/h1>\n<p>El casco VERTEX ST est\u00e1 dise\u00f1ado para proteger la cabeza de golpes y de ca\u00edda de objetos, durante los trabajos realizados en el suelo. Su carcasa no ventilada\u00a0 asegura la protecci\u00f3n contra el riesgo el\u00e9ctrico y las salpicaduras de metal fundido. Su arn\u00e9s textil de seis puntos asegura una sujeci\u00f3n c\u00f3moda y su sistema de\u00a0 regulaci\u00f3n CenterFit ajusta el contorno de cabeza conservando el centrado del casco en la cabeza. El VERTEX ST est\u00e1 dise\u00f1ado para integrar de forma \u00f3ptima orejeras de protecci\u00f3n, una pantalla de protecci\u00f3n espec\u00edfica VIZIR o una linterna frontal PIXA.<\/p>\n<p><span style=\"text-decoration: underline;\"><strong>Casco VERTEX BEST :<\/strong><\/span><\/p>\n<ul class=\"gray-link\">\n<li><strong><\/strong>Arn\u00e9s textil de seis puntos que se adapta a la forma de la cabeza para conseguir m\u00e1s comodidad. La absorci\u00f3n de impactos se realiza por deformaci\u00f3n de la carcasa<\/li>\n<li>Sistema de regulaci\u00f3n CenterFit que asegura el centrado del casco en la cabeza y una sujeci\u00f3n \u00f3ptima<\/li>\n<li>Ranuras laterales para instalar orejeras de protecci\u00f3n<\/li>\n<li>Alojamientos para fijar una pantalla de protecci\u00f3n VIZIR.Ranura de fijaci\u00f3n para la linterna frontal PIXA<\/li>\n<li>Cuatro ganchos de sujeci\u00f3n para instalar una linterna frontal con cinta el\u00e1stica<\/li>\n<li>Barboquejo dise\u00f1ado para arrancarse en caso de que se enganche (resistencia inferior a 25 daN)<\/li>\n<li>Casco no ventilado que protege contra el riesgo el\u00e9ctrico y las salpicaduras de metal fundido<\/li>\n<li>Disponible en dos colores<\/li>\n<li>Se sentrega con dos medidas de acolchado para adaptarse a los diferentes contornos de cabeza<\/li>\n<\/ul>\n<\/div><div class=\"clear\"><\/div>\n","protected":false},"excerpt":{"rendered":"","protected":false},"author":1,"featured_media":0,"parent":489,"menu_order":0,"comment_status":"closed","ping_status":"open","template":"template-full-width.php","meta":[],"_links":{"self":[{"href":"http:\/\/www.alsolu.com\/es\/wp-json\/wp\/v2\/pages\/513"}],"collection":[{"href":"http:\/\/www.alsolu.com\/es\/wp-json\/wp\/v2\/pages"}],"about":[{"href":"http:\/\/www.alsolu.com\/es\/wp-json\/wp\/v2\/types\/page"}],"author":[{"embeddable":true,"href":"http:\/\/www.alsolu.com\/es\/wp-json\/wp\/v2\/users\/1"}],"replies":[{"embeddable":true,"href":"http:\/\/www.alsolu.com\/es\/wp-json\/wp\/v2\/comments?post=513"}],"version-history":[{"count":5,"href":"http:\/\/www.alsolu.com\/es\/wp-json\/wp\/v2\/pages\/513\/revisions"}],"predecessor-version":[{"id":2038,"href":"http:\/\/www.alsolu.com\/es\/wp-json\/wp\/v2\/pages\/513\/revisions\/2038"}],"up":[{"embeddable":true,"href":"http:\/\/www.alsolu.com\/es\/wp-json\/wp\/v2\/pages\/489"}],"wp:attachment":[{"href":"http:\/\/www.alsolu.com\/es\/wp-json\/wp\/v2\/media?parent=513"}],"curies":[{"name":"wp","href":"https:\/\/api.w.org\/{rel}","templated":true}]}}