{"id":509,"date":"2014-01-27T16:04:46","date_gmt":"2014-01-27T15:04:46","guid":{"rendered":"http:\/\/www.alsolu.com\/es\/?page_id=509"},"modified":"2014-02-11T11:17:41","modified_gmt":"2014-02-11T10:17:41","slug":"vertex-vent","status":"publish","type":"page","link":"http:\/\/www.alsolu.com\/es\/memo\/productos\/proteccion-individual\/epi\/casco\/vertex-vent\/","title":{"rendered":"Casco VERTEX VENT"},"content":{"rendered":"<div class=\"one-half\">\n<p><a title=\"Casco VERTEX VENT\" href=\"http:\/\/www.alsolu.com\/es\/wp-content\/uploads\/sites\/2\/2014\/01\/Helmet-Vertex-vent.png\" rel=\"prettyPhoto\"><img loading=\"lazy\" class=\"alignnone  wp-image-1531\" title=\"Casco VERTEX VENT\" alt=\"Casco VERTEX VENT\" src=\"http:\/\/www.alsolu.com\/es\/wp-content\/uploads\/sites\/2\/2014\/01\/Helmet-Vertex-vent-440x290.png\" width=\"440\" height=\"290\" \/><\/a><\/p>\n<h1>Caracter\u00edsticas t\u00e9cnicas<\/h1>\n<ul>\n<li><strong>Peso <\/strong>: 455 g<\/li>\n<li><strong>Contorno de cabeza min :<\/strong> 53 cm<\/li>\n<li><strong><strong>Contorno de cabeza<\/strong>\u00a0max:<\/strong> 63cm<\/li>\n<li><strong>Garant\u00eda <\/strong>: 3 a\u00f1os<\/li>\n<li><strong>Made in FR<\/strong><\/li>\n<li><strong>Certificaci\u00f3n(s):<br \/>\n<\/strong>CE EN 12492*<br \/>\nUIAA<br \/>\nANSI Z89.1-2009 Tipo I Clase C<br \/>\n&#8211; Cumple con las exigencias de protecci\u00f3n contra impactos de la norma EN 397 y de la norma EN 12492.<br \/>\n&#8211; Cumple con las exigencias facultativas de la norma EN 397 relativa a la deformaci\u00f3n lateral y la utilizaci\u00f3n a bajas temperaturas.<\/li>\n<\/ul>\n<\/div>\n<div class=\"one-half column-last\">\n<h1>Uso<\/h1>\n<p>Con el barboquejo resistente, el casco VERTEX VENT es una referencia en cuanto a protecci\u00f3n de la cabeza para los trabajadores en altura. Sus orificios de ventilaci\u00f3n con cortinillas deslizantes permiten airear el casco seg\u00fan las condiciones de utilizaci\u00f3n. Su arn\u00e9s textil de seis puntos asegura una sujeci\u00f3n c\u00f3moda y su sistema de regulaci\u00f3n CenterFit ajusta el contorno de cabeza conservando el centrado del casco en la cabeza. El VERTEX VENT est\u00e1 dise\u00f1ado para integrar de forma \u00f3ptima orejeras de protecci\u00f3n, una pantalla de protecci\u00f3n espec\u00edfica VIZIR o una linterna frontal PIXA.<\/p>\n<p><span style=\"text-decoration: underline;\"><strong>Casco VERTEX BEST :<\/strong><\/span><\/p>\n<ul class=\"gray-link\">\n<li><strong><\/strong>Arn\u00e9s textil de seis puntos que se adapta a la forma de la cabeza para conseguir m\u00e1s comodidad. La absorci\u00f3n de impactos se realiza por deformaci\u00f3n de la carcasa<\/li>\n<li>Sistema de regulaci\u00f3n CenterFit que asegura el centrado del casco en la cabeza y una sujeci\u00f3n \u00f3ptima<\/li>\n<li>Orificios de ventilaci\u00f3n con cortinillas deslizantes ajustables desde el exterior para airear el casco seg\u00fan las condiciones de utilizaci\u00f3n<\/li>\n<li>Ranuras laterales para instalar orejeras de protecci\u00f3n<\/li>\n<li>Alojamientos para fijar una pantalla de protecci\u00f3n VIZIR<\/li>\n<li>Ranura de fijaci\u00f3n para la linterna frontal PIXA<\/li>\n<li>Cuatro ganchos de sujeci\u00f3n para instalar una linterna frontal con cinta el\u00e1stica<\/li>\n<li>Barboquejo dise\u00f1ado para limitar el riesgo de perder el casco durante la ca\u00edda (resistencia superior a 50 daN)<\/li>\n<li>Disponible en seis colores<\/li>\n<li>Se entrega con dos medidas de acolchado para adaptarse a los diferentes contornos de cabeza<\/li>\n<\/ul>\n<\/div><div class=\"clear\"><\/div>\n","protected":false},"excerpt":{"rendered":"","protected":false},"author":1,"featured_media":0,"parent":489,"menu_order":0,"comment_status":"closed","ping_status":"open","template":"template-full-width.php","meta":[],"_links":{"self":[{"href":"http:\/\/www.alsolu.com\/es\/wp-json\/wp\/v2\/pages\/509"}],"collection":[{"href":"http:\/\/www.alsolu.com\/es\/wp-json\/wp\/v2\/pages"}],"about":[{"href":"http:\/\/www.alsolu.com\/es\/wp-json\/wp\/v2\/types\/page"}],"author":[{"embeddable":true,"href":"http:\/\/www.alsolu.com\/es\/wp-json\/wp\/v2\/users\/1"}],"replies":[{"embeddable":true,"href":"http:\/\/www.alsolu.com\/es\/wp-json\/wp\/v2\/comments?post=509"}],"version-history":[{"count":5,"href":"http:\/\/www.alsolu.com\/es\/wp-json\/wp\/v2\/pages\/509\/revisions"}],"predecessor-version":[{"id":2036,"href":"http:\/\/www.alsolu.com\/es\/wp-json\/wp\/v2\/pages\/509\/revisions\/2036"}],"up":[{"embeddable":true,"href":"http:\/\/www.alsolu.com\/es\/wp-json\/wp\/v2\/pages\/489"}],"wp:attachment":[{"href":"http:\/\/www.alsolu.com\/es\/wp-json\/wp\/v2\/media?parent=509"}],"curies":[{"name":"wp","href":"https:\/\/api.w.org\/{rel}","templated":true}]}}