{"id":503,"date":"2014-01-27T15:55:00","date_gmt":"2014-01-27T14:55:00","guid":{"rendered":"http:\/\/www.alsolu.com\/es\/?page_id=503"},"modified":"2014-02-11T11:10:46","modified_gmt":"2014-02-11T10:10:46","slug":"vertex-best-duo-led-14","status":"publish","type":"page","link":"http:\/\/www.alsolu.com\/es\/memo\/productos\/proteccion-individual\/epi\/casco\/vertex-best-duo-led-14\/","title":{"rendered":"Casco VERTEX BEST DUO LED 14"},"content":{"rendered":"<div class=\"one-half\">\n<p><a title=\"Casco VERTEX BEST DUO LED 14\" href=\"http:\/\/www.alsolu.com\/es\/wp-content\/uploads\/sites\/2\/2014\/01\/Helmet-Vertex-best-duo-led-14.png\"><img loading=\"lazy\" class=\"alignnone  wp-image-1529\" title=\"Casco VERTEX BEST DUO LED 14\" alt=\"Casco VERTEX BEST DUO LED 14\" src=\"http:\/\/www.alsolu.com\/es\/wp-content\/uploads\/sites\/2\/2014\/01\/Helmet-Vertex-best-duo-led-14-440x290.png\" width=\"440\" height=\"290\" \/><\/a><\/p>\n<h1>Caracter\u00edsticas technicas<\/h1>\n<ul>\n<li><strong>Referencia<\/strong> : A10BWE<\/li>\n<li><strong>Peso <\/strong>: 625g<\/li>\n<li><strong>Contorno de cabeza min :<\/strong> 53 cm<\/li>\n<li><strong>Contorno de cabeza max :<\/strong> 63cm<\/li>\n<li><strong>Garant\u00eda<\/strong> : 3 years<\/li>\n<li><strong>Made in FR<\/strong><\/li>\n<li><strong>Certificaci\u00f3n(s) : CE*<br \/>\n*<\/strong>Cumple con las exigencias de protecci\u00f3n contra impactos de la norma EN 397 y de la norma EN 12492.<br \/>\n&#8211; Cumple con las exigencias facultativas de la norma EN 397 relativa a las salpicaduras de metal fundido, la deformaci\u00f3n lateral y la utilizaci\u00f3n a bajas temperaturas.<\/li>\n<\/ul>\n<p><span style=\"text-decoration: underline;\"><strong><strong>14<\/strong><strong>\u00a0Leds haz luminoso amplio<\/strong> :<br \/>\n<\/strong><\/span><\/p>\n<p><strong>Mode m\u00e1ximo :<\/strong><br \/>\nIluminaci\u00f3n constante: s\u00ed<br \/>\nFlujo luminoso: 67 l\u00famenes<br \/>\nAlcance: 34 m durante 3 h 30<br \/>\nAutonom\u00eda: 148 h (con iluminaci\u00f3n de reserva)<\/p>\n<p><strong>Modo \u00f3ptimo <\/strong><strong>:<\/strong><br \/>\nIluminaci\u00f3n constante: s\u00ed<br \/>\nFlujo luminoso: 43 l\u00famenes<br \/>\nAlcance: 26 m durante 10 h<br \/>\nAutonom\u00eda: 183 h (con iluminaci\u00f3n de reserva)<\/p>\n<p><strong>Modo econ\u00f3mico <\/strong><strong>:<\/strong><br \/>\nIluminaci\u00f3n constante: s\u00ed<br \/>\nFlujo luminoso: 13 l\u00famenes<br \/>\nAlcance: 15 m durante 63 h<br \/>\nAutonom\u00eda: 110 h (con iluminaci\u00f3n de reserva)<\/p>\n<p><strong>Hal\u00f3geno haz luminoso focalizado<\/strong> :<br \/>\nIluminaci\u00f3n constante: no<br \/>\nFlujo luminoso: 36 l\u00famenes<br \/>\nAlcance: t=0h: 100 m \/ t=0h30: 70 m<br \/>\nAutonom\u00eda: 4 h<\/p>\n<\/div>\n<div class=\"one-half column-last\">\n<h1>Uso<\/h1>\n<p>El VERTEX BEST DUO LED 14 combina una casco confortable para trabajos en altura y rescate, con una linterna estanca robusta de doble foco (hal\u00f3geno\/14 leds). Con el barboquejo resistente, el casco VERTEX BEST es una referencia en cuanto a protecci\u00f3n de la cabeza para los trabajadores en altura. Su carcasa asegura la\u00a0 protecci\u00f3n contra las salpicaduras de metal fundido. Su arn\u00e9s textil de seis puntos asegura una sujeci\u00f3n c\u00f3moda y su sistema de regulaci\u00f3n CenterFit ajusta el contorno de cabeza conservando el centrado del casco en la cabeza.<\/p>\n<p><span style=\"text-decoration: underline;\"><strong>Casco VERTEX BEST :<\/strong><\/span><\/p>\n<ul class=\"gray-link\">\n<li><strong><\/strong>Arn\u00e9s textil de seis puntos que se adapta a la forma de la cabeza para conseguir m\u00e1s comodidad. La absorci\u00f3n de impactos se realiza por deformaci\u00f3n de la carcasa<\/li>\n<li>Sistema de regulaci\u00f3n CenterFit que asegura el centrado del casco en la cabeza y una sujeci\u00f3n \u00f3ptima<\/li>\n<li>Ranuras laterales para instalar orejeras de protecci\u00f3n<\/li>\n<li>Barboquejo dise\u00f1ado para limitar el riesgo de perder el casco durante la ca\u00edda (resistencia superior a 50 daN)<\/li>\n<li>Casco no ventilado que protege contra las salpicaduras de metal fundido<\/li>\n<li>Se entrega con dos medidas de acolchado para adaptarse a los diferentes contornos de cabeza<\/li>\n<\/ul>\n<p><span style=\"text-decoration: underline;\"><strong>Linterna frontal DUO LED 14 :<\/strong><\/span><\/p>\n<ul>\n<li type=\"_moz\">Linterna todo terreno robusta y estanca hasta -5 metros (IP X8).<\/li>\n<li type=\"_moz\">Dos poderosas fuentes luminosas a esoger en funci\u00f3n de la actividad :<br \/>\n&#8211; foco con una bombilla hal\u00f3gena para una iluminaci\u00f3n focalizada de largo alcance y con zoom regulable.<br \/>\n&#8211; foco con catorce leds para una iluminaci\u00f3n de proximidad amplia, con tres niveles de iluminaci\u00f3n (m\u00e1ximo, \u00f3ptimo, econ\u00f3mico).<\/li>\n<li type=\"_moz\">Iluminaci\u00f3n de proximidad constante con una gran autonom\u00eda:<br \/>\n&#8211; foco con catorce leds regulados que mantiene un nivel de iluminaci\u00f3n constante, hasta que las pilas est\u00e1n casi descargadas.<br \/>\n&#8211; paso autom\u00e1tico a modo de \u00abreserva\u00bb cuando las pilas est\u00e1n casi descargadas.<\/li>\n<li type=\"_moz\">C\u00f3moda y f\u00e1cil de utilizar:<br \/>\n&#8211; interruptor con bloqueo de seguridad para evitar el encendido involuntario.<br \/>\n&#8211; optica orientable.<\/li>\n<li type=\"_moz\">Bombilla hal\u00f3gena de recambio en el bloque \u00f3ptico de la linterna.<\/li>\n<\/ul>\n<\/div><div class=\"clear\"><\/div>\n","protected":false},"excerpt":{"rendered":"","protected":false},"author":1,"featured_media":0,"parent":489,"menu_order":0,"comment_status":"closed","ping_status":"open","template":"template-full-width.php","meta":[],"_links":{"self":[{"href":"http:\/\/www.alsolu.com\/es\/wp-json\/wp\/v2\/pages\/503"}],"collection":[{"href":"http:\/\/www.alsolu.com\/es\/wp-json\/wp\/v2\/pages"}],"about":[{"href":"http:\/\/www.alsolu.com\/es\/wp-json\/wp\/v2\/types\/page"}],"author":[{"embeddable":true,"href":"http:\/\/www.alsolu.com\/es\/wp-json\/wp\/v2\/users\/1"}],"replies":[{"embeddable":true,"href":"http:\/\/www.alsolu.com\/es\/wp-json\/wp\/v2\/comments?post=503"}],"version-history":[{"count":8,"href":"http:\/\/www.alsolu.com\/es\/wp-json\/wp\/v2\/pages\/503\/revisions"}],"predecessor-version":[{"id":505,"href":"http:\/\/www.alsolu.com\/es\/wp-json\/wp\/v2\/pages\/503\/revisions\/505"}],"up":[{"embeddable":true,"href":"http:\/\/www.alsolu.com\/es\/wp-json\/wp\/v2\/pages\/489"}],"wp:attachment":[{"href":"http:\/\/www.alsolu.com\/es\/wp-json\/wp\/v2\/media?parent=503"}],"curies":[{"name":"wp","href":"https:\/\/api.w.org\/{rel}","templated":true}]}}