{"id":475,"date":"2014-01-27T14:20:49","date_gmt":"2014-01-27T13:20:49","guid":{"rendered":"http:\/\/www.alsolu.com\/es\/?page_id=475"},"modified":"2014-02-11T10:22:30","modified_gmt":"2014-02-11T09:22:30","slug":"bloqueador-ventral-croll","status":"publish","type":"page","link":"http:\/\/www.alsolu.com\/es\/memo\/productos\/proteccion-individual\/epi\/bloqueadores\/bloqueador-ventral-croll\/","title":{"rendered":"Bloqueador ventral \u2013 CROLL\u00ae"},"content":{"rendered":"<div class=\"one-half\">\n<p><a title=\"Bloqueador ventral \u2013 CROLL\u00ae\" href=\"http:\/\/www.alsolu.com\/es\/wp-content\/uploads\/sites\/2\/2014\/01\/chest-rope-clamp.png\" rel=\"prettyPhoto\"><img loading=\"lazy\" class=\"alignnone  wp-image-1523\" title=\"Bloqueador ventral \u2013 CROLL\u00ae\" alt=\"Bloqueador ventral \u2013 CROLL\u00ae\" src=\"http:\/\/www.alsolu.com\/es\/wp-content\/uploads\/sites\/2\/2014\/01\/chest-rope-clamp-440x290.png\" width=\"440\" height=\"290\" \/><\/a><\/p>\n<\/div>\n<div class=\"one-half column-last\">\n<h1>Uso<\/h1>\n<ul class=\"gray-link\">\n<li>Bloqueador ventral compacto y ligero.<\/li>\n<li>Se utiliza como complemento de un pu\u00f1o ASCENSION para los ascensos por cuerda.<\/li>\n<li>Leva dentada con ranura de evacuaci\u00f3n para optimizar el funcionamiento en cualquier condici\u00f3n (cuerda helada, embarrada, etc.). Esta leva es de acero inoxidable para mejor resistencia a la corrosi\u00f3n.<\/li>\n<li>Refuerzo de protecci\u00f3n antidesgaste de acero inoxidable que protege la zona de rozamiento de la cuerda.<\/li>\n<li>Abertura del tope por pinzamiento para una manipulaci\u00f3n f\u00e1cil y r\u00e1pida.<\/li>\n<li>Orificio inferior adaptado para mantener el bloqueador ventral CROLL plano.<\/li>\n<li>Orificio superior para fijar unos tirantes SECUR y mantener el bloqueador en la posici\u00f3n correcta.<\/li>\n<\/ul>\n<h1>Caracter\u00edsticas t\u00e9cnicas<\/h1>\n<ul class=\"gray-link\">\n<li><strong>Referencia<\/strong> : B16BAA<\/li>\n<li><strong>Peso <\/strong>: 85 g.<\/li>\n<li><strong>Di\u00e1metro de cuerda<\/strong> : para usar con una sola cuerda de 8 y 11 mm<\/li>\n<li><strong>Certificaci\u00f3n(s)<\/strong> :<br \/>\nCE EN 567, CE EN 12 841 type B.<br \/>\nNFPA 1983 Light Use.<\/li>\n<\/ul>\n<\/div><div class=\"clear\"><\/div>\n","protected":false},"excerpt":{"rendered":"","protected":false},"author":1,"featured_media":0,"parent":482,"menu_order":0,"comment_status":"closed","ping_status":"open","template":"template-full-width.php","meta":[],"_links":{"self":[{"href":"http:\/\/www.alsolu.com\/es\/wp-json\/wp\/v2\/pages\/475"}],"collection":[{"href":"http:\/\/www.alsolu.com\/es\/wp-json\/wp\/v2\/pages"}],"about":[{"href":"http:\/\/www.alsolu.com\/es\/wp-json\/wp\/v2\/types\/page"}],"author":[{"embeddable":true,"href":"http:\/\/www.alsolu.com\/es\/wp-json\/wp\/v2\/users\/1"}],"replies":[{"embeddable":true,"href":"http:\/\/www.alsolu.com\/es\/wp-json\/wp\/v2\/comments?post=475"}],"version-history":[{"count":6,"href":"http:\/\/www.alsolu.com\/es\/wp-json\/wp\/v2\/pages\/475\/revisions"}],"predecessor-version":[{"id":2027,"href":"http:\/\/www.alsolu.com\/es\/wp-json\/wp\/v2\/pages\/475\/revisions\/2027"}],"up":[{"embeddable":true,"href":"http:\/\/www.alsolu.com\/es\/wp-json\/wp\/v2\/pages\/482"}],"wp:attachment":[{"href":"http:\/\/www.alsolu.com\/es\/wp-json\/wp\/v2\/media?parent=475"}],"curies":[{"name":"wp","href":"https:\/\/api.w.org\/{rel}","templated":true}]}}