{"id":466,"date":"2014-01-27T14:13:05","date_gmt":"2014-01-27T13:13:05","guid":{"rendered":"http:\/\/www.alsolu.com\/es\/?page_id=466"},"modified":"2014-02-11T10:17:12","modified_gmt":"2014-02-11T09:17:12","slug":"puno-bloqueador-mano-izquierda-y-mano-derecha","status":"publish","type":"page","link":"http:\/\/www.alsolu.com\/es\/memo\/productos\/proteccion-individual\/epi\/bloqueadores\/puno-bloqueador-mano-izquierda-y-mano-derecha\/","title":{"rendered":"Pu\u00f1o bloqueador mano izquierda y mano derecha"},"content":{"rendered":"<div class=\"one-half\">\n<p><a title=\"Pu\u00f1o bloqueador mano izquierda y mano derecha\" href=\"http:\/\/www.alsolu.com\/es\/wp-content\/uploads\/sites\/2\/2014\/01\/handled-rope-clamp-right-and-left.png\" rel=\"prettyPhoto\"><img loading=\"lazy\" class=\"alignnone  wp-image-1527\" title=\"Pu\u00f1o bloqueador mano izquierda y mano derecha\" alt=\"Pu\u00f1o bloqueador mano izquierda y mano derecha\" src=\"http:\/\/www.alsolu.com\/es\/wp-content\/uploads\/sites\/2\/2014\/01\/handled-rope-clamp-right-and-left-440x290.png\" width=\"440\" height=\"290\" \/><\/a><\/p>\n<\/div>\n<div class=\"one-half column-last\">\n<h1>Uso<\/h1>\n<ul class=\"gray-link\">\n<li><strong><\/strong>Dise\u00f1ado para los ascensos por cuerda y posibles polipastos (antirretorno).<\/li>\n<li>Empu\u00f1adora moldeada ergon\u00f3mica y larga que asegura mayor prensi\u00f3n y potencia<\/li>\n<li>Leva dentada con ranura de evacuaci\u00f3n para optimizar el funcionamiento en cualquier condici\u00f3n (cuerda helada, embarrada, etc.)<\/li>\n<li>Orificios en la parte inferior para conectar un cabestro PROGRESS e instalar un pedal FOOTPRO con un maillon r\u00e1pido<\/li>\n<li>Orificio de conexi\u00f3n en la parte superior para la conducci\u00f3n de la cuerda o el montaje de la polea de bloqueo<\/li>\n<li>Disponible en versiones\u00a0 para mano derecha y mano izquierda y de color negro<\/li>\n<\/ul>\n<h1>Caracter\u00edsticas t\u00e9cnicas<\/h1>\n<ul class=\"gray-link\">\n<li><strong>Peso <\/strong>: 195 g<\/li>\n<li><strong>Tipo(s) et di\u00e1metro(s) de cuerda<\/strong>\u00a0: \u00a0funciona con una sola cuerda\u00a0 de 8 a 13 mm de di\u00e1metro<\/li>\n<li><strong>Made in FR<\/strong><\/li>\n<li><strong>Certificado(s)<\/strong> :<br \/>\nCE EN 567.<br \/>\nCE EN 12841 type B.<br \/>\nNFPA 1983 Light Use.<\/li>\n<li><strong><strong>Referencias :<br \/>\nMano izquierda <\/strong><\/strong><strong>:<\/strong><br \/>\nB17WLA (negro).<br \/>\nB17WLN (negro)<br \/>\n<strong>Mano derecha :<\/strong><br \/>\nB17WRA (amarillo).<br \/>\nB17WRN (negro)<\/li>\n<\/ul>\n<\/div><div class=\"clear\"><\/div>\n","protected":false},"excerpt":{"rendered":"","protected":false},"author":1,"featured_media":0,"parent":482,"menu_order":0,"comment_status":"closed","ping_status":"open","template":"template-full-width.php","meta":[],"_links":{"self":[{"href":"http:\/\/www.alsolu.com\/es\/wp-json\/wp\/v2\/pages\/466"}],"collection":[{"href":"http:\/\/www.alsolu.com\/es\/wp-json\/wp\/v2\/pages"}],"about":[{"href":"http:\/\/www.alsolu.com\/es\/wp-json\/wp\/v2\/types\/page"}],"author":[{"embeddable":true,"href":"http:\/\/www.alsolu.com\/es\/wp-json\/wp\/v2\/users\/1"}],"replies":[{"embeddable":true,"href":"http:\/\/www.alsolu.com\/es\/wp-json\/wp\/v2\/comments?post=466"}],"version-history":[{"count":9,"href":"http:\/\/www.alsolu.com\/es\/wp-json\/wp\/v2\/pages\/466\/revisions"}],"predecessor-version":[{"id":2024,"href":"http:\/\/www.alsolu.com\/es\/wp-json\/wp\/v2\/pages\/466\/revisions\/2024"}],"up":[{"embeddable":true,"href":"http:\/\/www.alsolu.com\/es\/wp-json\/wp\/v2\/pages\/482"}],"wp:attachment":[{"href":"http:\/\/www.alsolu.com\/es\/wp-json\/wp\/v2\/media?parent=466"}],"curies":[{"name":"wp","href":"https:\/\/api.w.org\/{rel}","templated":true}]}}