{"id":457,"date":"2014-01-27T11:58:57","date_gmt":"2014-01-27T10:58:57","guid":{"rendered":"http:\/\/www.alsolu.com\/es\/?page_id=457"},"modified":"2014-02-11T09:56:33","modified_gmt":"2014-02-11T08:56:33","slug":"anticaida-movil-para-cuerda","status":"publish","type":"page","link":"http:\/\/www.alsolu.com\/es\/memo\/productos\/proteccion-individual\/epi\/anticaida-movil-para-cuerda\/","title":{"rendered":"Antica\u00edda m\u00f3vil &#8211; EPI"},"content":{"rendered":"<div class=\"one-half\">\n<p><a title=\"Antica\u00edda m\u00f3vil\" href=\"http:\/\/www.alsolu.com\/es\/wp-content\/uploads\/sites\/2\/2014\/01\/mobile-fall-arrest-devide.png\" rel=\"prettyPhoto\"><img loading=\"lazy\" class=\"alignnone size-capture-produit wp-image-1544\" title=\"Antica\u00edda m\u00f3vil\" alt=\"Antica\u00edda m\u00f3vil\" src=\"http:\/\/www.alsolu.com\/es\/wp-content\/uploads\/sites\/2\/2014\/01\/mobile-fall-arrest-devide-440x290.png\" width=\"440\" height=\"290\" \/><\/a><\/p>\n<\/div>\n<div class=\"one-half column-last\">\n<h1>Uso<\/h1>\n<ul class=\"gray-link\">\n<li>Detiene una ca\u00edda, una diapositiva o un descenso descontrolado<\/li>\n<li>Para el uso en una l\u00ednea de vida<\/li>\n<li>Cerraduras impares si el dispositivo se agarr\u00f3 cae en una ca\u00edda<\/li>\n<li>Funciona con cuerda vertical o en \u00e1ngulo<\/li>\n<li>Se mueve hacia arriba y hacia abajo a lo largo de la cuerda sin intervenci\u00f3n manual<\/li>\n<li>F\u00e1cil de instalar y quitar en cualquier punto de la cuerda<\/li>\n<li>Puede ser usado con un acollador de amortiguaci\u00f3n ASAP&#8217;SORBER para crear la distancia deseada de la l\u00ednea de seguridad<\/li>\n<li>Viene con el TRIACT Aceptar mosquet\u00f3n de bloqueo autom\u00e1tico-LOCK<\/li>\n<li>Peso: 425 g (350 g de ASAP y 75 g para Aceptar TRIACTLOCK)<\/li>\n<\/ul>\n<h1>Caracter\u00edsticas T\u00e9cnicas<\/h1>\n<ul class=\"gray-link\">\n<li><strong>Referencia<\/strong> : B71<\/li>\n<li><strong>Peso <\/strong>: 425 g<\/li>\n<li><strong>Garantia <\/strong>: 3 ans<\/li>\n<li><strong>Made in FR<\/strong><\/li>\n<li><strong>Certificaci\u00f3n(s)<\/strong> :<br \/>\n&#8211; <strong>CE EN 353 2<\/strong> (sistema antica\u00eddas): utilizar el ASAP con un semi-est\u00e1tica<br \/>\n&#8211; <strong>EN 1891 tipo A<\/strong> de la cuerda que est\u00e1 certificado con el producto (10,5 y 13 mm de di\u00e1metro con terminaci\u00f3n cosido).<br \/>\n&#8211; Ejemplo : AXIS 11 mm cuerda con terminaci\u00f3n cosido.<br \/>\n&#8211; <strong>CE EN 12841 tipo A<\/strong> (dificultad de acceso): utilizar el ASAP con Cualquier semi-est\u00e1tica EN 1891 tipo A cuerda (10 a 13 mm de di\u00e1metro).<br \/>\nEjemplo : PARALELO cuerda 10,5 mm.<\/li>\n<\/ul>\n<\/div><div class=\"clear\"><\/div>\n","protected":false},"excerpt":{"rendered":"","protected":false},"author":1,"featured_media":0,"parent":428,"menu_order":0,"comment_status":"closed","ping_status":"open","template":"template-full-width.php","meta":[],"_links":{"self":[{"href":"http:\/\/www.alsolu.com\/es\/wp-json\/wp\/v2\/pages\/457"}],"collection":[{"href":"http:\/\/www.alsolu.com\/es\/wp-json\/wp\/v2\/pages"}],"about":[{"href":"http:\/\/www.alsolu.com\/es\/wp-json\/wp\/v2\/types\/page"}],"author":[{"embeddable":true,"href":"http:\/\/www.alsolu.com\/es\/wp-json\/wp\/v2\/users\/1"}],"replies":[{"embeddable":true,"href":"http:\/\/www.alsolu.com\/es\/wp-json\/wp\/v2\/comments?post=457"}],"version-history":[{"count":12,"href":"http:\/\/www.alsolu.com\/es\/wp-json\/wp\/v2\/pages\/457\/revisions"}],"predecessor-version":[{"id":2022,"href":"http:\/\/www.alsolu.com\/es\/wp-json\/wp\/v2\/pages\/457\/revisions\/2022"}],"up":[{"embeddable":true,"href":"http:\/\/www.alsolu.com\/es\/wp-json\/wp\/v2\/pages\/428"}],"wp:attachment":[{"href":"http:\/\/www.alsolu.com\/es\/wp-json\/wp\/v2\/media?parent=457"}],"curies":[{"name":"wp","href":"https:\/\/api.w.org\/{rel}","templated":true}]}}