{"id":394,"date":"2014-01-24T16:39:16","date_gmt":"2014-01-24T15:39:16","guid":{"rendered":"http:\/\/localhost\/ALSOLU-WP\/?page_id=394"},"modified":"2014-03-10T14:59:16","modified_gmt":"2014-03-10T13:59:16","slug":"poste-de-anclaje-tubo-cuadrado","status":"publish","type":"page","link":"http:\/\/www.alsolu.com\/es\/memo\/productos\/proteccion-individual\/anclajes\/poste-de-anclaje-tubo-cuadrado\/","title":{"rendered":"VECTASAFE\u00ae Poste de anclaje tubo cuadrado"},"content":{"rendered":"<div class=\"one-half\">\n<p style=\"text-align: center;\"><a title=\"VECTASAFE\u00ae Poste de anclaje tubo cuadrado\" href=\"http:\/\/www.alsolu.com\/es\/wp-content\/uploads\/sites\/2\/2014\/01\/Round-anchor-post.png\" rel=\"prettyPhoto\"><img loading=\"lazy\" class=\"wp-image-1489 aligncenter\" title=\"VECTASAFE\u00ae Poste de anclaje tubo cuadrado\" alt=\"VECTASAFE\u00ae Poste de anclaje tubo cuadrado\" src=\"http:\/\/www.alsolu.com\/es\/wp-content\/uploads\/sites\/2\/2014\/01\/Round-anchor-post.png\" width=\"295\" height=\"219\" \/><\/a><\/p>\n<\/div>\n<div class=\"one-half column-last\">\n<p style=\"text-align: right;\"><a class=\"devis-pink\" title=\"Solicitud de presupuesto - Poste de anclaje tubo cuadrado\" href=\"http:\/\/www.alsolu.com\/es\/contact-394\">Solicitud de presupuesto<\/a><\/p>\n<h1>Uso<\/h1>\n<p>El poste de anclaje VECTASAFE\u00ae asegura la protecci\u00f3n individual contra las ca\u00eddas de altura. Este poste es una soluci\u00f3n econ\u00f3mica y de instalaci\u00f3n r\u00e1pida.<\/p>\n<h1>Caracter\u00edsticas t\u00e9cnicas<\/h1>\n<ul class=\"gray-link\">\n<li><strong>Material<\/strong> : acero S235JR.<\/li>\n<li><strong>Tratamiento<\/strong> : galvanizaci\u00f3n en caliente.<\/li>\n<li><strong>Peso<\/strong> : 5,5 kg.<strong><\/strong><\/li>\n<li><strong>Carga m\u00e1xima<\/strong> : 1000 daN.<\/li>\n<li><strong>Campo de uso<\/strong> : interior \/ exterior.<\/li>\n<li><strong>Conforme a la norma EN 795 Clase A1<\/strong> (Certificado de Conformidad Apave N\u00b0AT5773804-2).<\/li>\n<\/ul>\n<p><strong><div class=\"toggle clearfix\"><div class=\"toggle-title\"><div class=\"plus\" id=\"doc\"><\/div><h5>Documentation<\/h5><\/div><div class=\"inner-content\"><a href=\"http:\/\/www.alsolu.com\/es\/wp-content\/uploads\/2014\/01\/pdf.png\"><img loading=\"lazy\" alt=\"Fichier PDF\" src=\"http:\/\/www.alsolu.com\/es\/wp-content\/uploads\/2014\/01\/pdf.png\" width=\"24\" height=\"25\" \/><\/a><\/strong><a href=\"http:\/\/www.alsolu.com\/technical-data-sheet\/anchorages\/technical-data-sheet-square-anchor-post-ft004.pdf\" target=\"_blank\">Technical data sheet 004 &#8211; VECTASAFE\u00ae square anchor post<\/a><strong><\/div><\/div><\/strong><\/p>\n<\/div><div class=\"clear\"><\/div>\n","protected":false},"excerpt":{"rendered":"","protected":false},"author":1,"featured_media":0,"parent":291,"menu_order":0,"comment_status":"closed","ping_status":"open","template":"template-full-width.php","meta":[],"_links":{"self":[{"href":"http:\/\/www.alsolu.com\/es\/wp-json\/wp\/v2\/pages\/394"}],"collection":[{"href":"http:\/\/www.alsolu.com\/es\/wp-json\/wp\/v2\/pages"}],"about":[{"href":"http:\/\/www.alsolu.com\/es\/wp-json\/wp\/v2\/types\/page"}],"author":[{"embeddable":true,"href":"http:\/\/www.alsolu.com\/es\/wp-json\/wp\/v2\/users\/1"}],"replies":[{"embeddable":true,"href":"http:\/\/www.alsolu.com\/es\/wp-json\/wp\/v2\/comments?post=394"}],"version-history":[{"count":9,"href":"http:\/\/www.alsolu.com\/es\/wp-json\/wp\/v2\/pages\/394\/revisions"}],"predecessor-version":[{"id":2179,"href":"http:\/\/www.alsolu.com\/es\/wp-json\/wp\/v2\/pages\/394\/revisions\/2179"}],"up":[{"embeddable":true,"href":"http:\/\/www.alsolu.com\/es\/wp-json\/wp\/v2\/pages\/291"}],"wp:attachment":[{"href":"http:\/\/www.alsolu.com\/es\/wp-json\/wp\/v2\/media?parent=394"}],"curies":[{"name":"wp","href":"https:\/\/api.w.org\/{rel}","templated":true}]}}