{"id":385,"date":"2014-01-24T16:16:40","date_gmt":"2014-01-24T15:16:40","guid":{"rendered":"http:\/\/localhost\/ALSOLU-WP\/?page_id=385"},"modified":"2014-03-10T14:59:35","modified_gmt":"2014-03-10T13:59:35","slug":"poste-de-anclaje-tubo-redondo","status":"publish","type":"page","link":"http:\/\/www.alsolu.com\/es\/memo\/productos\/proteccion-individual\/anclajes\/poste-de-anclaje-tubo-redondo\/","title":{"rendered":"VECTASAFE\u00ae Poste de anclaje tubo redondo"},"content":{"rendered":"<div class=\"one-half\">\n<p><a title=\"VECTASAFE\u00ae Poste de anclaje tubo redondo\" href=\"http:\/\/www.alsolu.com\/es\/wp-content\/uploads\/sites\/2\/2014\/01\/Square-anchor-post.png\" rel=\"prettyPhoto\"><img loading=\"lazy\" class=\"alignnone size-full wp-image-1490\" title=\"VECTASAFE\u00ae Poste de anclaje tubo redondo\" alt=\"VECTASAFE\u00ae Poste de anclaje tubo redondo\" src=\"http:\/\/www.alsolu.com\/es\/wp-content\/uploads\/sites\/2\/2014\/01\/Square-anchor-post.png\" width=\"295\" height=\"219\" \/><\/a><\/p>\n<\/div>\n<div class=\"one-half column-last\">\n<p style=\"text-align: right;\"><a class=\"devis-pink\" title=\"Solicitud de presupuesto - Poste de anclaje tubo redondo\" href=\"http:\/\/www.alsolu.com\/es\/contact-385\">Solicitud de presupuesto<\/a><\/p>\n<h1>Uso<\/h1>\n<p>El poste de anclaje VECTASAFE\u00ae asegura la protecci\u00f3n individual contra las ca\u00eddas de altura. Este poste es una soluci\u00f3n econ\u00f3mica y de r\u00e1pida instalaci\u00f3n.<\/p>\n<h1>Caracter\u00edsticas t\u00e9cnicas<\/h1>\n<ul class=\"gray-link\">\n<li><strong>Material <\/strong>: acero S235JR.<\/li>\n<li><strong>Tratamiento <\/strong>: galvanizaci\u00f3n en caliente.<\/li>\n<li><strong>Peso <\/strong>: 5,5 kg.<strong><\/strong><\/li>\n<li><strong>Carga m\u00e1xima<\/strong> : 1000 daN.<\/li>\n<li><strong>Campo de uso<\/strong> : interior \/ exterior.<\/li>\n<li><strong>Conforme a la norma EN 795 Clase A1<\/strong> (Certificado de conformidad Apave N\u00b0AT5773804-3).<\/li>\n<\/ul>\n<div class=\"toggle clearfix\"><div class=\"toggle-title\"><div class=\"plus\" id=\"doc\"><\/div><h5>Documentation<\/h5><\/div><div class=\"inner-content\"><a href=\"http:\/\/www.alsolu.com\/es\/wp-content\/uploads\/2014\/01\/pdf.png\"><img loading=\"lazy\" alt=\"Fichier PDF\" src=\"http:\/\/www.alsolu.com\/es\/wp-content\/uploads\/2014\/01\/pdf.png\" width=\"24\" height=\"25\" \/><\/a><a href=\"http:\/\/www.alsolu.com\/fichas-tecnicas\/anclaje\/ficha-technica-poste-de-anclaje-tubo-redondo-ft003.pdf\" target=\"_blank\">Ficha tecnica 003 &#8211; poste de anclaje tubo redondo VECTASAFE\u00ae<\/a><strong><\/div><\/div><\/strong><\/p>\n<\/div><div class=\"clear\"><\/div>\n","protected":false},"excerpt":{"rendered":"","protected":false},"author":1,"featured_media":0,"parent":291,"menu_order":0,"comment_status":"closed","ping_status":"open","template":"template-full-width.php","meta":[],"_links":{"self":[{"href":"http:\/\/www.alsolu.com\/es\/wp-json\/wp\/v2\/pages\/385"}],"collection":[{"href":"http:\/\/www.alsolu.com\/es\/wp-json\/wp\/v2\/pages"}],"about":[{"href":"http:\/\/www.alsolu.com\/es\/wp-json\/wp\/v2\/types\/page"}],"author":[{"embeddable":true,"href":"http:\/\/www.alsolu.com\/es\/wp-json\/wp\/v2\/users\/1"}],"replies":[{"embeddable":true,"href":"http:\/\/www.alsolu.com\/es\/wp-json\/wp\/v2\/comments?post=385"}],"version-history":[{"count":13,"href":"http:\/\/www.alsolu.com\/es\/wp-json\/wp\/v2\/pages\/385\/revisions"}],"predecessor-version":[{"id":2180,"href":"http:\/\/www.alsolu.com\/es\/wp-json\/wp\/v2\/pages\/385\/revisions\/2180"}],"up":[{"embeddable":true,"href":"http:\/\/www.alsolu.com\/es\/wp-json\/wp\/v2\/pages\/291"}],"wp:attachment":[{"href":"http:\/\/www.alsolu.com\/es\/wp-json\/wp\/v2\/media?parent=385"}],"curies":[{"name":"wp","href":"https:\/\/api.w.org\/{rel}","templated":true}]}}