{"id":322,"date":"2014-01-24T14:54:57","date_gmt":"2014-01-24T13:54:57","guid":{"rendered":"http:\/\/localhost\/ALSOLU-WP\/?page_id=322"},"modified":"2018-09-13T08:22:21","modified_gmt":"2018-09-13T07:22:21","slug":"anclaje-peso-muerto","status":"publish","type":"page","link":"http:\/\/www.alsolu.com\/es\/memo\/productos\/proteccion-individual\/anclaje-peso-muerto\/","title":{"rendered":"VECTASAFE\u00ae Anclaje peso muerto"},"content":{"rendered":"<div class=\"one-half\">\n<p><a title=\"VECTASAFE\u00ae Anclaje peso muerto\" href=\"http:\/\/www.alsolu.com\/es\/wp-content\/uploads\/sites\/2\/2014\/01\/vectasafe-deadweight-anchor.png\" rel=\"prettyPhoto\"><img loading=\"lazy\" class=\"alignnone size-capture-produit wp-image-1491\" title=\"VECTASAFE\u00ae Anclaje peso muerto\" src=\"http:\/\/www.alsolu.com\/es\/wp-content\/uploads\/sites\/2\/2014\/01\/vectasafe-deadweight-anchor-440x290.png\" alt=\"VECTASAFE\u00ae Anclaje peso muerto\" width=\"440\" height=\"290\" \/><\/a><\/p>\n<div class=\"toggle clearfix\"><div class=\"toggle-title\"><div class=\"plus\" id=\"doc\"><\/div><h5>Documentation<\/h5><\/div><div class=\"inner-content\"><a href=\"http:\/\/www.alsolu.com\/es\/wp-content\/uploads\/2014\/01\/pdf.png\"><img loading=\"lazy\" src=\"http:\/\/www.alsolu.com\/es\/wp-content\/uploads\/2014\/01\/pdf.png\" alt=\"Fichier PDF\" width=\"24\" height=\"25\" \/><\/a><a href=\"http:\/\/www.alsolu.com\/fichas-tecnicas\/anclaje\/ficha-tecnica-anclaje-peso-muerto-ft033.pdf\" target=\"_blank\" rel=\"noopener\">Ficha technica 033 &#8211; Anclaje peso muerto VECTASAFE\u00ae<\/a><\/div><\/div>\n<\/div>\n<div class=\"one-half column-last\">\n<p style=\"text-align: right;\"><a class=\"devis-pink\" title=\"Solicitud de presupuesto - Anclaje peso muerto\" href=\"http:\/\/www.alsolu.com\/es\/contact-322\">Solicitud de presupuesto<\/a><\/p>\n<h1>Uso<\/h1>\n<p>El anclaje peso muerto\u00a0 VECTASAFE\u00ae asegura la protecci\u00f3n contra las ca\u00eddas de altura, para 1 persona. Permite la puesta en seguridad de los usuarios durante los trabajos de mantenimiento del tejado. Es la soluci\u00f3n ideal cuando es t\u00e9cnicamente imposible la fijaci\u00f3n mec\u00e1nica en el soporte existente. Este sistema autoportante evita cualquier trabajo de perforaci\u00f3n en el tejado. Su dise\u00f1o permite una instalaci\u00f3n f\u00e1cil y r\u00e1pida, los contrapesos de pl\u00e1stico preservan la estanqueidad del tejado. Este anclaje es ideal para las superficies planas cuya pendiente sea menor o igual a 5\u00b0. Debe instalarse a 2500 mm del borde del tejado.<br \/>\nSe puede usar en tejado de asfalto, hormig\u00f3n, con gravillas, vegetal.<\/p>\n<h1>Caracter\u00edsticas t\u00e9cnicas<\/h1>\n<ul class=\"gray-link\">\n<li>300 kg de lastrado<\/li>\n<li>\u00d8 2500 mm de vol\u00famen<\/li>\n<\/ul>\n<p><span style=\"text-decoration: underline;\"><strong>Punto de anclaje VECTASAFE\u00ae\u00a0 (x 1)\u00a0:<\/strong><\/span><\/p>\n<ul class=\"gray-link\">\n<li><strong>Acabado<\/strong> : termolacado.<\/li>\n<li><strong>Resistencia<\/strong> : 1200 daN.<\/li>\n<li><strong>Indeformable<\/strong><\/li>\n<li><strong>Campo de uso: interior o exterior.<\/strong><\/li>\n<li><strong>Cumple con la norma EN 795 Clase A1<\/strong> (Cetificado de conformidad Apave N\u00b0AT5773804-1).<\/li>\n<li><strong>Fijaci\u00f3n en pieza central<\/strong> mediante 2 tornillos H m12 x 35 + 4 arandelas M 12 + 2 tuercas freno Nylstop M12.<\/li>\n<\/ul>\n<p><span style=\"text-decoration: underline;\"><strong>Contrapeso plastico (x 24) :<\/strong><\/span><\/p>\n<ul class=\"gray-link\">\n<li><strong>Peso <\/strong>: 12,5 kg.<\/li>\n<li><strong>Asas integradas que facilitan el transporte y la instalaci\u00f3n.<\/strong><\/li>\n<li><strong>Fijaci\u00f3n sobre pata de refuerzo con tornillos M 5 x 40 + arandela M5.<\/strong><\/li>\n<\/ul>\n<p><span style=\"text-decoration: underline;\"><strong>Pieza central soporte anclaje\u00a0: (x 1) :<\/strong><\/span><\/p>\n<ul class=\"gray-link\">\n<li><strong>Material<\/strong> : inox pintado.<\/li>\n<\/ul>\n<p><span style=\"text-decoration: underline;\"><strong>Patas de refuerzo (x 8) :<\/strong><\/span><\/p>\n<ul class=\"gray-link\">\n<li><strong>Material <\/strong>: aluminio bruto.<\/li>\n<li><strong>Empernadas a la pieza central<\/strong> con tornillos M10x50 + arandela M 10 + tuerca M10.<\/li>\n<\/ul>\n<\/div><div class=\"clear\"><\/div>\n","protected":false},"excerpt":{"rendered":"","protected":false},"author":1,"featured_media":0,"parent":294,"menu_order":0,"comment_status":"closed","ping_status":"open","template":"template-full-width.php","meta":[],"_links":{"self":[{"href":"http:\/\/www.alsolu.com\/es\/wp-json\/wp\/v2\/pages\/322"}],"collection":[{"href":"http:\/\/www.alsolu.com\/es\/wp-json\/wp\/v2\/pages"}],"about":[{"href":"http:\/\/www.alsolu.com\/es\/wp-json\/wp\/v2\/types\/page"}],"author":[{"embeddable":true,"href":"http:\/\/www.alsolu.com\/es\/wp-json\/wp\/v2\/users\/1"}],"replies":[{"embeddable":true,"href":"http:\/\/www.alsolu.com\/es\/wp-json\/wp\/v2\/comments?post=322"}],"version-history":[{"count":15,"href":"http:\/\/www.alsolu.com\/es\/wp-json\/wp\/v2\/pages\/322\/revisions"}],"predecessor-version":[{"id":2608,"href":"http:\/\/www.alsolu.com\/es\/wp-json\/wp\/v2\/pages\/322\/revisions\/2608"}],"up":[{"embeddable":true,"href":"http:\/\/www.alsolu.com\/es\/wp-json\/wp\/v2\/pages\/294"}],"wp:attachment":[{"href":"http:\/\/www.alsolu.com\/es\/wp-json\/wp\/v2\/media?parent=322"}],"curies":[{"name":"wp","href":"https:\/\/api.w.org\/{rel}","templated":true}]}}