{"id":314,"date":"2014-01-24T14:35:19","date_gmt":"2014-01-24T13:35:19","guid":{"rendered":"http:\/\/localhost\/ALSOLU-WP\/?page_id=314"},"modified":"2014-03-17T18:03:46","modified_gmt":"2014-03-17T17:03:46","slug":"punto-de-anclaje-en-cubierta-chapa","status":"publish","type":"page","link":"http:\/\/www.alsolu.com\/es\/memo\/productos\/proteccion-individual\/anclajes\/punto-de-anclaje-en-cubierta-chapa\/","title":{"rendered":"VECTASAFE\u00ae Punto de anclaje en cubierta chapa"},"content":{"rendered":"<div class=\"one-half\">\n<p><a title=\"VECTASAFE\u00ae Punto de anclaje en cubierta chapa\" href=\"http:\/\/www.alsolu.com\/es\/wp-content\/uploads\/sites\/2\/2014\/01\/Alu-anchor-point-in-metal-deck.jpg\" rel=\"prettyPhoto\"><img loading=\"lazy\" class=\"alignnone  wp-image-1483 cadre\" title=\"VECTASAFE\u00ae Punto de anclaje en cubierta chapa\" alt=\"VECTASAFE\u00ae Punto de anclaje en cubierta chapa\" src=\"http:\/\/www.alsolu.com\/es\/wp-content\/uploads\/sites\/2\/2014\/01\/Alu-anchor-point-in-metal-deck-440x290.jpg\" width=\"440\" height=\"290\" \/><\/a><\/p>\n<\/div>\n<div class=\"one-half column-last\">\n<p style=\"text-align: right;\"><a class=\"devis-pink\" title=\"Solicitud de presupuesto - Punto de anclaje en cubierta chapa\" href=\"http:\/\/www.alsolu.com\/es\/contact-314\">Solicitud de presupuesto<\/a><\/p>\n<h1>Uso<\/h1>\n<p>El punto de anclaje VECTASAFE\u00ae de aluminio en cubierta chapa es un sistema de protecci\u00f3n individual contra las ca\u00eddas de altura. Ha sido dise\u00f1ado para ser fijado en las ondas de la cubierta chapa de 250 a 330mm de distancia. Su anillo permite el enganche del mosquet\u00f3n, conector. Este sistema se compone del punto de anclaje de aleaci\u00f3n de aluminio, de una placa de adaptaci\u00f3n de acero galvanizado termolacado y de fijaciones.<\/p>\n<h1>Caracter\u00edsticas t\u00e9cnicas<\/h1>\n<p>El punto de anclaje\u00a0VECTASAFE\u00ae est\u00e1 dise\u00f1ado para ser utilizado por una sola persona simult\u00e1neamente con un absorbedor de energ\u00eda que cumple con la norma EN 355.<\/p>\n<p><span style=\"text-decoration: underline;\"><strong>Punto de anclaje VECTASAFE\u00ae de aluminio (x 1) :<\/strong><\/span><\/p>\n<ul class=\"gray-link\">\n<li><strong>Material <\/strong>: aluminio<\/li>\n<li><strong>Acabado<\/strong> : termolacado<\/li>\n<li><strong>Indeformable<\/strong><\/li>\n<li><strong>Campo de uso <\/strong>: interior o exterior<\/li>\n<li><strong>Cumple con la norma EN 795 Clase A1 (Certificado de conformidad Apave N\u00b0AT5773804-1).<\/strong><\/li>\n<\/ul>\n<p><span style=\"text-decoration: underline;\"><strong>Placa de adaptaci\u00f3n sobre cubierta chapa (x1) :<\/strong><\/span><\/p>\n<ul class=\"gray-link\">\n<li><strong>Material<\/strong>: acero galvanizado.<\/li>\n<li><strong>Acabado <\/strong>: termolacado.<\/li>\n<li><strong>Elementos de fijaci\u00f3n :<\/strong><\/li>\n<li><strong>Tornillos auto-taladrantes<\/strong> de acero inoxidable arandela estanca 6 x 29 (x16).<\/li>\n<li><strong>Arandela chimenea estanca<\/strong> (x16).<\/li>\n<li><strong>Tornillos TH acero inoxidable 12 x 35 <\/strong>(x2).<\/li>\n<li><strong>Arandela acero inoxidable M12<\/strong> (x4).<\/li>\n<li><strong>Tuerca H acero inoxidable M12<\/strong> (x2).<\/li>\n<li><strong>Arandela el\u00e1stica M12<\/strong> (x2).<\/li>\n<\/ul>\n<\/div><div class=\"clear\"><\/div>\n","protected":false},"excerpt":{"rendered":"","protected":false},"author":1,"featured_media":0,"parent":291,"menu_order":0,"comment_status":"closed","ping_status":"open","template":"template-full-width.php","meta":[],"_links":{"self":[{"href":"http:\/\/www.alsolu.com\/es\/wp-json\/wp\/v2\/pages\/314"}],"collection":[{"href":"http:\/\/www.alsolu.com\/es\/wp-json\/wp\/v2\/pages"}],"about":[{"href":"http:\/\/www.alsolu.com\/es\/wp-json\/wp\/v2\/types\/page"}],"author":[{"embeddable":true,"href":"http:\/\/www.alsolu.com\/es\/wp-json\/wp\/v2\/users\/1"}],"replies":[{"embeddable":true,"href":"http:\/\/www.alsolu.com\/es\/wp-json\/wp\/v2\/comments?post=314"}],"version-history":[{"count":23,"href":"http:\/\/www.alsolu.com\/es\/wp-json\/wp\/v2\/pages\/314\/revisions"}],"predecessor-version":[{"id":2216,"href":"http:\/\/www.alsolu.com\/es\/wp-json\/wp\/v2\/pages\/314\/revisions\/2216"}],"up":[{"embeddable":true,"href":"http:\/\/www.alsolu.com\/es\/wp-json\/wp\/v2\/pages\/291"}],"wp:attachment":[{"href":"http:\/\/www.alsolu.com\/es\/wp-json\/wp\/v2\/media?parent=314"}],"curies":[{"name":"wp","href":"https:\/\/api.w.org\/{rel}","templated":true}]}}