{"id":2514,"date":"2018-09-12T09:48:27","date_gmt":"2018-09-12T08:48:27","guid":{"rendered":"http:\/\/www.alsolu.com\/es\/?page_id=2514"},"modified":"2018-09-13T15:12:12","modified_gmt":"2018-09-13T14:12:12","slug":"lineas-de-vida-vectaline","status":"publish","type":"page","link":"http:\/\/www.alsolu.com\/es\/memo\/productos\/proteccion-individual\/lineas-de-vida-vectaline\/","title":{"rendered":"VECTALINE\u00ae Protecci\u00f3n personal &#8211; L\u00edneas de vida"},"content":{"rendered":"<div class=\"one-half\">\n<h4><a href=\"http:\/\/www.alsolu.com\/es\/productos\/proteccion-personal\/lineas-de-vida-vectaline\/kit-Linea-de-vida-horizontal\/\"><img loading=\"lazy\" class=\"cadre wp-image-2531 alignnone\" title=\"Kit l\u00ednea de vida horizontal\" src=\"http:\/\/www.alsolu.com\/es\/wp-content\/uploads\/sites\/3\/2018\/09\/Kit-l\u00ednea-de-vida-horizontal.jpg\" alt=\"\" width=\"500\" height=\"375\" srcset=\"http:\/\/www.alsolu.com\/es\/wp-content\/uploads\/sites\/3\/2018\/09\/Kit-l\u00ednea-de-vida-horizontal.jpg 800w, http:\/\/www.alsolu.com\/es\/wp-content\/uploads\/sites\/3\/2018\/09\/Kit-l\u00ednea-de-vida-horizontal-300x225.jpg 300w, http:\/\/www.alsolu.com\/es\/wp-content\/uploads\/sites\/3\/2018\/09\/Kit-l\u00ednea-de-vida-horizontal-768x576.jpg 768w, http:\/\/www.alsolu.com\/es\/wp-content\/uploads\/sites\/3\/2018\/09\/Kit-l\u00ednea-de-vida-horizontal-760x570.jpg 760w\" sizes=\"(max-width: 500px) 100vw, 500px\" \/><\/a><\/h4>\n<h4 style=\"text-align: center;\"><a href=\"http:\/\/www.alsolu.com\/es\/productos\/proteccion-personal\/lineas-de-vida-vectaline\/kit-Linea-de-vida-horizontal\/\">Kit l\u00ednea de vida horizontal<\/a><\/h4>\n<\/div>\n<div class=\"one-half column-last\">\n<h4><a href=\"http:\/\/www.alsolu.com\/es\/productos\/proteccion-personal\/lineas-de-vida-vectaline\/linea-de-vida-con-poste-losa-de-hormigon-y-en-estructura-metalica\"><img loading=\"lazy\" class=\"cadre wp-image-2530 alignnone\" title=\"L\u00ednea de vida con poste losa de hormig\u00f3n\/en estructura met\u00e1lica\" src=\"http:\/\/www.alsolu.com\/es\/wp-content\/uploads\/sites\/3\/2018\/09\/L\u00ednea-de-vida-con-poste-losa-de-hormig\u00f3nen-estructura-met\u00e1lica-1.jpg\" alt=\"\" width=\"500\" height=\"375\" srcset=\"http:\/\/www.alsolu.com\/es\/wp-content\/uploads\/sites\/3\/2018\/09\/L\u00ednea-de-vida-con-poste-losa-de-hormig\u00f3nen-estructura-met\u00e1lica-1.jpg 800w, http:\/\/www.alsolu.com\/es\/wp-content\/uploads\/sites\/3\/2018\/09\/L\u00ednea-de-vida-con-poste-losa-de-hormig\u00f3nen-estructura-met\u00e1lica-1-300x225.jpg 300w, http:\/\/www.alsolu.com\/es\/wp-content\/uploads\/sites\/3\/2018\/09\/L\u00ednea-de-vida-con-poste-losa-de-hormig\u00f3nen-estructura-met\u00e1lica-1-768x576.jpg 768w, http:\/\/www.alsolu.com\/es\/wp-content\/uploads\/sites\/3\/2018\/09\/L\u00ednea-de-vida-con-poste-losa-de-hormig\u00f3nen-estructura-met\u00e1lica-1-760x570.jpg 760w\" sizes=\"(max-width: 500px) 100vw, 500px\" \/><\/a><\/h4>\n<h4 style=\"text-align: center;\"><a href=\"http:\/\/www.alsolu.com\/es\/productos\/proteccion-personal\/lineas-de-vida-vectaline\/linea-de-vida-con-poste-losa-de-hormigon-y-en-estructura-metalica\">L\u00ednea de vida con poste losa de hormig\u00f3n\/en estructura met\u00e1lica<\/a><\/h4>\n<\/div><div class=\"clear\"><\/div>\n<div class=\"one-half\">\n<h4><a href=\"http:\/\/www.alsolu.com\/es\/productos\/proteccion-personal\/lineas-de-vida-vectaline\/linea-de-vida-sobre-chapa-de-acero\/\"><img loading=\"lazy\" class=\"cadre wp-image-2528 alignnone\" title=\"L\u00ednea de vida sobre chapa de acero\" src=\"http:\/\/www.alsolu.com\/es\/wp-content\/uploads\/sites\/3\/2018\/09\/L\u00ednea-de-vida-sobre-chapa-de-acero.jpg\" alt=\"\" width=\"500\" height=\"375\" srcset=\"http:\/\/www.alsolu.com\/es\/wp-content\/uploads\/sites\/3\/2018\/09\/L\u00ednea-de-vida-sobre-chapa-de-acero.jpg 800w, http:\/\/www.alsolu.com\/es\/wp-content\/uploads\/sites\/3\/2018\/09\/L\u00ednea-de-vida-sobre-chapa-de-acero-300x225.jpg 300w, http:\/\/www.alsolu.com\/es\/wp-content\/uploads\/sites\/3\/2018\/09\/L\u00ednea-de-vida-sobre-chapa-de-acero-768x576.jpg 768w, http:\/\/www.alsolu.com\/es\/wp-content\/uploads\/sites\/3\/2018\/09\/L\u00ednea-de-vida-sobre-chapa-de-acero-760x570.jpg 760w\" sizes=\"(max-width: 500px) 100vw, 500px\" \/><\/a><\/h4>\n<h4 style=\"text-align: center;\"><a href=\"http:\/\/www.alsolu.com\/es\/productos\/proteccion-personal\/lineas-de-vida-vectaline\/linea-de-vida-sobre-chapa-de-acero\/\">L\u00ednea de vida sobre chapa de acero<\/a><\/h4>\n<\/div>\n<div class=\"one-half column-last\">\n<h4><a href=\"http:\/\/www.alsolu.com\/es\/productos\/proteccion-personal\/lineas-de-vida-vectaline\/linea-de-vida-sobre-chapa-a-impermeabilizar\/\"><img loading=\"lazy\" class=\"cadre wp-image-2526 alignnone\" title=\"L\u00ednea de vida sobre chapa a impermeabilizar\" src=\"http:\/\/www.alsolu.com\/es\/wp-content\/uploads\/sites\/3\/2018\/09\/L\u00ednea-de-vida-sobre-chapa-a-impermeabilizar.jpg\" alt=\"\" width=\"500\" height=\"375\" srcset=\"http:\/\/www.alsolu.com\/es\/wp-content\/uploads\/sites\/3\/2018\/09\/L\u00ednea-de-vida-sobre-chapa-a-impermeabilizar.jpg 800w, http:\/\/www.alsolu.com\/es\/wp-content\/uploads\/sites\/3\/2018\/09\/L\u00ednea-de-vida-sobre-chapa-a-impermeabilizar-300x225.jpg 300w, http:\/\/www.alsolu.com\/es\/wp-content\/uploads\/sites\/3\/2018\/09\/L\u00ednea-de-vida-sobre-chapa-a-impermeabilizar-768x576.jpg 768w, http:\/\/www.alsolu.com\/es\/wp-content\/uploads\/sites\/3\/2018\/09\/L\u00ednea-de-vida-sobre-chapa-a-impermeabilizar-760x570.jpg 760w\" sizes=\"(max-width: 500px) 100vw, 500px\" \/><\/a><\/h4>\n<h4 style=\"text-align: center;\"><a href=\"http:\/\/www.alsolu.com\/es\/productos\/proteccion-personal\/lineas-de-vida-vectaline\/linea-de-vida-sobre-chapa-a-impermeabilizar\/\">L\u00ednea de vida sobre chapa a impermeabilizar<\/a><\/h4>\n<\/div><div class=\"clear\"><\/div>\n<div class=\"one-half\">\n<h4><a href=\"http:\/\/www.alsolu.com\/es\/productos\/proteccion-personal\/lineas-de-vida-vectaline\/linea-de-vida-con-fijacion-mural\/\"><img loading=\"lazy\" class=\"cadre alignnone wp-image-2525\" title=\"L\u00ednea de vida con fijaci\u00f3n mural\" src=\"http:\/\/www.alsolu.com\/es\/wp-content\/uploads\/sites\/3\/2018\/09\/L\u00ednea-de-vida-con-fijaci\u00f3n-mural.jpg\" alt=\"\" width=\"500\" height=\"375\" srcset=\"http:\/\/www.alsolu.com\/es\/wp-content\/uploads\/sites\/3\/2018\/09\/L\u00ednea-de-vida-con-fijaci\u00f3n-mural.jpg 800w, http:\/\/www.alsolu.com\/es\/wp-content\/uploads\/sites\/3\/2018\/09\/L\u00ednea-de-vida-con-fijaci\u00f3n-mural-300x225.jpg 300w, http:\/\/www.alsolu.com\/es\/wp-content\/uploads\/sites\/3\/2018\/09\/L\u00ednea-de-vida-con-fijaci\u00f3n-mural-768x576.jpg 768w, http:\/\/www.alsolu.com\/es\/wp-content\/uploads\/sites\/3\/2018\/09\/L\u00ednea-de-vida-con-fijaci\u00f3n-mural-760x570.jpg 760w\" sizes=\"(max-width: 500px) 100vw, 500px\" \/><\/a><\/h4>\n<h4 style=\"text-align: center;\"><a href=\"http:\/\/www.alsolu.com\/es\/productos\/proteccion-personal\/lineas-de-vida-vectaline\/linea-de-vida-con-fijacion-mural\/\">L\u00ednea de vida con fijaci\u00f3n mural<\/a><\/h4>\n<\/div>\n<div class=\"one-half column-last\">\n<h4><a href=\"http:\/\/www.alsolu.com\/es\/productos\/proteccion-personal\/lineas-de-vida-vectaline\/lineas-de-vida-vectaline\/Linea-de-vida-vertical\/\"><img loading=\"lazy\" class=\"cadre wp-image-2520 alignnone\" title=\"L\u00ednea de vida vertical\" src=\"http:\/\/www.alsolu.com\/es\/wp-content\/uploads\/sites\/3\/2018\/09\/L\u00ednea-de-vida-vertical-1.jpg\" alt=\"\" width=\"500\" height=\"375\" srcset=\"http:\/\/www.alsolu.com\/es\/wp-content\/uploads\/sites\/3\/2018\/09\/L\u00ednea-de-vida-vertical-1.jpg 800w, http:\/\/www.alsolu.com\/es\/wp-content\/uploads\/sites\/3\/2018\/09\/L\u00ednea-de-vida-vertical-1-300x225.jpg 300w, http:\/\/www.alsolu.com\/es\/wp-content\/uploads\/sites\/3\/2018\/09\/L\u00ednea-de-vida-vertical-1-768x576.jpg 768w, http:\/\/www.alsolu.com\/es\/wp-content\/uploads\/sites\/3\/2018\/09\/L\u00ednea-de-vida-vertical-1-760x570.jpg 760w\" sizes=\"(max-width: 500px) 100vw, 500px\" \/><\/a><\/h4>\n<h4 style=\"text-align: center;\"><a href=\"http:\/\/www.alsolu.com\/es\/productos\/proteccion-personal\/lineas-de-vida-vectaline\/lineas-de-vida-vectaline\/Linea-de-vida-vertical\/\">L\u00ednea de vida vertical<\/a><\/h4>\n<\/div><div class=\"clear\"><\/div>\n<p>&nbsp;<\/p>\n","protected":false},"excerpt":{"rendered":"<p>&nbsp;<\/p>\n","protected":false},"author":1,"featured_media":0,"parent":294,"menu_order":0,"comment_status":"closed","ping_status":"closed","template":"template-full-width.php","meta":[],"_links":{"self":[{"href":"http:\/\/www.alsolu.com\/es\/wp-json\/wp\/v2\/pages\/2514"}],"collection":[{"href":"http:\/\/www.alsolu.com\/es\/wp-json\/wp\/v2\/pages"}],"about":[{"href":"http:\/\/www.alsolu.com\/es\/wp-json\/wp\/v2\/types\/page"}],"author":[{"embeddable":true,"href":"http:\/\/www.alsolu.com\/es\/wp-json\/wp\/v2\/users\/1"}],"replies":[{"embeddable":true,"href":"http:\/\/www.alsolu.com\/es\/wp-json\/wp\/v2\/comments?post=2514"}],"version-history":[{"count":7,"href":"http:\/\/www.alsolu.com\/es\/wp-json\/wp\/v2\/pages\/2514\/revisions"}],"predecessor-version":[{"id":2742,"href":"http:\/\/www.alsolu.com\/es\/wp-json\/wp\/v2\/pages\/2514\/revisions\/2742"}],"up":[{"embeddable":true,"href":"http:\/\/www.alsolu.com\/es\/wp-json\/wp\/v2\/pages\/294"}],"wp:attachment":[{"href":"http:\/\/www.alsolu.com\/es\/wp-json\/wp\/v2\/media?parent=2514"}],"curies":[{"name":"wp","href":"https:\/\/api.w.org\/{rel}","templated":true}]}}