{"id":2205,"date":"2014-03-14T10:22:32","date_gmt":"2014-03-14T09:22:32","guid":{"rendered":"http:\/\/www.alsolu.com\/es\/?page_id=2205"},"modified":"2014-03-14T10:31:45","modified_gmt":"2014-03-14T09:31:45","slug":"memo","status":"publish","type":"page","link":"http:\/\/www.alsolu.com\/es\/memo\/","title":{"rendered":"Regulaciones"},"content":{"rendered":"<div class=\"filter-portfolio clearfix\">\n<ul class=\"clearfix\" id=\"filters\">\n<li><a href=\"#quien\"><span>Qui\u00e9n est\u00e1 preocupado ?<\/span><\/a><\/li>\n<li><a href=\"#reglamento\"><span>Reglamento<\/span><\/a><\/li>\n<li><a href=\"#responsable\"><span>Responsable<\/span><\/a><\/li>\n<li><a href=\"#sanciones\"><span>Sanciones<\/span><\/a><\/li>\n<li><a href=\"#equipo\"><span>Equipo<\/span><\/a><\/li>\n<\/ul>\n<\/div>\n<p>\u00ab En Francia, las ca\u00eddas de altura son la segunda causa principal de muerte en el lugar de trabajo y la tercera causa principal de discapacidad permanente y paros laborales.<br \/>\nCon el \u00fanico sector de la construcci\u00f3n, el trabajo en altura es la principal raz\u00f3n de los accidentes. En 2009, las ca\u00eddas desde alturas Were the vivo a causa de la muerte de 49 empleados (35% de los accidentes mortales en la construcci\u00f3n o 1 muerte por cada semana). \u00bb<\/p>\n<p><strong>El origen de las ca\u00eddas de altura en la construcci\u00f3n :<\/strong><\/p>\n<ul>\n<li>trabajo en una plataforma de andamio fue sin barandillas o sin un arn\u00e9s de seguridad fijado correctamente<\/li>\n<li>trabajar en techos d\u00e9biles, escaleras mal cuidadas, mal colocado y \/ o suelto<\/li>\n<li>ca\u00eddas de escaleras Cuando se utiliza como estaci\u00f3n de trabajo 2<\/li>\n<\/ul>\n<p><a name=\"quien\"><\/a><\/p>\n<h1>\u00bfQui\u00e9n est\u00e1 preocupado?<\/h1>\n<p>Las ca\u00eddas desde altura puede ocurrir por los tejados, terrazas de edificios, acceso a moyen de Areas altos (escala, puerta de enlace, etc.) O en torres de alta tensi\u00f3n.<\/p>\n<div dir=\"ltr\"><strong> Las tres escuelas son Concerned :<\/strong><\/div>\n<ul>\n<li>Comercial industrial o agr\u00edcola y sus dependencias,<\/li>\n<li>cargos p\u00fablicos o ministeriales,<\/li>\n<li>profesiones,<\/li>\n<li>sociedades civiles,<\/li>\n<li>trade unions,<\/li>\n<li>sindicatos,<\/li>\n<li>el p\u00fablico industrial y comercial,<\/li>\n<li>instituciones p\u00fablicas fijadas por decreto, al mismo tiempo, proporcionar un servicio de la administraci\u00f3n p\u00fablica, industrial y comercial,<\/li>\n<li>instituciones p\u00fablicas prestadoras de talleres t\u00e9cnicos y formaci\u00f3n profesional.<\/li>\n<\/ul>\n<p><a name=\"reglamento\"><\/a><\/p>\n<h1>\u00bfQu\u00e9 es el Reglamento?<\/h1>\n<p>La prevenci\u00f3n de los riesgos derivados de los trabajos en altura se trata el principio en el C\u00f3digo del Trabajo y el Decreto N \u00ba 65-48 de 8 de enero de 1965.<\/p>\n<ul>\n<li>Incluyendo las olefinas C\u00f3digo del Trabajo que los dispositivos requieren el director en la disposici\u00f3n de los lugares meta aussi las disposiciones aplicables para el cliente comprendidas las del art\u00edculo R.235-3-20 y R.235-especialmente del art\u00edculo 5 establece la obligaci\u00f3n de proporcionar una lugares de trabajo de mantenimiento de registros.<\/li>\n<li>Decreto N \u00ba 65-48 de 8 de enero de 1965, sobre medidas especiales de protecci\u00f3n y seguridad aplicables a las instituciones cuya Realiza edificio trabajo personal, las obras p\u00fablicas y otros trabajos en los edificios, por su parte ofrece una serie de recomendaciones para luchar contra el riesgo de ca\u00eddas de altura .<\/li>\n<li>Decreto N \u00ba 2004-924 de 1 de septiembre de 2004 que modifica el C\u00f3digo del Trabajo, induce un nuevo marco regulatorio. Directiva 2001\/45\/CE de la misma transpuesto 27 de junio 2011 y es una oportunidad para revisar y modernizar el Decreto N \u00ba 65-48 de 8 de enero de 1965. Malthus las dos principales bolsas de debajo de este decreto son:<\/li>\n<li>el establecimiento de una protecci\u00f3n contra las ca\u00eddas desde una altura cualquiera que sea la altura de 3 m como m\u00ednimo y han informado sobre el Decreto N \u00ba 65-48 de 8 de enero de 1965.<\/li>\n<li>Implementaci\u00f3n de dispositivos contra ca\u00eddas de altura a todos los sectores de actividad cubiertos por el C\u00f3digo del Trabajo y no la construcci\u00f3n de Soley industria.<\/li>\n<\/ul>\n<p>En suma, se modifica y actualiza el decreto de 1965 recordando las obligaciones de los contratistas principales y el personal y la gente de seguridad directores coadyuvantes.<br \/>\nDe conformidad con el art\u00edculo L 230.2 del C\u00f3digo de Trabajo, el contratista o el enfoque propietario deberes de Medidas de protecci\u00f3n colectiva em dando prioridad sobre las medidas de protecci\u00f3n individual. Este requisito se especifica en el Decreto del 1 de septiembre de 2004: &#8220;La prevenci\u00f3n de ca\u00eddas de altura se asegura mediante integrada Principalmente barandas o firmemente fijo, r\u00edgido y de resistencia adecuada.&#8221;<\/p>\n<p><a name=\"responsable\"><\/a><\/p>\n<h1>\u00bfQui\u00e9n es responsable?<\/h1>\n<p>Desde el dise\u00f1o de un libro de una obligaci\u00f3n general de organizaci\u00f3n y coordinaci\u00f3n de la prevenci\u00f3n Se aplica a todos los clientes y las partes interesadas: los directores de proyectos, coordinadores, empresas, incluyendo por cuenta propia y en Proveedores..<\/p>\n<p><strong>Obligaciones de la directora :<br \/>\n<\/strong><br \/>\nLa directora es responsable de la seguridad y salud de los empleados tiene protecci\u00f3n Muchas obligaciones contra ca\u00eddas de altura. Estas obligaciones se establecen en el art\u00edculo L.4121-2 del C\u00f3digo de Trabajo Todos los cuales se enumeran a continuaci\u00f3n<\/p>\n<ul>\n<li>evitar riesgos,<\/li>\n<li>Evaluando los Riesgos Todos los que no se puede evitar,<\/li>\n<li>Combatir los riesgos en su origen<\/li>\n<li>Adaptar el trabajo a la persona, especialmente en cuanto a la concepci\u00f3n de los puestos de trabajo y la elecci\u00f3n de los equipos y los m\u00e9todos de trabajo y la producci\u00f3n de trabajo con el fin de limitar en particular el trabajo mon\u00f3tono y el ritmo de trabajo y para reducir los efectos de los mismos en la salud,<\/li>\n<li>aregardless el progreso del estado de la t\u00e9cnica,<\/li>\n<li>reemplazar lo que es peligroso, con lo que no es peligrosa o es menos peligroso,<\/li>\n<li>La integraci\u00f3n de la prevenci\u00f3n mediante la programaci\u00f3n, en un todo coherente, tecnolog\u00eda, organizaci\u00f3n del trabajo, las condiciones de trabajo y las relaciones sociales de las influencias ambientales factoring, incluidos los riesgos relacionados con el acoso y el acoso sexual, como se define en los art\u00edculos L. 1152-1 y L. 1153-1,<\/li>\n<li>tomar las medidas de protecci\u00f3n colectiva em dando prioridad sobre las medidas de protecci\u00f3n individual,<\/li>\n<li>Dar las debidas instrucciones a los trabajadores.<\/li>\n<\/ul>\n<p><strong>Obligaciones del propietario<\/strong><\/p>\n<p>El cliente es responsable de la seguridad de los edificios, antes, y cayendo sobre las TIC efectiva construcci\u00f3n.<\/p>\n<p>La Ley N \u00ba 93-1418 de 31 de diciembre 1993 m\u00e1s olefinas las obligaciones del cliente, incluyendo la obligaci\u00f3n de respetar los principios generales de prevenci\u00f3n desde el dise\u00f1o del edificio.<br \/>\nEl cliente debe ser &#8220;el (DIUO) archivo de respuestas posteriores en el libro,&#8221; \u00c9sta ha sido definida en el art\u00edculo R.238 -37 del C\u00f3digo del Trabajo. Le permite a esta carpeta reunir todos los datos que facilite la prevenci\u00f3n de ca\u00eddas de altura riesgos de caer en las operaciones y el mantenimiento. Para los edificios dise\u00f1ados para acomodar archivos de trabajo de mantenimiento en virtud del art\u00edculo R.235 -5 se integra DIUO Cuando se necesita.<br \/>\nSe debe aussi tiene coordinador de seguridad adicional y protecci\u00f3n de la salud (SPS) Cuando el sitio web implica m\u00e1s de una empresa antes de la fase de desarrollo del proyecto extra\u00f1o.<\/p>\n<p>&nbsp;<br \/>\n<a name=\"sanciones\"><\/a><\/p>\n<h1>\u00bfQu\u00e9 sanciones?<\/h1>\n<p><strong>La responsabilidad penal por todo<br \/>\n<\/strong><br \/>\nEl C\u00f3digo Penal dispone sanciones generales en el caso de:<\/p>\n<ul>\n<li>da\u00f1ado deliberadamente en peligro a la persona de otro,<\/li>\n<li>La falta de descuido, negligencia o incumplimiento del deber de cuidado o seguridad fijadas por la ley o el reglamento.<\/li>\n<\/ul>\n<p>Algunos ejemplos de sanciones: o garant\u00eda establecida por ley o reglamento:<\/p>\n<ul>\n<li>debido a que otros no aptos para el trabajo por m\u00e1s de tres meses puede ser castigado con dos a\u00f1os de prisi\u00f3n y \u20ac 30.000 multa (art\u00edculo 222-19)<\/li>\n<li>causa la muerte de otra Comentarios (homicidio) puede ser castigado con tres a\u00f1os de prisi\u00f3n y una multa de \u20ac 45.000. 4<\/li>\n<\/ul>\n<p><strong>El derecho de desistimiento y el empleado de alerta<\/strong><\/p>\n<p>Advertencia y la retirada existe derecho en beneficio del empleado que tenga motivos razonables para creer que la posici\u00f3n que est\u00e1 en todas las que presentan un peligro grave e inminente para la vida o la salud (Ley n \u00b0 82-1097 del 23\/12\/82 insertado en el C\u00f3digo del Trabajo en los art\u00edculos L.4131-1 y ss.)<br \/>\nEl uso o el cliente puede pedir al empleado que volver a trabajar en un lugar de trabajo Todo lo que sigue siendo un peligro grave e inminente (art\u00edculo L 4131-1 segundo al. C\u00f3digo del Trabajo) y no puede castigar. 5<\/p>\n<p><strong>La orden judicial<br \/>\n<\/strong>Seg\u00fan la jurisprudencia, una empresa no est\u00e1 cumpliendo con las medidas de higiene y de seguridad previstas por el C\u00f3digo de Trabajo, puede verse obligado a tomar las medidas necesarias para restaurar la salud y la seguridad de la normalidad<\/p>\n<p><strong>Deje de Construcci\u00f3n<\/strong><br \/>\nEn caso de carencia o falta de aplicaci\u00f3n de las salvaguardias contra ca\u00eddas de altura, un sitio web puede estar parcial o totalmente Llame detenido por el inspector del trabajo (art\u00edculo L.4731-1). 6<\/p>\n<p><strong>Falta inexcusable<\/strong><br \/>\nEl concepto de negligencia grave ha-sido definida por los tribunales en sentencia de 16 de julio 1941 &#8220;culpa inexcusable un fallo significa agrupaci\u00f3n de gravedad excepcional derivada de una acci\u00f3n u omisi\u00f3n voluntaria de la conciencia de las TIC seguras-que fue el autor, la falta de una significativa porque goal La Ning\u00fan elemento de intenci\u00f3n. 7 &#8220;As\u00ed, el cliente o el uso puede ser sancionado si el concepto de negligencia grave se mantiene (por ejemplo, si la aplicaci\u00f3n de la protecci\u00f3n colectiva hA-ha hecho aunque no t\u00e9cnicamente era posible hacerlo).<\/p>\n<p><a name=\"equipo\"><\/a><\/p>\n<h1>\u00bfQu\u00e9 equipo de configurar<\/h1>\n<p>Como se indica en el C\u00f3digo de Trabajo y el Decreto de 01 de septiembre 2004 se preferir\u00e1n los deberes de protecci\u00f3n colectiva para la protecci\u00f3n personal.<br \/>\nEs obligatorio para implementar funciones de seguridad, barandas seguras y duraderas, deben cumplir con la norma NF E85-015 o EN ISO 14122-3 Europea.<br \/>\nRecuerda la norma:<\/p>\n<ul>\n<li>barandilla debe instalarse lo m\u00e1s pronto posible, la altura de ca\u00edda es superior a 500 mm,<\/li>\n<li>la altura de la pluma de la barandilla debe estar entre 1000 mm y 1100 mm por encima de la superficie de rodadura<\/li>\n<li>el espacio libre entre el brazo y el carril inferior, y entre el carril inferior y el z\u00f3calo debe ser menor o igual a 500 mm.<\/li>\n<li>una altura del z\u00f3calo 100 mm como m\u00ednimo deber\u00e1n instalarse 10 mm de nivel m\u00e1ximo de deambulaci\u00f3n y el borde de la plataforma,<\/li>\n<li>deber\u00edas ser la distancia entre los ejes de los importes se limita a 1.500 mm max,<\/li>\n<li>si el haz es interrumpido, el espacio libre entre dos segmentos de las gu\u00edas deben estar entre 75 mm y 120 mm. Si hay una mayor apertura, una puerta para asegurar la continuidad de la ca\u00edda de seguridad anti \u00ac barandilla debe establecer empresas.<\/li>\n<li>si el establecimiento de una protecci\u00f3n permanente no se puede hacer por razones t\u00e9cnicas, la protecci\u00f3n temporal se puede utilizar, si no pueden ser implementadas por las mismas razones, entonces es necesario un equipo de protecci\u00f3n personal. A continuaci\u00f3n se muestra un diagrama de resumen de la elecci\u00f3n del tipo de protecci\u00f3n.<\/li>\n<\/ul>\n<p><a title=\"Guardrail dimension\" href=\"http:\/\/www.alsolu.com\/es\/wp-content\/uploads\/2014\/01\/dimensions-garde-corps-vectaco.png\" rel=\"prettyPhoto\"><img loading=\"lazy\" title=\"Guardrail dimension\" alt=\"Guardrail dimension\" src=\"http:\/\/www.alsolu.com\/es\/wp-content\/uploads\/2014\/01\/dimensions-garde-corps-vectaco.png\" width=\"482\" height=\"123\" \/><\/a><\/p>\n<h1>O la creaci\u00f3n de equipos?<\/h1>\n<p>El equipo de protecci\u00f3n contra ca\u00eddas de altura debe ser instalado Obviamente Cuando un riesgo de ca\u00edda es posible.<br \/>\nDecreto en septiembre de 2004 se centra en las terrazas alrededor de los edificios. SIN EMBARGO, no se olvide de las b\u00f3vedas de oro aberturas existentes: como tragaluces. De hecho, las aberturas de tesis son un riesgo real de caer y est\u00e1n sujetas a los mismos principios generales de prevenci\u00f3n.<\/p>\n","protected":false},"excerpt":{"rendered":"<p>Qui\u00e9n est\u00e1 preocupado ? Reglamento Responsable Sanciones Equipo \u00ab En Francia, las ca\u00eddas de altura son la segunda causa principal de muerte en el lugar de trabajo y la tercera [&hellip;]<\/p>\n","protected":false},"author":1,"featured_media":0,"parent":0,"menu_order":0,"comment_status":"closed","ping_status":"open","template":"template-full-width.php","meta":[],"_links":{"self":[{"href":"http:\/\/www.alsolu.com\/es\/wp-json\/wp\/v2\/pages\/2205"}],"collection":[{"href":"http:\/\/www.alsolu.com\/es\/wp-json\/wp\/v2\/pages"}],"about":[{"href":"http:\/\/www.alsolu.com\/es\/wp-json\/wp\/v2\/types\/page"}],"author":[{"embeddable":true,"href":"http:\/\/www.alsolu.com\/es\/wp-json\/wp\/v2\/users\/1"}],"replies":[{"embeddable":true,"href":"http:\/\/www.alsolu.com\/es\/wp-json\/wp\/v2\/comments?post=2205"}],"version-history":[{"count":4,"href":"http:\/\/www.alsolu.com\/es\/wp-json\/wp\/v2\/pages\/2205\/revisions"}],"predecessor-version":[{"id":2209,"href":"http:\/\/www.alsolu.com\/es\/wp-json\/wp\/v2\/pages\/2205\/revisions\/2209"}],"wp:attachment":[{"href":"http:\/\/www.alsolu.com\/es\/wp-json\/wp\/v2\/media?parent=2205"}],"curies":[{"name":"wp","href":"https:\/\/api.w.org\/{rel}","templated":true}]}}