{"id":2,"date":"2014-01-23T08:13:54","date_gmt":"2014-01-23T08:13:54","guid":{"rendered":"http:\/\/localhost\/ALSOLU-WP\/?page_id=2"},"modified":"2014-02-10T14:08:04","modified_gmt":"2014-02-10T13:08:04","slug":"presentacion","status":"publish","type":"page","link":"http:\/\/www.alsolu.com\/es\/presentacion\/","title":{"rendered":"Presentaci\u00f3n"},"content":{"rendered":"<h1>ALSOLU<\/h1>\n<p>La sociedad <strong>ALSOLU<\/strong> fue fundada en el a\u00f1o 2010 en Saint-Etienne, regi\u00f3n R\u00f3dano Alpes. El coraz\u00f3n de su actividad se centra en su oficina de estudios de investigaci\u00f3n y desarrollo de productos (anclajes, barandillas, escaleras, pasarelas, l\u00edneas de vida y otros productos para la construci\u00f3n). La sede en Saint-Etienne agrupa la oficina de estudios, el servicio administrativo, comercial, log\u00edstico as\u00ed como parte de la producci\u00f3n (soldadura de aluminio y fabricaci\u00f3n espec\u00edfica).<\/p>\n<h1>Lugar de logist\u00edca y trabajo del aluminio<\/h1>\n<p><strong>AGUERRI<\/strong> creada en 1966, es nuestro socio encargado de una parte de las producciones de ALSOLU. Dispone de una f\u00e1brica de m\u00e1s de 4000 m\u00b2 dedicada al trabajo del aluminio y a una flota de m\u00e1quinas controladas remotamente.<br \/>\nCada a\u00f1o transformamos m\u00e1s de 500 toneladas de aluminio.<\/p>\n<p><strong>ALSOLU &amp; AGUERRI se comprometen con la calidad de sus productos.<\/strong><\/p>\n<p style=\"text-align: left;\"><img loading=\"lazy\" class=\"alignright size-full wp-image-72\" title=\"Desk Veritas Alsolu Aguerri\" alt=\"Desk Veritas Alsolu Aguerri\" src=\"http:\/\/www.alsolu.com\/es\/wp-content\/uploads\/2014\/01\/bureau-veritas-alsolu-aguerri.jpg\" width=\"144\" height=\"78\" \/>AGUERRI cumple con la norma ISO 9001 : 2008 (n\u00famero de certificaci\u00f3n : ES026718). Esta conformidad permite la eficacia en la trazabilidad y la calidad de nuestros productos, cumplir con los requisitos reglamentarios y mejorar la satisfacci\u00f3n de nuestros clientes.<\/p>\n<h3 class=\"section-title\" style=\"margin:30px 0 21px 0;\"><span>Las oficinas<\/span><\/h3>\n<div class=\"one-third\">\n<p><a title=\"Sitio de aguerri producci\u00f3n\" href=\"http:\/\/www.alsolu.com\/es\/wp-content\/uploads\/sites\/2\/2014\/01\/site-f-production-aguerri.jpg\" rel=\"prettyPhoto\"><img loading=\"lazy\" class=\"alignnone size-3-cols wp-image-1475 cadre\" title=\"Sitio de aguerri producci\u00f3n\" alt=\"Sitio de aguerri producci\u00f3n\" src=\"http:\/\/www.alsolu.com\/es\/wp-content\/uploads\/sites\/2\/2014\/01\/site-f-production-aguerri-295x219.jpg\" width=\"295\" height=\"219\" srcset=\"http:\/\/www.alsolu.com\/es\/wp-content\/uploads\/sites\/3\/2014\/01\/site-f-production-aguerri-295x219.jpg 295w, http:\/\/www.alsolu.com\/es\/wp-content\/uploads\/sites\/3\/2014\/01\/site-f-production-aguerri-420x312.jpg 420w\" sizes=\"(max-width: 295px) 100vw, 295px\" \/><\/a><\/p>\n<\/div>\n<div class=\"one-third\">\n<p><a title=\"Oficina\" href=\"http:\/\/www.alsolu.com\/es\/wp-content\/uploads\/sites\/2\/2014\/01\/office.jpg\" rel=\"prettyPhoto\"><img loading=\"lazy\" class=\"alignnone size-3-cols wp-image-1471 cadre\" title=\"Oficina\" alt=\"Oficina\" src=\"http:\/\/www.alsolu.com\/es\/wp-content\/uploads\/sites\/2\/2014\/01\/office-295x219.jpg\" width=\"295\" height=\"219\" srcset=\"http:\/\/www.alsolu.com\/es\/wp-content\/uploads\/sites\/3\/2014\/01\/office-295x219.jpg 295w, http:\/\/www.alsolu.com\/es\/wp-content\/uploads\/sites\/3\/2014\/01\/office-420x312.jpg 420w\" sizes=\"(max-width: 295px) 100vw, 295px\" \/><\/a><\/p>\n<\/div>\n<div class=\"one-third column-last\">\n<p><a title=\"Producci\u00f3n de Oficina\" href=\"http:\/\/www.alsolu.com\/es\/wp-content\/uploads\/sites\/2\/2014\/01\/office-production.jpg\" rel=\"prettyPhoto\"><img loading=\"lazy\" class=\"alignnone  wp-image-1472 cadre\" title=\"Producci\u00f3n de Oficina\" alt=\"Producci\u00f3n de Oficina\" src=\"http:\/\/www.alsolu.com\/es\/wp-content\/uploads\/sites\/2\/2014\/01\/office-production-295x219.jpg\" width=\"295\" height=\"219\" srcset=\"http:\/\/www.alsolu.com\/es\/wp-content\/uploads\/sites\/3\/2014\/01\/office-production-295x219.jpg 295w, http:\/\/www.alsolu.com\/es\/wp-content\/uploads\/sites\/3\/2014\/01\/office-production-420x312.jpg 420w\" sizes=\"(max-width: 295px) 100vw, 295px\" \/><\/a><\/p>\n<\/div><div class=\"clear\"><\/div>\n<h3 class=\"section-title\" style=\"margin:30px 0 21px 0;\"><span>Trabajo del aluminio<\/span><\/h3>\n<div class=\"one-third\">\n<p><a title=\"Escalera de la producci\u00f3n de aluminio\" href=\"http:\/\/www.alsolu.com\/es\/wp-content\/uploads\/sites\/2\/2014\/01\/production-ladder-aluminium.jpg\" rel=\"prettyPhoto\"><img loading=\"lazy\" class=\"alignnone size-3-cols wp-image-1473 cadre\" title=\"Escalera de la producci\u00f3n de aluminio\" alt=\"Escalera de la producci\u00f3n de aluminio\" src=\"http:\/\/www.alsolu.com\/es\/wp-content\/uploads\/sites\/2\/2014\/01\/production-ladder-aluminium-295x219.jpg\" width=\"295\" height=\"219\" srcset=\"http:\/\/www.alsolu.com\/es\/wp-content\/uploads\/sites\/3\/2014\/01\/production-ladder-aluminium-295x219.jpg 295w, http:\/\/www.alsolu.com\/es\/wp-content\/uploads\/sites\/3\/2014\/01\/production-ladder-aluminium-420x312.jpg 420w\" sizes=\"(max-width: 295px) 100vw, 295px\" \/><\/a><\/p>\n<\/div>\n<div class=\"one-third\">\n<p><a title=\"Ladder production\" href=\"http:\/\/www.alsolu.com\/es\/wp-content\/uploads\/sites\/2\/2014\/01\/ladder-production.jpg\" rel=\"prettyPhoto\"><img loading=\"lazy\" class=\"alignnone  wp-image-1470 cadre\" title=\"Producci\u00f3n Ladder\" alt=\"Producci\u00f3n Ladder\" src=\"http:\/\/www.alsolu.com\/es\/wp-content\/uploads\/sites\/2\/2014\/01\/ladder-production-295x219.jpg\" width=\"295\" height=\"219\" srcset=\"http:\/\/www.alsolu.com\/es\/wp-content\/uploads\/sites\/3\/2014\/01\/ladder-production-295x219.jpg 295w, http:\/\/www.alsolu.com\/es\/wp-content\/uploads\/sites\/3\/2014\/01\/ladder-production-420x312.jpg 420w\" sizes=\"(max-width: 295px) 100vw, 295px\" \/><\/a><\/p>\n<\/div>\n<div class=\"one-third column-last\">\n<p><a title=\"Ascensor Escalera\" href=\"http:\/\/www.alsolu.com\/es\/wp-content\/uploads\/sites\/2\/2014\/01\/ladder-elevator.jpg\" rel=\"prettyPhoto\"><img loading=\"lazy\" class=\"alignnone size-3-cols wp-image-1468 cadre\" title=\"Ascensor Escalera\" alt=\"Ascensor Escalera\" src=\"http:\/\/www.alsolu.com\/es\/wp-content\/uploads\/sites\/2\/2014\/01\/ladder-elevator-295x219.jpg\" width=\"295\" height=\"219\" srcset=\"http:\/\/www.alsolu.com\/es\/wp-content\/uploads\/sites\/3\/2014\/01\/ladder-elevator-295x219.jpg 295w, http:\/\/www.alsolu.com\/es\/wp-content\/uploads\/sites\/3\/2014\/01\/ladder-elevator-420x312.jpg 420w\" sizes=\"(max-width: 295px) 100vw, 295px\" \/><\/a><\/p>\n<\/div><div class=\"clear\"><\/div>\n<h3 class=\"section-title\" style=\"margin:30px 0 21px 0;\"><span>Log\u00edstica &amp; Embalaje<\/span><\/h3>\n<div class=\"one-third\">\n<p><a title=\"Stockage escalera de aluminio\" href=\"http:\/\/www.alsolu.com\/es\/wp-content\/uploads\/sites\/2\/2014\/01\/stockage-ladder-aluminium.jpg\" rel=\"prettyPhoto\"><img loading=\"lazy\" class=\"alignnone  wp-image-1476 cadre\" title=\"Stockage escalera de aluminio\" alt=\"Stockage escalera de aluminio\" src=\"http:\/\/www.alsolu.com\/es\/wp-content\/uploads\/sites\/2\/2014\/01\/stockage-ladder-aluminium-295x219.jpg\" width=\"295\" height=\"219\" srcset=\"http:\/\/www.alsolu.com\/es\/wp-content\/uploads\/sites\/3\/2014\/01\/stockage-ladder-aluminium-295x219.jpg 295w, http:\/\/www.alsolu.com\/es\/wp-content\/uploads\/sites\/3\/2014\/01\/stockage-ladder-aluminium-420x312.jpg 420w\" sizes=\"(max-width: 295px) 100vw, 295px\" \/><\/a><\/p>\n<\/div>\n<div class=\"one-third\">\n<p><a title=\"Perfil de escalera de aluminio\" href=\"http:\/\/www.alsolu.com\/es\/wp-content\/uploads\/sites\/2\/2014\/01\/ladder-aluminium-profile.jpg\" rel=\"prettyPhoto\"><img loading=\"lazy\" class=\"alignnone  wp-image-1467 cadre\" title=\"Perfil de escalera de aluminio\" alt=\"Perfil de escalera de aluminio\" src=\"http:\/\/www.alsolu.com\/es\/wp-content\/uploads\/sites\/2\/2014\/01\/ladder-aluminium-profile-295x219.jpg\" width=\"295\" height=\"219\" srcset=\"http:\/\/www.alsolu.com\/es\/wp-content\/uploads\/sites\/3\/2014\/01\/ladder-aluminium-profile-295x219.jpg 295w, http:\/\/www.alsolu.com\/es\/wp-content\/uploads\/sites\/3\/2014\/01\/ladder-aluminium-profile-420x312.jpg 420w\" sizes=\"(max-width: 295px) 100vw, 295px\" \/><\/a><\/p>\n<\/div>\n<div class=\"one-third column-last\">\n<p><a title=\"Embalaje Ladder\" href=\"http:\/\/www.alsolu.com\/es\/wp-content\/uploads\/sites\/2\/2014\/01\/ladder-packaging.jpg\" rel=\"prettyPhoto\"><img loading=\"lazy\" class=\"alignnone  wp-image-1469 cadre\" title=\"Embalaje Ladder\" alt=\"Embalaje Ladder\" src=\"http:\/\/www.alsolu.com\/es\/wp-content\/uploads\/sites\/2\/2014\/01\/ladder-packaging-295x219.jpg\" width=\"295\" height=\"219\" srcset=\"http:\/\/www.alsolu.com\/es\/wp-content\/uploads\/sites\/3\/2014\/01\/ladder-packaging-295x219.jpg 295w, http:\/\/www.alsolu.com\/es\/wp-content\/uploads\/sites\/3\/2014\/01\/ladder-packaging-420x312.jpg 420w\" sizes=\"(max-width: 295px) 100vw, 295px\" \/><\/a><\/p>\n<\/div><div class=\"clear\"><\/div>\n<h1>Nuestros socios<\/h1>\n<p><strong><\/strong>Hemos seleccionado una red de socios fabricantes especialistas en las \u00e1reas de calderer\u00eda, extrusi\u00f3n, la fundici\u00f3n, termocalado y trabajo del vidrio. Todos las fabricaciones cumplen con la norma de calidad ISO 9001.<\/p>\n<div class=\"one-third\">\n<p><a title=\"Welding\" href=\"http:\/\/www.alsolu.com\/es\/wp-content\/uploads\/sites\/2\/2014\/01\/welding.jpg\" rel=\"prettyPhoto\"><img loading=\"lazy\" class=\"alignnone size-3-cols wp-image-1478 cadre\" title=\"Welding\" alt=\"Welding\" src=\"http:\/\/www.alsolu.com\/es\/wp-content\/uploads\/sites\/2\/2014\/01\/welding-295x219.jpg\" width=\"295\" height=\"219\" srcset=\"http:\/\/www.alsolu.com\/es\/wp-content\/uploads\/sites\/3\/2014\/01\/welding-295x219.jpg 295w, http:\/\/www.alsolu.com\/es\/wp-content\/uploads\/sites\/3\/2014\/01\/welding-420x312.jpg 420w\" sizes=\"(max-width: 295px) 100vw, 295px\" \/><\/a><\/p>\n<p><a title=\"Casting\" href=\"http:\/\/www.alsolu.com\/es\/wp-content\/uploads\/sites\/2\/2014\/01\/casting.jpg\" rel=\"prettyPhoto\"><img loading=\"lazy\" class=\"alignnone size-3-cols wp-image-1464 cadre\" title=\"Casting\" alt=\"Casting\" src=\"http:\/\/www.alsolu.com\/es\/wp-content\/uploads\/sites\/2\/2014\/01\/casting-295x219.jpg\" width=\"295\" height=\"219\" srcset=\"http:\/\/www.alsolu.com\/es\/wp-content\/uploads\/sites\/3\/2014\/01\/casting-295x219.jpg 295w, http:\/\/www.alsolu.com\/es\/wp-content\/uploads\/sites\/3\/2014\/01\/casting-420x312.jpg 420w\" sizes=\"(max-width: 295px) 100vw, 295px\" \/><\/a><\/p>\n<\/div>\n<div class=\"one-third\">\n<p><a title=\"Robot Welding\" href=\"http:\/\/www.alsolu.com\/es\/wp-content\/uploads\/sites\/2\/2014\/01\/robot-welding.jpg\" rel=\"prettyPhoto\"><img loading=\"lazy\" class=\"alignnone  wp-image-1474 cadre\" title=\"Robot Welding\" alt=\"Robot Welding\" src=\"http:\/\/www.alsolu.com\/es\/wp-content\/uploads\/sites\/2\/2014\/01\/robot-welding-295x219.jpg\" width=\"295\" height=\"219\" srcset=\"http:\/\/www.alsolu.com\/es\/wp-content\/uploads\/sites\/3\/2014\/01\/robot-welding-295x219.jpg 295w, http:\/\/www.alsolu.com\/es\/wp-content\/uploads\/sites\/3\/2014\/01\/robot-welding-420x312.jpg 420w\" sizes=\"(max-width: 295px) 100vw, 295px\" \/><\/a><\/p>\n<p><a title=\"Thermolaquage\" href=\"http:\/\/www.alsolu.com\/es\/wp-content\/uploads\/sites\/2\/2014\/01\/thermolaquage.jpg\" rel=\"prettyPhoto\"><img loading=\"lazy\" class=\"alignnone size-3-cols wp-image-1477 cadre\" title=\"Thermolaquage\" alt=\"Thermolaquage\" src=\"http:\/\/www.alsolu.com\/es\/wp-content\/uploads\/sites\/2\/2014\/01\/thermolaquage-295x219.jpg\" width=\"295\" height=\"219\" srcset=\"http:\/\/www.alsolu.com\/es\/wp-content\/uploads\/sites\/3\/2014\/01\/thermolaquage-295x219.jpg 295w, http:\/\/www.alsolu.com\/es\/wp-content\/uploads\/sites\/3\/2014\/01\/thermolaquage-420x312.jpg 420w\" sizes=\"(max-width: 295px) 100vw, 295px\" \/><\/a><\/p>\n<\/div>\n<div class=\"one-third column-last\">\n<p><a title=\"Glass\" href=\"http:\/\/www.alsolu.com\/es\/wp-content\/uploads\/sites\/2\/2014\/01\/glass.jpg\" rel=\"prettyPhoto\"><img loading=\"lazy\" class=\"alignnone size-3-cols wp-image-1466 cadre\" title=\"Glass\" alt=\"Glass\" src=\"http:\/\/www.alsolu.com\/es\/wp-content\/uploads\/sites\/2\/2014\/01\/glass-295x219.jpg\" width=\"295\" height=\"219\" \/><\/a><\/p>\n<p><a title=\"Cutting plasma\" href=\"http:\/\/www.alsolu.com\/es\/wp-content\/uploads\/sites\/2\/2014\/01\/cutting-plasma.jpg\" rel=\"prettyPhoto\"><img loading=\"lazy\" class=\"alignnone  wp-image-1465 cadre\" title=\"Cutting plasma\" alt=\"Cutting plasma\" src=\"http:\/\/www.alsolu.com\/es\/wp-content\/uploads\/sites\/2\/2014\/01\/cutting-plasma-295x219.jpg\" width=\"295\" height=\"219\" srcset=\"http:\/\/www.alsolu.com\/es\/wp-content\/uploads\/sites\/3\/2014\/01\/cutting-plasma-295x219.jpg 295w, http:\/\/www.alsolu.com\/es\/wp-content\/uploads\/sites\/3\/2014\/01\/cutting-plasma-420x312.jpg 420w\" sizes=\"(max-width: 295px) 100vw, 295px\" \/><\/a><\/p>\n<\/div><div class=\"clear\"><\/div>\n","protected":false},"excerpt":{"rendered":"<p>ALSOLU La sociedad ALSOLU fue fundada en el a\u00f1o 2010 en Saint-Etienne, regi\u00f3n R\u00f3dano Alpes. El coraz\u00f3n de su actividad se centra en su oficina de estudios de investigaci\u00f3n y [&hellip;]<\/p>\n","protected":false},"author":1,"featured_media":0,"parent":0,"menu_order":0,"comment_status":"closed","ping_status":"open","template":"template-full-width.php","meta":[],"_links":{"self":[{"href":"http:\/\/www.alsolu.com\/es\/wp-json\/wp\/v2\/pages\/2"}],"collection":[{"href":"http:\/\/www.alsolu.com\/es\/wp-json\/wp\/v2\/pages"}],"about":[{"href":"http:\/\/www.alsolu.com\/es\/wp-json\/wp\/v2\/types\/page"}],"author":[{"embeddable":true,"href":"http:\/\/www.alsolu.com\/es\/wp-json\/wp\/v2\/users\/1"}],"replies":[{"embeddable":true,"href":"http:\/\/www.alsolu.com\/es\/wp-json\/wp\/v2\/comments?post=2"}],"version-history":[{"count":36,"href":"http:\/\/www.alsolu.com\/es\/wp-json\/wp\/v2\/pages\/2\/revisions"}],"predecessor-version":[{"id":69,"href":"http:\/\/www.alsolu.com\/es\/wp-json\/wp\/v2\/pages\/2\/revisions\/69"}],"wp:attachment":[{"href":"http:\/\/www.alsolu.com\/es\/wp-json\/wp\/v2\/media?parent=2"}],"curies":[{"name":"wp","href":"https:\/\/api.w.org\/{rel}","templated":true}]}}