{"id":152,"date":"2014-01-23T17:51:00","date_gmt":"2014-01-23T16:51:00","guid":{"rendered":"http:\/\/localhost\/ALSOLU-WP\/?page_id=152"},"modified":"2014-02-10T14:40:35","modified_gmt":"2014-02-10T13:40:35","slug":"montaje","status":"publish","type":"page","link":"http:\/\/www.alsolu.com\/es\/servicios\/montaje\/","title":{"rendered":"Montaje"},"content":{"rendered":"<h1>Montaje<\/h1>\n<h1><a title=\"Montaje\" href=\"http:\/\/www.alsolu.com\/es\/wp-content\/uploads\/sites\/2\/2014\/01\/assembly.jpg\" rel=\"prettyPhoto\"><img loading=\"lazy\" class=\"alignnone  wp-image-1445 cadre\" title=\"Montaje\" alt=\"Montaje\" src=\"http:\/\/www.alsolu.com\/es\/wp-content\/uploads\/sites\/2\/2014\/01\/assembly.jpg\" width=\"920\" height=\"334\" srcset=\"http:\/\/www.alsolu.com\/es\/wp-content\/uploads\/sites\/3\/2014\/01\/assembly.jpg 920w, http:\/\/www.alsolu.com\/es\/wp-content\/uploads\/sites\/3\/2014\/01\/assembly-300x108.jpg 300w, http:\/\/www.alsolu.com\/es\/wp-content\/uploads\/sites\/3\/2014\/01\/assembly-760x275.jpg 760w, http:\/\/www.alsolu.com\/es\/wp-content\/uploads\/sites\/3\/2014\/01\/assembly-440x159.jpg 440w\" sizes=\"(max-width: 920px) 100vw, 920px\" \/><\/a><\/h1>\n<p>Trabajamos con nuestros socios especialistas en trabajos t\u00e9cnicos del sector de la construcci\u00f3n y de instalaci\u00f3n de sistemas antica\u00eddas que disponen de una mano de obra calificada y de una experiencia de referencia en la organizaci\u00f3n y ejecuci\u00f3n de obras de gran envergadura.<\/p>\n<p><strong>Nuestros servicios\u00a0:<\/strong><\/p>\n<ul class=\"gray-link\">\n<li>Puesta en seguridad de obras<\/li>\n<li>Trabajos de gr\u00faa\/ elevaci\u00f3n<\/li>\n<li>Instalaci\u00f3n en altura<\/li>\n<li>Seguimiento de obras<\/li>\n<li>Cumplimiento de especificaciones y de plazos<\/li>\n<li>Recepci\u00f3n de la obra<\/li>\n<\/ul>\n","protected":false},"excerpt":{"rendered":"<p>Montaje Trabajamos con nuestros socios especialistas en trabajos t\u00e9cnicos del sector de la construcci\u00f3n y de instalaci\u00f3n de sistemas antica\u00eddas que disponen de una mano de obra calificada y de [&hellip;]<\/p>\n","protected":false},"author":1,"featured_media":0,"parent":148,"menu_order":0,"comment_status":"closed","ping_status":"open","template":"template-full-width.php","meta":[],"_links":{"self":[{"href":"http:\/\/www.alsolu.com\/es\/wp-json\/wp\/v2\/pages\/152"}],"collection":[{"href":"http:\/\/www.alsolu.com\/es\/wp-json\/wp\/v2\/pages"}],"about":[{"href":"http:\/\/www.alsolu.com\/es\/wp-json\/wp\/v2\/types\/page"}],"author":[{"embeddable":true,"href":"http:\/\/www.alsolu.com\/es\/wp-json\/wp\/v2\/users\/1"}],"replies":[{"embeddable":true,"href":"http:\/\/www.alsolu.com\/es\/wp-json\/wp\/v2\/comments?post=152"}],"version-history":[{"count":10,"href":"http:\/\/www.alsolu.com\/es\/wp-json\/wp\/v2\/pages\/152\/revisions"}],"predecessor-version":[{"id":1976,"href":"http:\/\/www.alsolu.com\/es\/wp-json\/wp\/v2\/pages\/152\/revisions\/1976"}],"up":[{"embeddable":true,"href":"http:\/\/www.alsolu.com\/es\/wp-json\/wp\/v2\/pages\/148"}],"wp:attachment":[{"href":"http:\/\/www.alsolu.com\/es\/wp-json\/wp\/v2\/media?parent=152"}],"curies":[{"name":"wp","href":"https:\/\/api.w.org\/{rel}","templated":true}]}}