{"id":150,"date":"2014-01-23T17:50:38","date_gmt":"2014-01-23T16:50:38","guid":{"rendered":"http:\/\/localhost\/ALSOLU-WP\/?page_id=150"},"modified":"2014-02-10T14:37:21","modified_gmt":"2014-02-10T13:37:21","slug":"oficina-de-proyectos","status":"publish","type":"page","link":"http:\/\/www.alsolu.com\/es\/servicios\/oficina-de-proyectos\/","title":{"rendered":"Oficina de proyectos"},"content":{"rendered":"<h1>\u00bfTiene un proyecto espec\u00edfico?<\/h1>\n<p><strong><\/strong>Nuestra oficina de estudios especializados en ingenier\u00eda mec\u00e1nica dirige su proyecto de la A a la Z. Equipada con softwares de modelizaci\u00f3n en 3D, funciona de la siguiente manera :<\/p>\n<ul class=\"gray-link\">\n<li>Se analizan las espec\u00edficaciones t\u00e9cnicas<\/li>\n<li>Se realiza un estudio previo y una estimaci\u00f3 presupuestaria<\/li>\n<li>Se dimensionan las estructuras de acuerdo a las normas vigentes gracias a un potente equipo inform\u00e1tico y un software de c\u00e1lculo por elemento finito con solver lineal y no lineal<\/li>\n<li>Se realiza un expediente de los planes para la fabricaci\u00f3n y el montaje del proyecto<\/li>\n<li>Se redactan las hojas de c\u00e1lculos para la recepci\u00f3n de las instalaciones por los organismos de control<\/li>\n<li>Se superviza el seguimiento de la fabricaci\u00f3n y de la instalaci\u00f3n hasta la recepci\u00f3n final<\/li>\n<\/ul>\n<h3 class=\"section-title\" style=\"margin:30px 0 21px 0;\"><span>Realizaciones<\/span><\/h3>\n<div class=\"one-third\">\n<p><a title=\"solidworks Capture\" href=\"http:\/\/www.alsolu.com\/es\/wp-content\/uploads\/sites\/2\/2014\/01\/capture-solidworks.jpg\" rel=\"prettyPhoto\"><img loading=\"lazy\" class=\"alignnone size-3-cols wp-image-1449 cadre\" title=\"solidworks Capture\" alt=\"solidworks Capture\" src=\"http:\/\/www.alsolu.com\/es\/wp-content\/uploads\/sites\/2\/2014\/01\/capture-solidworks-295x219.jpg\" width=\"295\" height=\"219\" srcset=\"http:\/\/www.alsolu.com\/es\/wp-content\/uploads\/sites\/3\/2014\/01\/capture-solidworks-295x219.jpg 295w, http:\/\/www.alsolu.com\/es\/wp-content\/uploads\/sites\/3\/2014\/01\/capture-solidworks-420x312.jpg 420w\" sizes=\"(max-width: 295px) 100vw, 295px\" \/><\/a><\/p>\n<p><a title=\"Gantry salvavidas apoyo\" href=\"http:\/\/www.alsolu.com\/es\/wp-content\/uploads\/sites\/2\/2014\/01\/gantry-supporting-lifeline.jpg\" rel=\"prettyPhoto\"><img loading=\"lazy\" class=\"alignnone  wp-image-1451 cadre\" title=\"Gantry salvavidas apoyo\" alt=\"Gantry salvavidas apoyo\" src=\"http:\/\/www.alsolu.com\/es\/wp-content\/uploads\/sites\/2\/2014\/01\/gantry-supporting-lifeline-295x219.jpg\" width=\"295\" height=\"219\" srcset=\"http:\/\/www.alsolu.com\/es\/wp-content\/uploads\/sites\/3\/2014\/01\/gantry-supporting-lifeline-295x219.jpg 295w, http:\/\/www.alsolu.com\/es\/wp-content\/uploads\/sites\/3\/2014\/01\/gantry-supporting-lifeline-420x312.jpg 420w\" sizes=\"(max-width: 295px) 100vw, 295px\" \/><\/a><\/p>\n<p>&nbsp;<\/p>\n<\/div>\n<div class=\"one-third\">\n<p><a title=\"escaleras del Plan\" href=\"http:\/\/www.alsolu.com\/es\/wp-content\/uploads\/sites\/2\/2014\/01\/plan-stairs.jpg\" rel=\"prettyPhoto\"><img loading=\"lazy\" class=\"alignnone  wp-image-1453 cadre\" title=\"escaleras del Plan\" alt=\"escaleras del Plan\" src=\"http:\/\/www.alsolu.com\/es\/wp-content\/uploads\/sites\/2\/2014\/01\/plan-stairs-295x219.jpg\" width=\"295\" height=\"219\" srcset=\"http:\/\/www.alsolu.com\/es\/wp-content\/uploads\/sites\/3\/2014\/01\/plan-stairs-295x219.jpg 295w, http:\/\/www.alsolu.com\/es\/wp-content\/uploads\/sites\/3\/2014\/01\/plan-stairs-420x312.jpg 420w\" sizes=\"(max-width: 295px) 100vw, 295px\" \/><\/a><\/p>\n<p><a title=\"acceso PLATEFORME\" href=\"http:\/\/www.alsolu.com\/es\/wp-content\/uploads\/sites\/2\/2014\/01\/plateforme-acces.jpg\" rel=\"prettyPhoto\"><img loading=\"lazy\" class=\"alignnone size-3-cols wp-image-1454 cadre\" title=\"acceso PLATEFORME\" alt=\"acceso PLATEFORME\" src=\"http:\/\/www.alsolu.com\/es\/wp-content\/uploads\/sites\/2\/2014\/01\/plateforme-acces-295x219.jpg\" width=\"295\" height=\"219\" srcset=\"http:\/\/www.alsolu.com\/es\/wp-content\/uploads\/sites\/3\/2014\/01\/plateforme-acces-295x219.jpg 295w, http:\/\/www.alsolu.com\/es\/wp-content\/uploads\/sites\/3\/2014\/01\/plateforme-acces-420x312.jpg 420w\" sizes=\"(max-width: 295px) 100vw, 295px\" \/><\/a><\/p>\n<\/div>\n<div class=\"one-third column-last\">\n<p><a title=\"Techo de seguridad Ejemplo\" href=\"http:\/\/www.alsolu.com\/es\/wp-content\/uploads\/sites\/2\/2014\/01\/example-security-roof.jpg\" rel=\"prettyPhoto\"><img loading=\"lazy\" class=\"alignnone  wp-image-1450 cadre\" title=\"Techo de seguridad Ejemplo\" alt=\"Techo de seguridad Ejemplo\" src=\"http:\/\/www.alsolu.com\/es\/wp-content\/uploads\/sites\/2\/2014\/01\/example-security-roof-295x219.jpg\" width=\"295\" height=\"219\" srcset=\"http:\/\/www.alsolu.com\/es\/wp-content\/uploads\/sites\/3\/2014\/01\/example-security-roof-295x219.jpg 295w, http:\/\/www.alsolu.com\/es\/wp-content\/uploads\/sites\/3\/2014\/01\/example-security-roof-420x312.jpg 420w\" sizes=\"(max-width: 295px) 100vw, 295px\" \/><\/a><\/p>\n<p><a title=\"casa de baranda\" href=\"http:\/\/www.alsolu.com\/es\/wp-content\/uploads\/sites\/2\/2014\/01\/guardrail-house.jpg\" rel=\"prettyPhoto\"><img loading=\"lazy\" class=\"alignnone  wp-image-1452 cadre\" title=\"casa de baranda\" alt=\"casa de baranda\" src=\"http:\/\/www.alsolu.com\/es\/wp-content\/uploads\/sites\/2\/2014\/01\/guardrail-house-295x219.jpg\" width=\"295\" height=\"219\" srcset=\"http:\/\/www.alsolu.com\/es\/wp-content\/uploads\/sites\/3\/2014\/01\/guardrail-house-295x219.jpg 295w, http:\/\/www.alsolu.com\/es\/wp-content\/uploads\/sites\/3\/2014\/01\/guardrail-house-420x312.jpg 420w\" sizes=\"(max-width: 295px) 100vw, 295px\" \/><\/a><\/p>\n<\/div><div class=\"clear\"><\/div>\n","protected":false},"excerpt":{"rendered":"<p>\u00bfTiene un proyecto espec\u00edfico? Nuestra oficina de estudios especializados en ingenier\u00eda mec\u00e1nica dirige su proyecto de la A a la Z. Equipada con softwares de modelizaci\u00f3n en 3D, funciona de [&hellip;]<\/p>\n","protected":false},"author":1,"featured_media":0,"parent":148,"menu_order":0,"comment_status":"closed","ping_status":"open","template":"template-full-width.php","meta":[],"_links":{"self":[{"href":"http:\/\/www.alsolu.com\/es\/wp-json\/wp\/v2\/pages\/150"}],"collection":[{"href":"http:\/\/www.alsolu.com\/es\/wp-json\/wp\/v2\/pages"}],"about":[{"href":"http:\/\/www.alsolu.com\/es\/wp-json\/wp\/v2\/types\/page"}],"author":[{"embeddable":true,"href":"http:\/\/www.alsolu.com\/es\/wp-json\/wp\/v2\/users\/1"}],"replies":[{"embeddable":true,"href":"http:\/\/www.alsolu.com\/es\/wp-json\/wp\/v2\/comments?post=150"}],"version-history":[{"count":11,"href":"http:\/\/www.alsolu.com\/es\/wp-json\/wp\/v2\/pages\/150\/revisions"}],"predecessor-version":[{"id":1975,"href":"http:\/\/www.alsolu.com\/es\/wp-json\/wp\/v2\/pages\/150\/revisions\/1975"}],"up":[{"embeddable":true,"href":"http:\/\/www.alsolu.com\/es\/wp-json\/wp\/v2\/pages\/148"}],"wp:attachment":[{"href":"http:\/\/www.alsolu.com\/es\/wp-json\/wp\/v2\/media?parent=150"}],"curies":[{"name":"wp","href":"https:\/\/api.w.org\/{rel}","templated":true}]}}