{"id":148,"date":"2014-01-23T17:49:44","date_gmt":"2014-01-23T16:49:44","guid":{"rendered":"http:\/\/localhost\/ALSOLU-WP\/?page_id=148"},"modified":"2014-02-10T14:32:12","modified_gmt":"2014-02-10T13:32:12","slug":"servicios","status":"publish","type":"page","link":"http:\/\/www.alsolu.com\/es\/servicios\/","title":{"rendered":"Servicios"},"content":{"rendered":"<p>Descubra nuestros servicios para sus proyectos :<\/p>\n<ul class=\"gray-link\">\n<li>Nuestra oficina de dise\u00f1o est\u00e1 a su disposici\u00f3n para construir sus productos a medida<\/li>\n<li>Ver nuestra formaci\u00f3n relacionada con el trabajo en altura<\/li>\n<li>Beneficiarse de nuestro know-how para montar sus barandas y la puerta de enlace<\/li>\n<\/ul>\n<h3 class=\"section-title\" style=\"margin:30px 0 21px 0;\"><span>Servicios<\/span><\/h3>\n<div class=\"one-third\">\n<h4 style=\"text-align: center;\">Oficina de proyectos<\/h4>\n<p><a title=\"Oficina de proyectos\" href=\"\/es\/oficina-de-proyectos\"><img loading=\"lazy\" class=\"alignnone  wp-image-1457 cadre\" title=\"Oficina de proyectos\" alt=\"Oficina de proyectos\" src=\"http:\/\/www.alsolu.com\/es\/wp-content\/uploads\/sites\/2\/2014\/01\/design-office-295x196.jpg\" width=\"295\" height=\"196\" \/><\/a><\/p>\n<p style=\"text-align: center;\"><a title=\"Oficina de proyectos\" href=\"\/es\/oficina-de-proyectos\">Descubra nuestra oficina de proyectos<\/a><\/p>\n<\/div>\n<div class=\"one-third\">\n<h4 style=\"text-align: center;\">Formaci\u00f3n<\/h4>\n<p><a title=\"Cursos\" href=\"\/es\/servicios\/cursos\/\"><img loading=\"lazy\" class=\"alignnone size-3-cols wp-image-1458 cadre\" title=\"Cursos\" alt=\"Cursos\" src=\"http:\/\/www.alsolu.com\/es\/wp-content\/uploads\/sites\/2\/2014\/01\/training-295x196.jpg\" width=\"295\" height=\"196\" \/><\/a><\/p>\n<p style=\"text-align: center;\"><a title=\"Cursos\" href=\"\/es\/servicios\/cursos\/\">Consulte nuestro cat\u00e1logo de formaci\u00f3n<\/a><\/p>\n<\/div>\n<div class=\"one-third column-last\">\n<h4 style=\"text-align: center;\">Montaje<\/h4>\n<p><a title=\"Montaje\" href=\"\/es\/montaje\"><img loading=\"lazy\" class=\"alignnone size-3-cols wp-image-1456 cadre\" title=\"Montaje\" alt=\"Montaje\" src=\"http:\/\/www.alsolu.com\/es\/wp-content\/uploads\/sites\/2\/2014\/01\/assembly1-295x196.jpg\" width=\"295\" height=\"196\" \/><\/a><\/p>\n<p style=\"text-align: center;\"><a title=\"Montaje\" href=\"\/es\/montaje\">Descubra nuestro m\u00e9todo de montaje<\/a><\/p>\n<\/div><div class=\"clear\"><\/div>\n","protected":false},"excerpt":{"rendered":"<p>Descubra nuestros servicios para sus proyectos : Nuestra oficina de dise\u00f1o est\u00e1 a su disposici\u00f3n para construir sus productos a medida Ver nuestra formaci\u00f3n relacionada con el trabajo en altura [&hellip;]<\/p>\n","protected":false},"author":1,"featured_media":0,"parent":0,"menu_order":0,"comment_status":"closed","ping_status":"open","template":"template-full-width.php","meta":[],"_links":{"self":[{"href":"http:\/\/www.alsolu.com\/es\/wp-json\/wp\/v2\/pages\/148"}],"collection":[{"href":"http:\/\/www.alsolu.com\/es\/wp-json\/wp\/v2\/pages"}],"about":[{"href":"http:\/\/www.alsolu.com\/es\/wp-json\/wp\/v2\/types\/page"}],"author":[{"embeddable":true,"href":"http:\/\/www.alsolu.com\/es\/wp-json\/wp\/v2\/users\/1"}],"replies":[{"embeddable":true,"href":"http:\/\/www.alsolu.com\/es\/wp-json\/wp\/v2\/comments?post=148"}],"version-history":[{"count":29,"href":"http:\/\/www.alsolu.com\/es\/wp-json\/wp\/v2\/pages\/148\/revisions"}],"predecessor-version":[{"id":1973,"href":"http:\/\/www.alsolu.com\/es\/wp-json\/wp\/v2\/pages\/148\/revisions\/1973"}],"wp:attachment":[{"href":"http:\/\/www.alsolu.com\/es\/wp-json\/wp\/v2\/media?parent=148"}],"curies":[{"name":"wp","href":"https:\/\/api.w.org\/{rel}","templated":true}]}}