{"id":13,"date":"2014-01-23T10:41:29","date_gmt":"2014-01-23T09:41:29","guid":{"rendered":"http:\/\/localhost\/ALSOLU-WP\/?page_id=13"},"modified":"2018-09-03T13:35:25","modified_gmt":"2018-09-03T12:35:25","slug":"inicio","status":"publish","type":"page","link":"http:\/\/www.alsolu.com\/es\/","title":{"rendered":"Inicio"},"content":{"rendered":"<div class=\"one-third\">\n<h4 style=\"text-align: center;\"><a href=\"http:\/\/www.alsolu.com\/es\/productos\/\"><img loading=\"lazy\" class=\"wp-image-2282 size-full alignnone\" src=\"http:\/\/www.alsolu.com\/es\/wp-content\/uploads\/sites\/3\/2018\/09\/gamme-alsolu-1.jpg\" alt=\"\" width=\"300\" height=\"187\" \/><\/a><\/h4>\n<h6 style=\"text-align: left;\"><a title=\"Productos\" href=\"http:\/\/www.alsolu.com\/es\/productos\/\"><strong>UNA AMPLIA GAMA<br \/>\n<\/strong><\/a>Protecci\u00f3n personal, protecci\u00f3n colectiva, techo &#8230;<\/h6>\n<\/div>\n<div class=\"one-third\">\n<h4 style=\"text-align: center;\"><a href=\"https:\/\/fr.calameo.com\/read\/004451900234f4f92982f\"><img loading=\"lazy\" class=\"wp-image-2278 size-full alignnone\" src=\"http:\/\/www.alsolu.com\/es\/wp-content\/uploads\/sites\/3\/2018\/09\/catalogue2018.jpg\" alt=\"\" width=\"295\" height=\"188\" \/><\/a><\/h4>\n<h6 style=\"text-align: left;\"><a title=\"Catalogue 2013 ALSOLU\" href=\"\/documents\/SPA-catalogue-ALSOLU-2018.pdf\"><strong>DESCARGAR EL CATALOGO:<br \/>\n<\/strong><\/a>Descargar nuestras ventas por cat\u00e1logo<\/h6>\n<\/div>\n<div class=\"one-third column-last\">\n<h4 style=\"text-align: center;\"><a href=\"http:\/\/www.alsolu.com\/es\/realizaciones\/\"><img loading=\"lazy\" class=\"wp-image-2281 size-full alignnone\" src=\"http:\/\/www.alsolu.com\/es\/wp-content\/uploads\/sites\/3\/2018\/09\/photo-chantier.jpg\" alt=\"\" width=\"295\" height=\"188\" \/><\/a><\/h4>\n<h6 style=\"text-align: left;\"><a title=\"Realizaciones\" href=\"http:\/\/www.alsolu.com\/es\/realizaciones\/\"><strong>Nuestros \u00faltimos productos:<br \/>\n<\/strong><\/a>Proyectos recientes, el trabajo y los logros de excepci\u00f3n<\/h6>\n<\/div><div class=\"clear\"><\/div>\n<h3 class=\"section-title\" style=\"margin:30px 0 21px 0;\"><span>ALSOLU<\/span><\/h3>\n<div id=\"gt-res-content\">\n<div dir=\"ltr\">Dise\u00f1ador y fabricante de dispositivos de aluminio contra ca\u00eddas de altura: Barandillas, Cuerdas, Anclajes, Gateways, Arneses y PPE &#8230;<\/div>\n<div dir=\"ltr\"><\/div>\n<\/div>\n\n<div class=\"tabgroup clearfix\"><ul class=\"tabs clearfix\"><li><a href=\"#tabs-1\">ESPECIALIDADES<\/a><\/li>\n<li><a href=\"#tabs-2\">SEGMENTO<\/a><\/li>\n<li><a href=\"#tabs-3\">SERVICIO<\/a><\/li>\n<li><a href=\"#tabs-4\">COMPROMISO<\/a><\/li>\n<li><a href=\"#tabs-5\">REACTIVIDAD<\/a><\/li><\/ul>\n<div id=\"tabs-1\">La seguridad de las personas que trabajan en altura (con barandas de aluminio, escaleras de aluminio, escalera enjaulada, techador escalera, escalera de techo, anclajes, pasarela de aluminio, l\u00ednea de vida &#8230;).<\/div>\n<div id=\"tabs-2\">El edificio y la renovaci\u00f3n y nueva construcci\u00f3n en todo el sellado y sellado construcci\u00f3n azotea, acceso al techo y el techo circulaci\u00f3n.<\/div>\n<div id=\"tabs-3\">Para la soluci\u00f3n cualitativa y econ\u00f3mica, nuestro techo departamento de investigaci\u00f3n, compuesto por ingenieros y especialistas en tejado plano y fachada, desarrolla soluciones, pr\u00e1ctico, confiable e innovadora en asociaci\u00f3n con los instaladores profesionales (techadores, techadores &#8230;).<\/p>\n<p>Guardaespaldas de expertos siempre es exacta, mientras que ser creativo, ayudamos a los arquitectos, contratistas y clientes en la consecuci\u00f3n de sus proyectos de construcci\u00f3n y desarrollo de la cubierta vegetal o sellado la losa &#8230; a medida listo para instalar .<\/div>\n<div id=\"tabs-4\">Dise\u00f1o y fabricaci\u00f3n de alta calidad son los par\u00e1metros esenciales de nuestros productos de seguridad. Cumplen con los est\u00e1ndares NF E85-015 Protecci\u00f3n contra ca\u00eddas colectiva, y se pueden adaptar para la protecci\u00f3n personal (azotea, balc\u00f3n &#8230;) de acero y \/ o vidrio.<\/p>\n<p>Toda nuestra producci\u00f3n se hace de piezas extruidas o moldeadas libres de soldaduras. El acabado del sistema de aluminio se puede suministrar crudo o con recubrimiento de polvo &#8230; soluci\u00f3n que se recomienda en ambientes particularmente agresivos (industria petroqu\u00edmica, mar &#8230;).<\/div>\n<div id=\"tabs-5\">Te invitamos a descubrir toda nuestra barandilla, nuestras configuraciones de oferta y modelo adaptado durante ciertos logros &#8230; la innovaci\u00f3n constante para el servicio optimizado.<\/div><\/div>\n\n<p>Para cualquier pregunta, no dude en ponerse en contacto con nosotros; Nuestro departamento de ventas est\u00e1 a su disposici\u00f3n para dar a sus expectativas en el menor tiempo posible.<\/p>\n<p>Alsolu, la soluci\u00f3n de seguridad.<\/p>\n","protected":false},"excerpt":{"rendered":"<p>Dise\u00f1ador y fabricante de dispositivos de aluminio contra ca\u00eddas de altura: Barandillas, Cuerdas, Anclajes, Gateways, Arneses y PPE &#8230; Para cualquier pregunta, no dude en ponerse en contacto con nosotros; [&hellip;]<\/p>\n","protected":false},"author":1,"featured_media":0,"parent":0,"menu_order":0,"comment_status":"closed","ping_status":"open","template":"template-home-slider.php","meta":[],"_links":{"self":[{"href":"http:\/\/www.alsolu.com\/es\/wp-json\/wp\/v2\/pages\/13"}],"collection":[{"href":"http:\/\/www.alsolu.com\/es\/wp-json\/wp\/v2\/pages"}],"about":[{"href":"http:\/\/www.alsolu.com\/es\/wp-json\/wp\/v2\/types\/page"}],"author":[{"embeddable":true,"href":"http:\/\/www.alsolu.com\/es\/wp-json\/wp\/v2\/users\/1"}],"replies":[{"embeddable":true,"href":"http:\/\/www.alsolu.com\/es\/wp-json\/wp\/v2\/comments?post=13"}],"version-history":[{"count":99,"href":"http:\/\/www.alsolu.com\/es\/wp-json\/wp\/v2\/pages\/13\/revisions"}],"predecessor-version":[{"id":2279,"href":"http:\/\/www.alsolu.com\/es\/wp-json\/wp\/v2\/pages\/13\/revisions\/2279"}],"wp:attachment":[{"href":"http:\/\/www.alsolu.com\/es\/wp-json\/wp\/v2\/media?parent=13"}],"curies":[{"name":"wp","href":"https:\/\/api.w.org\/{rel}","templated":true}]}}