{"id":1029,"date":"2014-01-29T15:41:38","date_gmt":"2014-01-29T14:41:38","guid":{"rendered":"http:\/\/www.alsolu.com\/es\/?page_id=1029"},"modified":"2021-02-25T10:23:53","modified_gmt":"2021-02-25T09:23:53","slug":"menciones-legales","status":"publish","type":"page","link":"http:\/\/www.alsolu.com\/es\/menciones-legales\/","title":{"rendered":"Menciones Legales"},"content":{"rendered":"<h3>Informations sur la soci\u00e9t\u00e9<\/h3>\n<p>Le pr\u00e9sent site est la propri\u00e9t\u00e9 de la Soci\u00e9t\u00e9 Delta Plus Services.<\/p>\n<p>SAS au capital de 6.560.000 Euros<br \/>\nSi\u00e8ge social : ZAC La Peyroli\u00e8re &#8211; BP140 &#8211; 84405 APT Cedex<br \/>\nImmatricul\u00e9e au Registre du commerce et des soci\u00e9t\u00e9s d\u2019Avignon\u00a0sous le num\u00e9ro 529 319 980<br \/>\nSIRET : 529 319 980 000 23<br \/>\nN\u00b0 identifiant TVA : FR 15 529 319 980<\/p>\n<p>T\u00e9l. : 04 90 74 20 33<br \/>\nE-mail : information@deltaplus.fr<\/p>\n<p>Directeur de la publication : J. Benoit<\/p>\n<p>Editeur : Delta Plus services<\/p>\n<p>Prestataire technique (h\u00e9bergeur) :<\/p>\n<p>Delta Plus Services<br \/>\nZAC La Peyroli\u00e8re<br \/>\nBP140<br \/>\n84405 APT Cedex<br \/>\nT\u00e9l : 04 90 74 20 33<\/p>\n<p>\u00a9 DELTA PLUS 2015<\/p>\n<h3>Propri\u00e9t\u00e9 intellectuelle<\/h3>\n<p>Le site www.alsolu.com ainsi que l\u2019ensemble des contenus, qu\u2019il s\u2019agisse de textes, images, logos, graphiques, vid\u00e9os, photographies, la mise en page, ou tout autre \u00e9l\u00e9ment distinctif sont la propri\u00e9t\u00e9 de DELTA PLUS, ou de tiers ayant conc\u00e9d\u00e9 \u00e0 DELTA PLUS un droit d\u2019utilisation et\/ou de diffusion.<\/p>\n<p>Cet ensemble constitue une \u0153uvre au sens du Code de la Propri\u00e9t\u00e9 Intellectuelle et est, \u00e0 ce titre, prot\u00e9g\u00e9 par les droits d\u2019auteur et tout autre droit de propri\u00e9t\u00e9 intellectuelle ou industrielle qui leurs sont reconnus selon les lois en vigueur. Le pr\u00e9sent site et l\u2019ensemble de son contenu ne peuvent \u00eatre exploit\u00e9s qu\u2019avec une autorisation pr\u00e9alable.<\/p>\n<p>Toute modification, repr\u00e9sentation et reproduction int\u00e9grale ou partielle, pour un usage autre que priv\u00e9 est formellement interdite. Cette interdiction vaut quel que soit le support, le proc\u00e9d\u00e9 de reproduction, de repr\u00e9sentation et\/ou de modification et quelle qu\u2019en soit la dur\u00e9e.<\/p>\n<h3>S\u00e9curit\u00e9 et confidentialit\u00e9<\/h3>\n<p>Les donn\u00e9es personnelles et confidentielles que vous nous indiquez sont destin\u00e9es au traitement. Ces donn\u00e9es ne sauraient \u00eatre c\u00e9d\u00e9es ou lou\u00e9es \u00e0 des tiers.<\/p>\n<p>Conform\u00e9ment \u00e0 la l\u00e9gislation en vigueur, vous disposez \u00e0 tout moment d\u2019un droit d\u2019acc\u00e8s, de modification, de rectification et de suppression des donn\u00e9es nominatives qui vous concernent, en adressant votre demande par courrier \u00e0 l\u2019adresse suivante : ZAC La Peyroli\u00e8re &#8211; BP140 &#8211; 84405 APT Cedex ou par mail \u00e0 l\u2019adresse information@deltaplus.fr en indiquant vos noms, pr\u00e9noms, ainsi que votre adresse \u00e9lectronique.<\/p>\n<p>Nous avons adopt\u00e9 le proc\u00e9d\u00e9 de cryptage SSL qui assure la confidentialit\u00e9 des donn\u00e9es (https).<\/p>\n<p>Les donn\u00e9es personnelles collect\u00e9es sur notre site sont utilis\u00e9es pour r\u00e9aliser le traitement des commandes et g\u00e9rer la relation commerciale (livraisons, factures, service apr\u00e8s-vente).<\/p>\n<p>Nous pouvons \u00e9galement utiliser vos donn\u00e9es \u00e0 des fins publicitaires, soit apr\u00e8s avoir recueilli votre consentement expr\u00e8s, soit dans les limites autoris\u00e9es par la loi. Nous sommes \u00e9galement susceptibles d\u2019utiliser vos donn\u00e9es pour satisfaire le cas \u00e9ch\u00e9ant \u00e0 nos obligations l\u00e9gales et\/ou r\u00e9glementaires.<\/p>\n<p>Les destinataires de vos donn\u00e9es \u00e0 caract\u00e8re personnel collect\u00e9es sur notre site sont en tout premier lieu nous-m\u00eames pour le traitement de vos commandes et la gestion de la relation client. D\u2019autres destinataires de vos donn\u00e9es personnelles sont, le cas \u00e9ch\u00e9ant, nos prestataires de moyens de paiement ou de s\u00e9curisation des paiements, nos prestataires de livraison, nos partenaires commerciaux.<\/p>\n<p>Dans le cas o\u00f9 cela est exig\u00e9 par la loi, votre consentement est recueilli ou une possibilit\u00e9 de refus vous est am\u00e9nag\u00e9e avant toute transmission de donn\u00e9es.<\/p>\n","protected":false},"excerpt":{"rendered":"<p>Informations sur la soci\u00e9t\u00e9 Le pr\u00e9sent site est la propri\u00e9t\u00e9 de la Soci\u00e9t\u00e9 Delta Plus Services. SAS au capital de 6.560.000 Euros Si\u00e8ge social : ZAC La Peyroli\u00e8re &#8211; BP140 [&hellip;]<\/p>\n","protected":false},"author":1,"featured_media":0,"parent":0,"menu_order":0,"comment_status":"closed","ping_status":"open","template":"template-full-width.php","meta":[],"_links":{"self":[{"href":"http:\/\/www.alsolu.com\/es\/wp-json\/wp\/v2\/pages\/1029"}],"collection":[{"href":"http:\/\/www.alsolu.com\/es\/wp-json\/wp\/v2\/pages"}],"about":[{"href":"http:\/\/www.alsolu.com\/es\/wp-json\/wp\/v2\/types\/page"}],"author":[{"embeddable":true,"href":"http:\/\/www.alsolu.com\/es\/wp-json\/wp\/v2\/users\/1"}],"replies":[{"embeddable":true,"href":"http:\/\/www.alsolu.com\/es\/wp-json\/wp\/v2\/comments?post=1029"}],"version-history":[{"count":7,"href":"http:\/\/www.alsolu.com\/es\/wp-json\/wp\/v2\/pages\/1029\/revisions"}],"predecessor-version":[{"id":3154,"href":"http:\/\/www.alsolu.com\/es\/wp-json\/wp\/v2\/pages\/1029\/revisions\/3154"}],"wp:attachment":[{"href":"http:\/\/www.alsolu.com\/es\/wp-json\/wp\/v2\/media?parent=1029"}],"curies":[{"name":"wp","href":"https:\/\/api.w.org\/{rel}","templated":true}]}}